{"id":9993,"date":"2025-09-22T15:42:53","date_gmt":"2025-09-22T20:42:53","guid":{"rendered":"https:\/\/cruzcartrade.com\/?post_type=product&#038;p=9993"},"modified":"2025-09-22T18:10:04","modified_gmt":"2025-09-22T23:10:04","slug":"manija-interna-apertura-de-capo-universal-adaptable-para-guaya-cable","status":"publish","type":"product","link":"https:\/\/cruzcartrade.com\/es_CO\/product\/manija-interna-apertura-de-capo-universal-adaptable-para-guaya-cable\/","title":{"rendered":"MANIJA INTERNA APERTURA CAP\u00d3 UNIVERSAL PARA GUAYA PL\u00c1STICA"},"content":{"rendered":"<p>Manija Interna Apertura de Cap\u00f3 Universal Adaptable para Guaya Cable Delantera Material: Pl\u00e1stico \/ Metal resistente, Color: Negro. (Las fotos de las publicaciones son de uso exclusivo y propiedad CRUZ CAR TRADE S.A.S.) Fontib\u00f3n, Bogot\u00e1 D.c. Ten presente que las im\u00e1genes del producto publicado son fotos de referencia y no corresponden necesariamente a la posici\u00f3n real.<\/p>\n","protected":false},"excerpt":{"rendered":"<p>Manija Interna Apertura de Cap\u00f3 Universal Adaptable para Guaya Cable Delantera Material: Pl\u00e1stico \/ Metal resistente, Color: Negro. (Las fotos de las publicaciones son de uso exclusivo y propiedad CRUZ CAR TRADE S.A.S.) Fontib\u00f3n, Bogot\u00e1 D.c. Ten presente que las im\u00e1genes del producto publicado son fotos de referencia y no corresponden necesariamente a la posici\u00f3n real.<\/p>\n","protected":false},"featured_media":9994,"comment_status":"open","ping_status":"closed","template":"","meta":[],"product_brand":[],"product_cat":[189],"product_tag":[],"class_list":{"0":"post-9993","1":"product","2":"type-product","3":"status-publish","4":"has-post-thumbnail","6":"product_cat-manija-internas-capo","8":"first","9":"instock","10":"shipping-taxable","11":"purchasable","12":"product-type-simple"},"aioseo_notices":[],"_links":{"self":[{"href":"https:\/\/cruzcartrade.com\/es_CO\/wp-json\/wp\/v2\/product\/9993","targetHints":{"allow":["GET"]}}],"collection":[{"href":"https:\/\/cruzcartrade.com\/es_CO\/wp-json\/wp\/v2\/product"}],"about":[{"href":"https:\/\/cruzcartrade.com\/es_CO\/wp-json\/wp\/v2\/types\/product"}],"replies":[{"embeddable":true,"href":"https:\/\/cruzcartrade.com\/es_CO\/wp-json\/wp\/v2\/comments?post=9993"}],"wp:featuredmedia":[{"embeddable":true,"href":"https:\/\/cruzcartrade.com\/es_CO\/wp-json\/wp\/v2\/media\/9994"}],"wp:attachment":[{"href":"https:\/\/cruzcartrade.com\/es_CO\/wp-json\/wp\/v2\/media?parent=9993"}],"wp:term":[{"taxonomy":"product_brand","embeddable":true,"href":"https:\/\/cruzcartrade.com\/es_CO\/wp-json\/wp\/v2\/product_brand?post=9993"},{"taxonomy":"product_cat","embeddable":true,"href":"https:\/\/cruzcartrade.com\/es_CO\/wp-json\/wp\/v2\/product_cat?post=9993"},{"taxonomy":"product_tag","embeddable":true,"href":"https:\/\/cruzcartrade.com\/es_CO\/wp-json\/wp\/v2\/product_tag?post=9993"}],"curies":[{"name":"wp","href":"https:\/\/api.w.org\/{rel}","templated":true}]}}