{"id":9845,"date":"2025-09-12T12:41:23","date_gmt":"2025-09-12T17:41:23","guid":{"rendered":"https:\/\/cruzcartrade.com\/?post_type=product&#038;p=9845"},"modified":"2025-09-12T15:50:57","modified_gmt":"2025-09-12T20:50:57","slug":"manija-elevavidrios-chevrolet-luv-1600-y-2300","status":"publish","type":"product","link":"https:\/\/cruzcartrade.com\/es_CO\/product\/manija-elevavidrios-chevrolet-luv-1600-y-2300\/","title":{"rendered":"MANIJA VIDRIO CHEVROLET LUV 1.6 &#8211; 2.3 CAMEL PL\u00c1STICA"},"content":{"rendered":"<p>Manija elevavidrios Chevrolet Luv 1.600 y 2.300 Material: Pl\u00e1stico con buje met\u00e1lico, Color: Camel. (Las fotos de las publicaciones son de uso exclusivo y propiedad CRUZ CAR TRADE S.A.S.) Ten presente que las im\u00e1genes del producto publicado son fotos de referencia y no corresponden necesariamente a la posici\u00f3n real.<\/p>\n","protected":false},"excerpt":{"rendered":"<p>Manija elevavidrios Chevrolet Luv 1.600 y 2.300 Material: Pl\u00e1stico con buje met\u00e1lico, Color: Camel. (Las fotos de las publicaciones son de uso exclusivo y propiedad CRUZ CAR TRADE S.A.S.) Ten presente que las im\u00e1genes del producto publicado son fotos de referencia y no corresponden necesariamente a la posici\u00f3n real.<\/p>\n","protected":false},"featured_media":9846,"comment_status":"open","ping_status":"closed","template":"","meta":[],"product_brand":[80],"product_cat":[84],"product_tag":[],"class_list":{"0":"post-9845","1":"product","2":"type-product","3":"status-publish","4":"has-post-thumbnail","6":"product_brand-chevrolet","7":"product_cat-manijas-elevavidrios","9":"first","10":"instock","11":"shipping-taxable","12":"purchasable","13":"product-type-simple"},"aioseo_notices":[],"_links":{"self":[{"href":"https:\/\/cruzcartrade.com\/es_CO\/wp-json\/wp\/v2\/product\/9845","targetHints":{"allow":["GET"]}}],"collection":[{"href":"https:\/\/cruzcartrade.com\/es_CO\/wp-json\/wp\/v2\/product"}],"about":[{"href":"https:\/\/cruzcartrade.com\/es_CO\/wp-json\/wp\/v2\/types\/product"}],"replies":[{"embeddable":true,"href":"https:\/\/cruzcartrade.com\/es_CO\/wp-json\/wp\/v2\/comments?post=9845"}],"wp:featuredmedia":[{"embeddable":true,"href":"https:\/\/cruzcartrade.com\/es_CO\/wp-json\/wp\/v2\/media\/9846"}],"wp:attachment":[{"href":"https:\/\/cruzcartrade.com\/es_CO\/wp-json\/wp\/v2\/media?parent=9845"}],"wp:term":[{"taxonomy":"product_brand","embeddable":true,"href":"https:\/\/cruzcartrade.com\/es_CO\/wp-json\/wp\/v2\/product_brand?post=9845"},{"taxonomy":"product_cat","embeddable":true,"href":"https:\/\/cruzcartrade.com\/es_CO\/wp-json\/wp\/v2\/product_cat?post=9845"},{"taxonomy":"product_tag","embeddable":true,"href":"https:\/\/cruzcartrade.com\/es_CO\/wp-json\/wp\/v2\/product_tag?post=9845"}],"curies":[{"name":"wp","href":"https:\/\/api.w.org\/{rel}","templated":true}]}}