{"id":9704,"date":"2025-08-28T18:04:16","date_gmt":"2025-08-28T23:04:16","guid":{"rendered":"https:\/\/cruzcartrade.com\/?post_type=product&#038;p=9704"},"modified":"2025-09-12T10:33:19","modified_gmt":"2025-09-12T15:33:19","slug":"taladro-percutor-total-mandril-710-w","status":"publish","type":"product","link":"https:\/\/cruzcartrade.com\/es_CO\/product\/taladro-percutor-total-mandril-710-w\/","title":{"rendered":"TALADRO PERCUTOR TOTAL MANDRIL 1\/2&#8243; 710W DE CABLE"},"content":{"rendered":"<p>Motor de 710W para perforaciones r\u00e1pidas y precisas, velocidad variable de 0-2800 rpm, ajust\u00e1ndose a diferentes materiales. Funci\u00f3n percutora para trabajar sobre superficies duras como concreto y mamposter\u00eda. Capacidad de perforaci\u00f3n de 1\/2&#8243; , ideal para proyectos industriales y de construcci\u00f3n. Interruptor de avance\/reverso , perfecto para atornillar y desatornillar con facilidad. Incluye mango auxiliar, ofreciendo mayor estabilidad y control en cada perforaci\u00f3n. Color: Turquesa. (Las fotos de las publicaciones son de uso exclusivo y propiedad CRUZ CAR TRADE S.A.S.) Ten presente que las im\u00e1genes del producto publicado son fotos de referencia y no corresponden necesariamente a la posici\u00f3n real.<\/p>\n","protected":false},"excerpt":{"rendered":"<p>Motor de 710W para perforaciones r\u00e1pidas y precisas, velocidad variable de 0-2800 rpm, ajust\u00e1ndose a diferentes materiales. Funci\u00f3n percutora para trabajar sobre superficies duras como concreto y mamposter\u00eda. Capacidad de perforaci\u00f3n de 1\/2&#8243; , ideal para proyectos industriales y de construcci\u00f3n. Interruptor de avance\/reverso , perfecto para atornillar y desatornillar con facilidad. Incluye mango auxiliar, ofreciendo mayor estabilidad y control en cada perforaci\u00f3n. Color: Turquesa. (Las fotos de las publicaciones son de uso exclusivo y propiedad CRUZ CAR TRADE S.A.S.) Ten presente que las im\u00e1genes del producto publicado son fotos de referencia y no corresponden necesariamente a la posici\u00f3n real.<\/p>\n","protected":false},"featured_media":9707,"comment_status":"open","ping_status":"closed","template":"","meta":[],"product_brand":[63],"product_cat":[148],"product_tag":[],"class_list":{"0":"post-9704","1":"product","2":"type-product","3":"status-publish","4":"has-post-thumbnail","6":"product_brand-total-herramientas","7":"product_cat-taladros-con-cable","9":"first","10":"instock","11":"sale","12":"shipping-taxable","13":"purchasable","14":"product-type-variable"},"aioseo_notices":[],"_links":{"self":[{"href":"https:\/\/cruzcartrade.com\/es_CO\/wp-json\/wp\/v2\/product\/9704","targetHints":{"allow":["GET"]}}],"collection":[{"href":"https:\/\/cruzcartrade.com\/es_CO\/wp-json\/wp\/v2\/product"}],"about":[{"href":"https:\/\/cruzcartrade.com\/es_CO\/wp-json\/wp\/v2\/types\/product"}],"replies":[{"embeddable":true,"href":"https:\/\/cruzcartrade.com\/es_CO\/wp-json\/wp\/v2\/comments?post=9704"}],"wp:featuredmedia":[{"embeddable":true,"href":"https:\/\/cruzcartrade.com\/es_CO\/wp-json\/wp\/v2\/media\/9707"}],"wp:attachment":[{"href":"https:\/\/cruzcartrade.com\/es_CO\/wp-json\/wp\/v2\/media?parent=9704"}],"wp:term":[{"taxonomy":"product_brand","embeddable":true,"href":"https:\/\/cruzcartrade.com\/es_CO\/wp-json\/wp\/v2\/product_brand?post=9704"},{"taxonomy":"product_cat","embeddable":true,"href":"https:\/\/cruzcartrade.com\/es_CO\/wp-json\/wp\/v2\/product_cat?post=9704"},{"taxonomy":"product_tag","embeddable":true,"href":"https:\/\/cruzcartrade.com\/es_CO\/wp-json\/wp\/v2\/product_tag?post=9704"}],"curies":[{"name":"wp","href":"https:\/\/api.w.org\/{rel}","templated":true}]}}