{"id":13997,"date":"2026-04-28T13:10:55","date_gmt":"2026-04-28T18:10:55","guid":{"rendered":"https:\/\/cruzcartrade.com\/?post_type=product&#038;p=13997"},"modified":"2026-04-28T13:11:23","modified_gmt":"2026-04-28T18:11:23","slug":"manija-vidrio-mitsubishi-canter-plastica","status":"publish","type":"product","link":"https:\/\/cruzcartrade.com\/es_CO\/product\/manija-vidrio-mitsubishi-canter-plastica\/","title":{"rendered":"MANIJA VIDRIO MITSUBISHI CANTER PL\u00c1STICA"},"content":{"rendered":"<p>Manija elevavidrios Mitsubishi L200, L300 Canter Pl\u00e1stica. Material: Pl\u00e1stico resistente, Color: Gris Oscuro. (Las fotos de las publicaciones son de uso exclusivo y propiedad CRUZ CAR TRADE S.A.S.) Ten presente que las im\u00e1genes del producto publicado son fotos de referencia y no corresponden necesariamente a la posici\u00f3n real.<\/p>\n","protected":false},"excerpt":{"rendered":"<p>Manija elevavidrios Mitsubishi L200, L300 Canter Pl\u00e1stica. Material: Pl\u00e1stico resistente, Color: Gris Oscuro. (Las fotos de las publicaciones son de uso exclusivo y propiedad CRUZ CAR TRADE S.A.S.) Ten presente que las im\u00e1genes del producto publicado son fotos de referencia y no corresponden necesariamente a la posici\u00f3n real.<\/p>\n","protected":false},"featured_media":10306,"comment_status":"open","ping_status":"closed","template":"","meta":[],"product_brand":[187],"product_cat":[84,16],"product_tag":[],"class_list":{"0":"post-13997","1":"product","2":"type-product","3":"status-publish","4":"has-post-thumbnail","6":"product_brand-mitsubishi","7":"product_cat-manijas-elevavidrios","8":"product_cat-vehiculos-livianos","10":"first","11":"instock","12":"shipping-taxable","13":"purchasable","14":"product-type-simple"},"aioseo_notices":[],"_links":{"self":[{"href":"https:\/\/cruzcartrade.com\/es_CO\/wp-json\/wp\/v2\/product\/13997","targetHints":{"allow":["GET"]}}],"collection":[{"href":"https:\/\/cruzcartrade.com\/es_CO\/wp-json\/wp\/v2\/product"}],"about":[{"href":"https:\/\/cruzcartrade.com\/es_CO\/wp-json\/wp\/v2\/types\/product"}],"replies":[{"embeddable":true,"href":"https:\/\/cruzcartrade.com\/es_CO\/wp-json\/wp\/v2\/comments?post=13997"}],"wp:featuredmedia":[{"embeddable":true,"href":"https:\/\/cruzcartrade.com\/es_CO\/wp-json\/wp\/v2\/media\/10306"}],"wp:attachment":[{"href":"https:\/\/cruzcartrade.com\/es_CO\/wp-json\/wp\/v2\/media?parent=13997"}],"wp:term":[{"taxonomy":"product_brand","embeddable":true,"href":"https:\/\/cruzcartrade.com\/es_CO\/wp-json\/wp\/v2\/product_brand?post=13997"},{"taxonomy":"product_cat","embeddable":true,"href":"https:\/\/cruzcartrade.com\/es_CO\/wp-json\/wp\/v2\/product_cat?post=13997"},{"taxonomy":"product_tag","embeddable":true,"href":"https:\/\/cruzcartrade.com\/es_CO\/wp-json\/wp\/v2\/product_tag?post=13997"}],"curies":[{"name":"wp","href":"https:\/\/api.w.org\/{rel}","templated":true}]}}