{"id":13956,"date":"2026-04-27T08:42:35","date_gmt":"2026-04-27T13:42:35","guid":{"rendered":"https:\/\/cruzcartrade.com\/?post_type=product&#038;p=13956"},"modified":"2026-04-27T08:44:06","modified_gmt":"2026-04-27T13:44:06","slug":"manija-interna-apertura-capo-chevrolet-luv-1-600-2-300","status":"publish","type":"product","link":"https:\/\/cruzcartrade.com\/es_CO\/product\/manija-interna-apertura-capo-chevrolet-luv-1-600-2-300\/","title":{"rendered":"MANIJA INTERNA APERTURA CAP\u00d3 CHEVROLET LUV 1.600 &#8211; 2.300"},"content":{"rendered":"<p>Manija Interna Apertura de Capot Chevrolet Luv\u00a0 Camel Delantera Material: Pl\u00e1stico y metal resistente, Color: Camel. (Las fotos de las publicaciones son de uso exclusivo y propiedad CRUZ CAR TRADE S.A.S.) Fontib\u00f3n, Bogot\u00e1 D.c. Ten presente que las im\u00e1genes del producto publicado son fotos de referencia y no corresponden necesariamente a la posici\u00f3n real.<\/p>\n","protected":false},"excerpt":{"rendered":"<p>Manija Interna Apertura de Capot Chevrolet Luv\u00a0 Camel Delantera Material: Pl\u00e1stico y metal resistente, Color: Camel. (Las fotos de las publicaciones son de uso exclusivo y propiedad CRUZ CAR TRADE S.A.S.) Fontib\u00f3n, Bogot\u00e1 D.c. Ten presente que las im\u00e1genes del producto publicado son fotos de referencia y no corresponden necesariamente a la posici\u00f3n real.<\/p>\n","protected":false},"featured_media":9962,"comment_status":"open","ping_status":"closed","template":"","meta":[],"product_brand":[80],"product_cat":[17,188],"product_tag":[],"class_list":{"0":"post-13956","1":"product","2":"type-product","3":"status-publish","4":"has-post-thumbnail","6":"product_brand-chevrolet","7":"product_cat-carga-y-transporte","8":"product_cat-manijas-internas-capo","10":"first","11":"instock","12":"shipping-taxable","13":"purchasable","14":"product-type-simple"},"aioseo_notices":[],"_links":{"self":[{"href":"https:\/\/cruzcartrade.com\/es_CO\/wp-json\/wp\/v2\/product\/13956","targetHints":{"allow":["GET"]}}],"collection":[{"href":"https:\/\/cruzcartrade.com\/es_CO\/wp-json\/wp\/v2\/product"}],"about":[{"href":"https:\/\/cruzcartrade.com\/es_CO\/wp-json\/wp\/v2\/types\/product"}],"replies":[{"embeddable":true,"href":"https:\/\/cruzcartrade.com\/es_CO\/wp-json\/wp\/v2\/comments?post=13956"}],"wp:featuredmedia":[{"embeddable":true,"href":"https:\/\/cruzcartrade.com\/es_CO\/wp-json\/wp\/v2\/media\/9962"}],"wp:attachment":[{"href":"https:\/\/cruzcartrade.com\/es_CO\/wp-json\/wp\/v2\/media?parent=13956"}],"wp:term":[{"taxonomy":"product_brand","embeddable":true,"href":"https:\/\/cruzcartrade.com\/es_CO\/wp-json\/wp\/v2\/product_brand?post=13956"},{"taxonomy":"product_cat","embeddable":true,"href":"https:\/\/cruzcartrade.com\/es_CO\/wp-json\/wp\/v2\/product_cat?post=13956"},{"taxonomy":"product_tag","embeddable":true,"href":"https:\/\/cruzcartrade.com\/es_CO\/wp-json\/wp\/v2\/product_tag?post=13956"}],"curies":[{"name":"wp","href":"https:\/\/api.w.org\/{rel}","templated":true}]}}