{"id":13834,"date":"2026-04-24T13:06:05","date_gmt":"2026-04-24T18:06:05","guid":{"rendered":"https:\/\/cruzcartrade.com\/?post_type=product&#038;p=13834"},"modified":"2026-04-24T13:07:58","modified_gmt":"2026-04-24T18:07:58","slug":"pegante-adhesivo-epoxico-sintesolda-rapido-transparente-14-gramos","status":"publish","type":"product","link":"https:\/\/cruzcartrade.com\/es_CO\/product\/pegante-adhesivo-epoxico-sintesolda-rapido-transparente-14-gramos\/","title":{"rendered":"Pegante Adhesivo Epoxico Sintesolda Rapido Transparente 14 Gramos"},"content":{"rendered":"<p>Pegante Adhesivo Epoxico Sintesolda R\u00e1pido Transparente 14 Gr 2 Componentes, Pegante Adhesivo que funciona sobre m\u00faltiples superficies y materiales como: Acero, Acrilico, Pl\u00e1stico, Metal, Madera, Cemento, Porcelana, PVC, Tela, Materiales derivados del PET. Somos CRUZ CAR TRADE S.A.S. Comercializadora de autopartes y repuestos para veh\u00edculos livianos y pesados. Ubicaci\u00f3n: Fontib\u00f3n Bogot\u00e1, Horario de atenci\u00f3n de lunes a s\u00e1bado de 8:00am a 5:00pm. (Las fotos de las publicaciones son de uso exclusivo y propiedad CRUZ CAR TRADE S.A.S.) Ten presente que las im\u00e1genes del producto publicado son fotos de referencia y no corresponden necesariamente a la posici\u00f3n real.<\/p>\n","protected":false},"excerpt":{"rendered":"<p>Pegante Adhesivo Epoxico Sintesolda R\u00e1pido Transparente 14 Gr 2 Componentes, Pegante Adhesivo que funciona sobre m\u00faltiples superficies y materiales como: Acero, Acrilico, Pl\u00e1stico, Metal, Madera, Cemento, Porcelana, PVC, Tela, Materiales derivados del PET. Somos CRUZ CAR TRADE S.A.S. Comercializadora de autopartes y repuestos para veh\u00edculos livianos y pesados. Ubicaci\u00f3n: Fontib\u00f3n Bogot\u00e1, Horario de atenci\u00f3n de lunes a s\u00e1bado de 8:00am a 5:00pm. (Las fotos de las publicaciones son de uso exclusivo y propiedad CRUZ CAR TRADE S.A.S.) Ten presente que las im\u00e1genes del producto publicado son fotos de referencia y no corresponden necesariamente a la posici\u00f3n real.<\/p>\n","protected":false},"featured_media":13792,"comment_status":"open","ping_status":"closed","template":"","meta":[],"product_brand":[213],"product_cat":[159,46],"product_tag":[],"class_list":{"0":"post-13834","1":"product","2":"type-product","3":"status-publish","4":"has-post-thumbnail","6":"product_brand-universal","7":"product_cat-adhesivos","8":"product_cat-ferreteria-automotriz","10":"first","11":"instock","12":"shipping-taxable","13":"purchasable","14":"product-type-simple"},"aioseo_notices":[],"_links":{"self":[{"href":"https:\/\/cruzcartrade.com\/es_CO\/wp-json\/wp\/v2\/product\/13834","targetHints":{"allow":["GET"]}}],"collection":[{"href":"https:\/\/cruzcartrade.com\/es_CO\/wp-json\/wp\/v2\/product"}],"about":[{"href":"https:\/\/cruzcartrade.com\/es_CO\/wp-json\/wp\/v2\/types\/product"}],"replies":[{"embeddable":true,"href":"https:\/\/cruzcartrade.com\/es_CO\/wp-json\/wp\/v2\/comments?post=13834"}],"wp:featuredmedia":[{"embeddable":true,"href":"https:\/\/cruzcartrade.com\/es_CO\/wp-json\/wp\/v2\/media\/13792"}],"wp:attachment":[{"href":"https:\/\/cruzcartrade.com\/es_CO\/wp-json\/wp\/v2\/media?parent=13834"}],"wp:term":[{"taxonomy":"product_brand","embeddable":true,"href":"https:\/\/cruzcartrade.com\/es_CO\/wp-json\/wp\/v2\/product_brand?post=13834"},{"taxonomy":"product_cat","embeddable":true,"href":"https:\/\/cruzcartrade.com\/es_CO\/wp-json\/wp\/v2\/product_cat?post=13834"},{"taxonomy":"product_tag","embeddable":true,"href":"https:\/\/cruzcartrade.com\/es_CO\/wp-json\/wp\/v2\/product_tag?post=13834"}],"curies":[{"name":"wp","href":"https:\/\/api.w.org\/{rel}","templated":true}]}}