{"id":13832,"date":"2026-04-24T11:51:42","date_gmt":"2026-04-24T16:51:42","guid":{"rendered":"https:\/\/cruzcartrade.com\/?post_type=product&#038;p=13832"},"modified":"2026-04-24T11:55:52","modified_gmt":"2026-04-24T16:55:52","slug":"alarma-jdg-universal-para-vehiculo-tipo-ultra-2-controles","status":"publish","type":"product","link":"https:\/\/cruzcartrade.com\/es_CO\/product\/alarma-jdg-universal-para-vehiculo-tipo-ultra-2-controles\/","title":{"rendered":"Alarma Jdg Universal Para Veh\u00edculo Tipo Ultra 2 Controles"},"content":{"rendered":"<p>ALARMA JDG UNIVERSAL PARA VEHICULO TIPO ULTRA 2 CONTROLES CODIGO VARIABLE<\/p>\n<p>&#8211; Controles Anti-clonaci\u00f3n.<\/p>\n<p>&#8211; Armado Autom\u00e1tico.<\/p>\n<p>&#8211; Sirena con 6 Tonos consecutivos.<\/p>\n<p>&#8211; Opci\u00f3n de ba\u00fal el\u00e9ctrico.<\/p>\n<p>Somos CRUZ CAR TRADE S.A.S. Comercializadora de autopartes y repuestos para veh\u00edculos livianos y pesados, Horario de atenci\u00f3n de lunes a s\u00e1bado de 8:00am a 5:00pm. (Las fotos de las publicaciones son de uso exclusivo y propiedad CRUZ CAR TRADE S.A.S.) Fontib\u00f3n, Bogot\u00e1 D.c.<\/p>\n","protected":false},"excerpt":{"rendered":"<p>ALARMA JDG UNIVERSAL PARA VEHICULO TIPO ULTRA 2 CONTROLES CODIGO VARIABLE<\/p>\n<p>&#8211; Controles Anti-clonaci\u00f3n.<\/p>\n<p>&#8211; Armado Autom\u00e1tico.<\/p>\n<p>&#8211; Sirena con 6 Tonos consecutivos.<\/p>\n<p>&#8211; Opci\u00f3n de ba\u00fal el\u00e9ctrico<\/p>\n<p>. Somos CRUZ CAR TRADE S.A.S. Comercializadora de autopartes y repuestos para veh\u00edculos livianos y pesados, Horario de atenci\u00f3n de lunes a s\u00e1bado de 8:00am a 5:00pm. (Las fotos de las publicaciones son de uso exclusivo y propiedad CRUZ CAR TRADE S.A.S.) Fontib\u00f3n, Bogot\u00e1 D.c.<\/p>\n","protected":false},"featured_media":13798,"comment_status":"open","ping_status":"closed","template":"","meta":[],"product_brand":[180],"product_cat":[114,16],"product_tag":[],"class_list":{"0":"post-13832","1":"product","2":"type-product","3":"status-publish","4":"has-post-thumbnail","6":"product_brand-jdg","7":"product_cat-alarmas-para-vehiculos","8":"product_cat-vehiculos-livianos","10":"first","11":"instock","12":"shipping-taxable","13":"purchasable","14":"product-type-simple"},"aioseo_notices":[],"_links":{"self":[{"href":"https:\/\/cruzcartrade.com\/es_CO\/wp-json\/wp\/v2\/product\/13832","targetHints":{"allow":["GET"]}}],"collection":[{"href":"https:\/\/cruzcartrade.com\/es_CO\/wp-json\/wp\/v2\/product"}],"about":[{"href":"https:\/\/cruzcartrade.com\/es_CO\/wp-json\/wp\/v2\/types\/product"}],"replies":[{"embeddable":true,"href":"https:\/\/cruzcartrade.com\/es_CO\/wp-json\/wp\/v2\/comments?post=13832"}],"wp:featuredmedia":[{"embeddable":true,"href":"https:\/\/cruzcartrade.com\/es_CO\/wp-json\/wp\/v2\/media\/13798"}],"wp:attachment":[{"href":"https:\/\/cruzcartrade.com\/es_CO\/wp-json\/wp\/v2\/media?parent=13832"}],"wp:term":[{"taxonomy":"product_brand","embeddable":true,"href":"https:\/\/cruzcartrade.com\/es_CO\/wp-json\/wp\/v2\/product_brand?post=13832"},{"taxonomy":"product_cat","embeddable":true,"href":"https:\/\/cruzcartrade.com\/es_CO\/wp-json\/wp\/v2\/product_cat?post=13832"},{"taxonomy":"product_tag","embeddable":true,"href":"https:\/\/cruzcartrade.com\/es_CO\/wp-json\/wp\/v2\/product_tag?post=13832"}],"curies":[{"name":"wp","href":"https:\/\/api.w.org\/{rel}","templated":true}]}}