{"id":13827,"date":"2026-04-24T11:28:31","date_gmt":"2026-04-24T16:28:31","guid":{"rendered":"https:\/\/cruzcartrade.com\/?post_type=product&#038;p=13827"},"modified":"2026-04-24T11:38:12","modified_gmt":"2026-04-24T16:38:12","slug":"pegante-instantaneo-super-pega-infinita-120-gramos","status":"publish","type":"product","link":"https:\/\/cruzcartrade.com\/es_CO\/product\/pegante-instantaneo-super-pega-infinita-120-gramos\/","title":{"rendered":"Pegante Instant\u00e1neo Super Pega Infinita 120 Gramos"},"content":{"rendered":"<p>PEGANTE INSTANTANEO SUPER PEGA INFINITA 120 GRAMOS, Pegante instant\u00e1neo que funciona sobre m\u00faltiples superficies y materiales como: Pl\u00e1stico, Metal, Madera, Cemento, Porcelana, PVC, Tela, Materiales derivados del PET. Somos CRUZ CAR TRADE S.A.S. Comercializadora de autopartes y repuestos para veh\u00edculos livianos y pesados. Ubicaci\u00f3n: Fontib\u00f3n Bogot\u00e1, Horario de atenci\u00f3n de lunes a s\u00e1bado de 8:00am a 5:00pm. (Las fotos de las publicaciones son de uso exclusivo y propiedad CRUZ CAR TRADE S.A.S.) Ten presente que las im\u00e1genes del producto publicado son fotos de referencia y no corresponden necesariamente a la posici\u00f3n real.<\/p>\n<p>&nbsp;<\/p>\n","protected":false},"excerpt":{"rendered":"<p>PEGANTE INSTANTANEO SUPER PEGA INFINITA 120 GRAMOS, Pegante instant\u00e1neo que funciona sobre m\u00faltiples superficies y materiales como: Pl\u00e1stico, Metal, Madera, Cemento, Porcelana, PVC, Tela, Materiales derivados del PET. Somos CRUZ CAR TRADE S.A.S. Comercializadora de autopartes y repuestos para veh\u00edculos livianos y pesados. Ubicaci\u00f3n: Fontib\u00f3n Bogot\u00e1, Horario de atenci\u00f3n de lunes a s\u00e1bado de 8:00am a 5:00pm. (Las fotos de las publicaciones son de uso exclusivo y propiedad CRUZ CAR TRADE S.A.S.) Ten presente que las im\u00e1genes del producto publicado son fotos de referencia y no corresponden necesariamente a la posici\u00f3n real.<\/p>\n<p>&nbsp;<\/p>\n","protected":false},"featured_media":13813,"comment_status":"open","ping_status":"closed","template":"","meta":[],"product_brand":[213],"product_cat":[37,159,46,149],"product_tag":[],"class_list":{"0":"post-13827","1":"product","2":"type-product","3":"status-publish","4":"has-post-thumbnail","6":"product_brand-universal","7":"product_cat-accesorios","8":"product_cat-adhesivos","9":"product_cat-ferreteria-automotriz","10":"product_cat-siliconas","12":"first","13":"instock","14":"shipping-taxable","15":"purchasable","16":"product-type-simple"},"aioseo_notices":[],"_links":{"self":[{"href":"https:\/\/cruzcartrade.com\/es_CO\/wp-json\/wp\/v2\/product\/13827","targetHints":{"allow":["GET"]}}],"collection":[{"href":"https:\/\/cruzcartrade.com\/es_CO\/wp-json\/wp\/v2\/product"}],"about":[{"href":"https:\/\/cruzcartrade.com\/es_CO\/wp-json\/wp\/v2\/types\/product"}],"replies":[{"embeddable":true,"href":"https:\/\/cruzcartrade.com\/es_CO\/wp-json\/wp\/v2\/comments?post=13827"}],"wp:featuredmedia":[{"embeddable":true,"href":"https:\/\/cruzcartrade.com\/es_CO\/wp-json\/wp\/v2\/media\/13813"}],"wp:attachment":[{"href":"https:\/\/cruzcartrade.com\/es_CO\/wp-json\/wp\/v2\/media?parent=13827"}],"wp:term":[{"taxonomy":"product_brand","embeddable":true,"href":"https:\/\/cruzcartrade.com\/es_CO\/wp-json\/wp\/v2\/product_brand?post=13827"},{"taxonomy":"product_cat","embeddable":true,"href":"https:\/\/cruzcartrade.com\/es_CO\/wp-json\/wp\/v2\/product_cat?post=13827"},{"taxonomy":"product_tag","embeddable":true,"href":"https:\/\/cruzcartrade.com\/es_CO\/wp-json\/wp\/v2\/product_tag?post=13827"}],"curies":[{"name":"wp","href":"https:\/\/api.w.org\/{rel}","templated":true}]}}