{"id":13787,"date":"2026-04-24T10:28:25","date_gmt":"2026-04-24T15:28:25","guid":{"rendered":"https:\/\/cruzcartrade.com\/?post_type=product&#038;p=13787"},"modified":"2026-04-24T10:29:23","modified_gmt":"2026-04-24T15:29:23","slug":"chapa-puerta-land-rover-sin-seguro-grande-derecho-o-izquierdo","status":"publish","type":"product","link":"https:\/\/cruzcartrade.com\/es_CO\/product\/chapa-puerta-land-rover-sin-seguro-grande-derecho-o-izquierdo\/","title":{"rendered":"Chapa Puerta Land Rover Sin Seguro Grande Derecho O Izquierdo"},"content":{"rendered":"<p><span data-sheets-root=\"1\">&#8220;CHAPA PUERTA LAND ROVER S\/S GRANDE DERECHA O IZQUIERDA. Material: Met\u00e1lico, Color: Dorado . Somos CRUZ CAR TRADE S.A.S. Comercializadora de autopartes y repuestos para veh\u00edculos livianos y pesados, Horario de atenci\u00f3n de lunes a s\u00e1bado de 8:00am a 5:00pm. (Las fotos de las publicaciones son de uso exclusivo y propiedad CRUZ CAR TRADE S.A.S.) Fontib\u00f3n, Bogot\u00e1 D.c. Ten presente que las im\u00e1genes del producto publicado son fotos de referencia y no corresponden necesariamente a la posici\u00f3n real.<\/span><\/p>\n<p>&nbsp;<\/p>\n","protected":false},"excerpt":{"rendered":"<p><span data-sheets-root=\"1\">&#8220;CHAPA PUERTA LAND ROVER S\/S GRANDE DERECHA O IZQUIERDA. Material: Met\u00e1lico, Color: Dorado . Somos CRUZ CAR TRADE S.A.S. Comercializadora de autopartes y repuestos para veh\u00edculos livianos y pesados, Horario de atenci\u00f3n de lunes a s\u00e1bado de 8:00am a 5:00pm. (Las fotos de las publicaciones son de uso exclusivo y propiedad CRUZ CAR TRADE S.A.S.) Fontib\u00f3n, Bogot\u00e1 D.c. Ten presente que las im\u00e1genes del producto publicado son fotos de referencia y no corresponden necesariamente a la posici\u00f3n real.<\/span><\/p>\n","protected":false},"featured_media":13781,"comment_status":"open","ping_status":"closed","template":"","meta":[],"product_brand":[],"product_cat":[99,16],"product_tag":[],"class_list":{"0":"post-13787","1":"product","2":"type-product","3":"status-publish","4":"has-post-thumbnail","6":"product_cat-chapas-de-puertas","7":"product_cat-vehiculos-livianos","9":"first","10":"instock","11":"shipping-taxable","12":"purchasable","13":"product-type-variable"},"aioseo_notices":[],"_links":{"self":[{"href":"https:\/\/cruzcartrade.com\/es_CO\/wp-json\/wp\/v2\/product\/13787","targetHints":{"allow":["GET"]}}],"collection":[{"href":"https:\/\/cruzcartrade.com\/es_CO\/wp-json\/wp\/v2\/product"}],"about":[{"href":"https:\/\/cruzcartrade.com\/es_CO\/wp-json\/wp\/v2\/types\/product"}],"replies":[{"embeddable":true,"href":"https:\/\/cruzcartrade.com\/es_CO\/wp-json\/wp\/v2\/comments?post=13787"}],"wp:featuredmedia":[{"embeddable":true,"href":"https:\/\/cruzcartrade.com\/es_CO\/wp-json\/wp\/v2\/media\/13781"}],"wp:attachment":[{"href":"https:\/\/cruzcartrade.com\/es_CO\/wp-json\/wp\/v2\/media?parent=13787"}],"wp:term":[{"taxonomy":"product_brand","embeddable":true,"href":"https:\/\/cruzcartrade.com\/es_CO\/wp-json\/wp\/v2\/product_brand?post=13787"},{"taxonomy":"product_cat","embeddable":true,"href":"https:\/\/cruzcartrade.com\/es_CO\/wp-json\/wp\/v2\/product_cat?post=13787"},{"taxonomy":"product_tag","embeddable":true,"href":"https:\/\/cruzcartrade.com\/es_CO\/wp-json\/wp\/v2\/product_tag?post=13787"}],"curies":[{"name":"wp","href":"https:\/\/api.w.org\/{rel}","templated":true}]}}