{"id":13751,"date":"2026-04-23T18:46:34","date_gmt":"2026-04-23T23:46:34","guid":{"rendered":"https:\/\/cruzcartrade.com\/?post_type=product&#038;p=13751"},"modified":"2026-04-23T18:53:59","modified_gmt":"2026-04-23T23:53:59","slug":"plumilla-limpiaparabrisas-siliconada-youwin-18-pulgadas","status":"publish","type":"product","link":"https:\/\/cruzcartrade.com\/es_CO\/product\/plumilla-limpiaparabrisas-siliconada-youwin-18-pulgadas\/","title":{"rendered":"Plumilla Limpiaparabrisas Siliconada Youwin 18 Pulgadas"},"content":{"rendered":"<p>PLUMILLA LIMPIAPARABRISAS SILICONADA MARCA YOUWIN 18\u00a8 PULGADAS. Material: Silicona y Pl\u00e1stica, Color: Negra. con montura Universal. Somos CRUZ CAR TRADE S.A.S. Comercializadora de autopartes y repuestos para veh\u00edculos livianos y pesados, Horario de atenci\u00f3n de lunes a s\u00e1bado de 8:00am a 5:00pm. (Las fotos de las publicaciones son de uso exclusivo y propiedad CRUZ CAR TRADE S.A.S.) Fontib\u00f3n, Bogot\u00e1 D.c.<\/p>\n","protected":false},"excerpt":{"rendered":"<p>PLUMILLA LIMPIAPARABRISAS SILICONADA MARCA YOUWIN 18\u00a8 PULGADAS. Material: Silicona y Pl\u00e1stica, Color: Negra. con montura Universal. Somos CRUZ CAR TRADE S.A.S. Comercializadora de autopartes y repuestos para veh\u00edculos livianos y pesados, Horario de atenci\u00f3n de lunes a s\u00e1bado de 8:00am a 5:00pm. (Las fotos de las publicaciones son de uso exclusivo y propiedad CRUZ CAR TRADE S.A.S.) Fontib\u00f3n, Bogot\u00e1 D.c.<\/p>\n","protected":false},"featured_media":13745,"comment_status":"open","ping_status":"closed","template":"","meta":[],"product_brand":[179],"product_cat":[37,17,142,16],"product_tag":[],"class_list":{"0":"post-13751","1":"product","2":"type-product","3":"status-publish","4":"has-post-thumbnail","6":"product_brand-youwin","7":"product_cat-accesorios","8":"product_cat-carga-y-transporte","9":"product_cat-plumillas-siliconadas-y-metalicas","10":"product_cat-vehiculos-livianos","12":"first","13":"instock","14":"shipping-taxable","15":"purchasable","16":"product-type-simple"},"aioseo_notices":[],"_links":{"self":[{"href":"https:\/\/cruzcartrade.com\/es_CO\/wp-json\/wp\/v2\/product\/13751","targetHints":{"allow":["GET"]}}],"collection":[{"href":"https:\/\/cruzcartrade.com\/es_CO\/wp-json\/wp\/v2\/product"}],"about":[{"href":"https:\/\/cruzcartrade.com\/es_CO\/wp-json\/wp\/v2\/types\/product"}],"replies":[{"embeddable":true,"href":"https:\/\/cruzcartrade.com\/es_CO\/wp-json\/wp\/v2\/comments?post=13751"}],"wp:featuredmedia":[{"embeddable":true,"href":"https:\/\/cruzcartrade.com\/es_CO\/wp-json\/wp\/v2\/media\/13745"}],"wp:attachment":[{"href":"https:\/\/cruzcartrade.com\/es_CO\/wp-json\/wp\/v2\/media?parent=13751"}],"wp:term":[{"taxonomy":"product_brand","embeddable":true,"href":"https:\/\/cruzcartrade.com\/es_CO\/wp-json\/wp\/v2\/product_brand?post=13751"},{"taxonomy":"product_cat","embeddable":true,"href":"https:\/\/cruzcartrade.com\/es_CO\/wp-json\/wp\/v2\/product_cat?post=13751"},{"taxonomy":"product_tag","embeddable":true,"href":"https:\/\/cruzcartrade.com\/es_CO\/wp-json\/wp\/v2\/product_tag?post=13751"}],"curies":[{"name":"wp","href":"https:\/\/api.w.org\/{rel}","templated":true}]}}