{"id":13557,"date":"2026-04-22T19:02:08","date_gmt":"2026-04-23T00:02:08","guid":{"rendered":"https:\/\/cruzcartrade.com\/?post_type=product&#038;p=13557"},"modified":"2026-04-22T19:02:39","modified_gmt":"2026-04-23T00:02:39","slug":"manija-externa-puerta-volkswagen-golf-iii-delantera-derecha-o-izquierda-con-llave","status":"publish","type":"product","link":"https:\/\/cruzcartrade.com\/es_CO\/product\/manija-externa-puerta-volkswagen-golf-iii-delantera-derecha-o-izquierda-con-llave\/","title":{"rendered":"Manija Externa Puerta Volkswagen Golf III Delantera Derecha O Izquierda Con Llave"},"content":{"rendered":"<p>MANIJA EXTERNA PUERTA VOLKSWAGEN GOLF lll\/VENTO DELANTERA CAN LLAVE Y CILINDRO, METALICA DERECHA O IZQUIERDA. Material: Met\u00e1lica. Color: Negra. Somos CRUZ CAR TRADE S.A.S. Comercializadora de autopartes y repuestos para veh\u00edculos livianos y pesados, Horario de atenci\u00f3n de lunes a s\u00e1bado de 8:00am a 5:00pm. (Las fotos de las publicaciones son de uso exclusivo y propiedad CRUZ CAR TRADE S.A.S.) Fontib\u00f3n, Bogot\u00e1 D.c.<\/p>\n","protected":false},"excerpt":{"rendered":"<p>MANIJA EXTERNA PUERTA VOLKSWAGEN GOLF lll\/VENTO DELANTERA CAN LLAVE Y CILINDRO, METALICA DERECHA O IZQUIERDA. Material: Met\u00e1lica. Color: Negra. Somos CRUZ CAR TRADE S.A.S. Comercializadora de autopartes y repuestos para veh\u00edculos livianos y pesados, Horario de atenci\u00f3n de lunes a s\u00e1bado de 8:00am a 5:00pm. (Las fotos de las publicaciones son de uso exclusivo y propiedad CRUZ CAR TRADE S.A.S.) Fontib\u00f3n, Bogot\u00e1 D.c.<\/p>\n","protected":false},"featured_media":13540,"comment_status":"open","ping_status":"closed","template":"","meta":[],"product_brand":[210],"product_cat":[87,16],"product_tag":[],"class_list":{"0":"post-13557","1":"product","2":"type-product","3":"status-publish","4":"has-post-thumbnail","6":"product_brand-volkswagen","7":"product_cat-manijas-externas","8":"product_cat-vehiculos-livianos","10":"first","11":"instock","12":"shipping-taxable","13":"purchasable","14":"product-type-variable"},"aioseo_notices":[],"_links":{"self":[{"href":"https:\/\/cruzcartrade.com\/es_CO\/wp-json\/wp\/v2\/product\/13557","targetHints":{"allow":["GET"]}}],"collection":[{"href":"https:\/\/cruzcartrade.com\/es_CO\/wp-json\/wp\/v2\/product"}],"about":[{"href":"https:\/\/cruzcartrade.com\/es_CO\/wp-json\/wp\/v2\/types\/product"}],"replies":[{"embeddable":true,"href":"https:\/\/cruzcartrade.com\/es_CO\/wp-json\/wp\/v2\/comments?post=13557"}],"wp:featuredmedia":[{"embeddable":true,"href":"https:\/\/cruzcartrade.com\/es_CO\/wp-json\/wp\/v2\/media\/13540"}],"wp:attachment":[{"href":"https:\/\/cruzcartrade.com\/es_CO\/wp-json\/wp\/v2\/media?parent=13557"}],"wp:term":[{"taxonomy":"product_brand","embeddable":true,"href":"https:\/\/cruzcartrade.com\/es_CO\/wp-json\/wp\/v2\/product_brand?post=13557"},{"taxonomy":"product_cat","embeddable":true,"href":"https:\/\/cruzcartrade.com\/es_CO\/wp-json\/wp\/v2\/product_cat?post=13557"},{"taxonomy":"product_tag","embeddable":true,"href":"https:\/\/cruzcartrade.com\/es_CO\/wp-json\/wp\/v2\/product_tag?post=13557"}],"curies":[{"name":"wp","href":"https:\/\/api.w.org\/{rel}","templated":true}]}}