{"id":13522,"date":"2026-04-22T18:04:46","date_gmt":"2026-04-22T23:04:46","guid":{"rendered":"https:\/\/cruzcartrade.com\/?post_type=product&#038;p=13522"},"modified":"2026-04-22T18:05:34","modified_gmt":"2026-04-22T23:05:34","slug":"manija-baul-compuerta-toyota-vigo-mod-06-16-metalica-negra","status":"publish","type":"product","link":"https:\/\/cruzcartrade.com\/es_CO\/product\/manija-baul-compuerta-toyota-vigo-mod-06-16-metalica-negra\/","title":{"rendered":"MANIJA BAUL COMPUERTA TOYOTA VIGO MOD 06-16 MET\u00c1LICA NEGRA"},"content":{"rendered":"<p>Manija Ba\u00fal, Plat\u00f3n o Compuerta Toyota Hilux Hi-rider &#8211; Vigo, Modelos del 2006 al 2016 Negra Met\u00e1lica. Material: Met\u00e1lica, Color: Negra. (Las fotos de las publicaciones son de uso exclusivo y propiedad CRUZ CAR TRADE S.A.S.) Fontib\u00f3n, Bogot\u00e1 D.c. Ten presente que las im\u00e1genes del producto publicado son fotos de referencia y no corresponden necesariamente a la posici\u00f3n real.<\/p>\n","protected":false},"excerpt":{"rendered":"<p>Manija Ba\u00fal, Plat\u00f3n o Compuerta Toyota Hilux Hi-rider &#8211; Vigo, Modelos del 2006 al 2016 Negra Met\u00e1lica. Material: Met\u00e1lica, Color: Negra. (Las fotos de las publicaciones son de uso exclusivo y propiedad CRUZ CAR TRADE S.A.S.) Fontib\u00f3n, Bogot\u00e1 D.c. Ten presente que las im\u00e1genes del producto publicado son fotos de referencia y no corresponden necesariamente a la posici\u00f3n real.<\/p>\n","protected":false},"featured_media":10198,"comment_status":"open","ping_status":"closed","template":"","meta":[],"product_brand":[61],"product_cat":[88,16],"product_tag":[],"class_list":{"0":"post-13522","1":"product","2":"type-product","3":"status-publish","4":"has-post-thumbnail","6":"product_brand-toyota","7":"product_cat-manijas-de-baul-o-compuerta","8":"product_cat-vehiculos-livianos","10":"first","11":"instock","12":"shipping-taxable","13":"purchasable","14":"product-type-simple"},"aioseo_notices":[],"_links":{"self":[{"href":"https:\/\/cruzcartrade.com\/es_CO\/wp-json\/wp\/v2\/product\/13522","targetHints":{"allow":["GET"]}}],"collection":[{"href":"https:\/\/cruzcartrade.com\/es_CO\/wp-json\/wp\/v2\/product"}],"about":[{"href":"https:\/\/cruzcartrade.com\/es_CO\/wp-json\/wp\/v2\/types\/product"}],"replies":[{"embeddable":true,"href":"https:\/\/cruzcartrade.com\/es_CO\/wp-json\/wp\/v2\/comments?post=13522"}],"wp:featuredmedia":[{"embeddable":true,"href":"https:\/\/cruzcartrade.com\/es_CO\/wp-json\/wp\/v2\/media\/10198"}],"wp:attachment":[{"href":"https:\/\/cruzcartrade.com\/es_CO\/wp-json\/wp\/v2\/media?parent=13522"}],"wp:term":[{"taxonomy":"product_brand","embeddable":true,"href":"https:\/\/cruzcartrade.com\/es_CO\/wp-json\/wp\/v2\/product_brand?post=13522"},{"taxonomy":"product_cat","embeddable":true,"href":"https:\/\/cruzcartrade.com\/es_CO\/wp-json\/wp\/v2\/product_cat?post=13522"},{"taxonomy":"product_tag","embeddable":true,"href":"https:\/\/cruzcartrade.com\/es_CO\/wp-json\/wp\/v2\/product_tag?post=13522"}],"curies":[{"name":"wp","href":"https:\/\/api.w.org\/{rel}","templated":true}]}}