{"id":13499,"date":"2026-04-09T17:21:13","date_gmt":"2026-04-09T22:21:13","guid":{"rendered":"https:\/\/cruzcartrade.com\/?post_type=product&#038;p=13499"},"modified":"2026-04-09T17:27:34","modified_gmt":"2026-04-09T22:27:34","slug":"sistema-de-bloqueo-central-completo-12-volteos-x-4-unidades-vehiculo","status":"publish","type":"product","link":"https:\/\/cruzcartrade.com\/es_CO\/product\/sistema-de-bloqueo-central-completo-12-volteos-x-4-unidades-vehiculo\/","title":{"rendered":"Sistema De Bloqueo Central Completo 12 volteos X 4 Unidades Vehiculo"},"content":{"rendered":"<p><span data-sheets-root=\"1\">SISTEMA DE BLOQUEO CENTRAL KIT 4 PISTOLAS COMPLETO 12VOL PARA VEHICULOS. Somos CRUZ CAR TRADE S.A.S. Comercializadora de autopartes y repuestos de veh\u00edculos livianos y pesados, Horario de atenci\u00f3n de lunes a s\u00e1bado de 8:00am a 5:00pm. (Las fotos de las publicaciones son de uso exclusivo y propiedad CRUZ CAR TRADE S.A.S.) Fontib\u00f3n Bogot\u00e1. Ten presente que las im\u00e1genes del producto publicado son fotos de referencia y no corresponden necesariamente a la posici\u00f3n real.<\/span><\/p>\n","protected":false},"excerpt":{"rendered":"<p><span data-sheets-root=\"1\">SISTEMA DE BLOQUEO CENTRAL KIT 4 PISTOLAS COMPLETO 12VOL PARA VEHICULOS. Somos CRUZ CAR TRADE S.A.S. Comercializadora de autopartes y repuestos de veh\u00edculos livianos y pesados, Horario de atenci\u00f3n de lunes a s\u00e1bado de 8:00am a 5:00pm. (Las fotos de las publicaciones son de uso exclusivo y propiedad CRUZ CAR TRADE S.A.S.) Fontib\u00f3n Bogot\u00e1. Ten presente que las im\u00e1genes del producto publicado son fotos de referencia y no corresponden necesariamente a la posici\u00f3n real.<\/span><\/p>\n","protected":false},"featured_media":13493,"comment_status":"open","ping_status":"closed","template":"","meta":[],"product_brand":[180],"product_cat":[113,235,16],"product_tag":[],"class_list":{"0":"post-13499","1":"product","2":"type-product","3":"status-publish","4":"has-post-thumbnail","6":"product_brand-jdg","7":"product_cat-sistema-de-bloqueo-central","8":"product_cat-tapa-tanque-combustible","9":"product_cat-vehiculos-livianos","11":"first","12":"instock","13":"shipping-taxable","14":"purchasable","15":"product-type-simple"},"aioseo_notices":[],"_links":{"self":[{"href":"https:\/\/cruzcartrade.com\/es_CO\/wp-json\/wp\/v2\/product\/13499","targetHints":{"allow":["GET"]}}],"collection":[{"href":"https:\/\/cruzcartrade.com\/es_CO\/wp-json\/wp\/v2\/product"}],"about":[{"href":"https:\/\/cruzcartrade.com\/es_CO\/wp-json\/wp\/v2\/types\/product"}],"replies":[{"embeddable":true,"href":"https:\/\/cruzcartrade.com\/es_CO\/wp-json\/wp\/v2\/comments?post=13499"}],"wp:featuredmedia":[{"embeddable":true,"href":"https:\/\/cruzcartrade.com\/es_CO\/wp-json\/wp\/v2\/media\/13493"}],"wp:attachment":[{"href":"https:\/\/cruzcartrade.com\/es_CO\/wp-json\/wp\/v2\/media?parent=13499"}],"wp:term":[{"taxonomy":"product_brand","embeddable":true,"href":"https:\/\/cruzcartrade.com\/es_CO\/wp-json\/wp\/v2\/product_brand?post=13499"},{"taxonomy":"product_cat","embeddable":true,"href":"https:\/\/cruzcartrade.com\/es_CO\/wp-json\/wp\/v2\/product_cat?post=13499"},{"taxonomy":"product_tag","embeddable":true,"href":"https:\/\/cruzcartrade.com\/es_CO\/wp-json\/wp\/v2\/product_tag?post=13499"}],"curies":[{"name":"wp","href":"https:\/\/api.w.org\/{rel}","templated":true}]}}