{"id":13475,"date":"2026-04-09T16:34:08","date_gmt":"2026-04-09T21:34:08","guid":{"rendered":"https:\/\/cruzcartrade.com\/?post_type=product&#038;p=13475"},"modified":"2026-04-09T16:34:56","modified_gmt":"2026-04-09T21:34:56","slug":"motor-limpiaparabrisas-para-paccar-12-volteos-y-adaptador","status":"publish","type":"product","link":"https:\/\/cruzcartrade.com\/es_CO\/product\/motor-limpiaparabrisas-para-paccar-12-volteos-y-adaptador\/","title":{"rendered":"Motor Limpiaparabrisas Para Paccar 12 Volteos Y Adaptador"},"content":{"rendered":"<p><span data-sheets-root=\"1\">MOTOR LIMPIAPARABRISAS PARA PACCAR MODELOS NUEVOS 12 VOLTIOS IMPORTADO. Somos CRUZ CAR TRADE S.A.S. Comercializadora de autopartes y repuestos para veh\u00edculos livianos y pesados. Ubicaci\u00f3n: Fontib\u00f3n Bogot\u00e1, Horario de atenci\u00f3n de lunes a s\u00e1bado de 8:00am a 5:00pm. (Las fotos de las publicaciones son de uso exclusivo y propiedad CRUZ CAR TRADE S.A.S.) Ten presente que las im\u00e1genes del producto publicado son fotos de referencia y no corresponden necesariamente a la posici\u00f3n real.<\/span><\/p>\n","protected":false},"excerpt":{"rendered":"<p><span data-sheets-root=\"1\">MOTOR LIMPIAPARABRISAS PARA PACCAR MODELOS NUEVOS 12 VOLTIOS IMPORTADO. Somos CRUZ CAR TRADE S.A.S. Comercializadora de autopartes y repuestos para veh\u00edculos livianos y pesados. Ubicaci\u00f3n: Fontib\u00f3n Bogot\u00e1, Horario de atenci\u00f3n de lunes a s\u00e1bado de 8:00am a 5:00pm. (Las fotos de las publicaciones son de uso exclusivo y propiedad CRUZ CAR TRADE S.A.S.) Ten presente que las im\u00e1genes del producto publicado son fotos de referencia y no corresponden necesariamente a la posici\u00f3n real.<\/span><\/p>\n","protected":false},"featured_media":13458,"comment_status":"open","ping_status":"closed","template":"","meta":[],"product_brand":[60],"product_cat":[17,124],"product_tag":[],"class_list":{"0":"post-13475","1":"product","2":"type-product","3":"status-publish","4":"has-post-thumbnail","6":"product_brand-kenworth","7":"product_cat-carga-y-transporte","8":"product_cat-motores-limpiabrisas-carga-y-transporte","10":"first","11":"instock","12":"shipping-taxable","13":"purchasable","14":"product-type-simple"},"aioseo_notices":[],"_links":{"self":[{"href":"https:\/\/cruzcartrade.com\/es_CO\/wp-json\/wp\/v2\/product\/13475","targetHints":{"allow":["GET"]}}],"collection":[{"href":"https:\/\/cruzcartrade.com\/es_CO\/wp-json\/wp\/v2\/product"}],"about":[{"href":"https:\/\/cruzcartrade.com\/es_CO\/wp-json\/wp\/v2\/types\/product"}],"replies":[{"embeddable":true,"href":"https:\/\/cruzcartrade.com\/es_CO\/wp-json\/wp\/v2\/comments?post=13475"}],"wp:featuredmedia":[{"embeddable":true,"href":"https:\/\/cruzcartrade.com\/es_CO\/wp-json\/wp\/v2\/media\/13458"}],"wp:attachment":[{"href":"https:\/\/cruzcartrade.com\/es_CO\/wp-json\/wp\/v2\/media?parent=13475"}],"wp:term":[{"taxonomy":"product_brand","embeddable":true,"href":"https:\/\/cruzcartrade.com\/es_CO\/wp-json\/wp\/v2\/product_brand?post=13475"},{"taxonomy":"product_cat","embeddable":true,"href":"https:\/\/cruzcartrade.com\/es_CO\/wp-json\/wp\/v2\/product_cat?post=13475"},{"taxonomy":"product_tag","embeddable":true,"href":"https:\/\/cruzcartrade.com\/es_CO\/wp-json\/wp\/v2\/product_tag?post=13475"}],"curies":[{"name":"wp","href":"https:\/\/api.w.org\/{rel}","templated":true}]}}