{"id":13335,"date":"2026-04-04T19:03:26","date_gmt":"2026-04-05T00:03:26","guid":{"rendered":"https:\/\/cruzcartrade.com\/?post_type=product&#038;p=13335"},"modified":"2026-04-04T19:06:34","modified_gmt":"2026-04-05T00:06:34","slug":"cantonera-puerta-chapa-nissan-patrol","status":"publish","type":"product","link":"https:\/\/cruzcartrade.com\/es_CO\/product\/cantonera-puerta-chapa-nissan-patrol\/","title":{"rendered":"Cantonera Puerta Chapa Nissan Patrol"},"content":{"rendered":"<p><span data-sheets-root=\"1\">Cantonera O Recibidor De Puerta Nissan Patrol Derecha O Izquierda . Somos CRUZ CAR TRADE S.A.S. Comercializadora de autopartes y repuestos para veh\u00edculos livianos y pesados. Ubicaci\u00f3n: Fontib\u00f3n Bogot\u00e1, Horario de atenci\u00f3n de lunes a s\u00e1bado de 8:00am a 5:00pm. (Las fotos de las publicaciones son de uso exclusivo y propiedad CRUZ CAR TRADE S.A.S.)<\/span><\/p>\n<p>&nbsp;<\/p>\n","protected":false},"excerpt":{"rendered":"<p><span data-sheets-root=\"1\">Cantonera O Recibidor De Puerta Nissan Patrol Derecha O Izquierda . Somos CRUZ CAR TRADE S.A.S. Comercializadora de autopartes y repuestos para veh\u00edculos livianos y pesados. Ubicaci\u00f3n: Fontib\u00f3n Bogot\u00e1, Horario de atenci\u00f3n de lunes a s\u00e1bado de 8:00am a 5:00pm. (Las fotos de las publicaciones son de uso exclusivo y propiedad CRUZ CAR TRADE S.A.S.)<\/span><\/p>\n<p>&nbsp;<\/p>\n","protected":false},"featured_media":13304,"comment_status":"open","ping_status":"closed","template":"","meta":[],"product_brand":[199],"product_cat":[103,16],"product_tag":[],"class_list":{"0":"post-13335","1":"product","2":"type-product","3":"status-publish","4":"has-post-thumbnail","6":"product_brand-nissan","7":"product_cat-cantoneras-de-puerta","8":"product_cat-vehiculos-livianos","10":"first","11":"instock","12":"shipping-taxable","13":"purchasable","14":"product-type-variable"},"aioseo_notices":[],"_links":{"self":[{"href":"https:\/\/cruzcartrade.com\/es_CO\/wp-json\/wp\/v2\/product\/13335","targetHints":{"allow":["GET"]}}],"collection":[{"href":"https:\/\/cruzcartrade.com\/es_CO\/wp-json\/wp\/v2\/product"}],"about":[{"href":"https:\/\/cruzcartrade.com\/es_CO\/wp-json\/wp\/v2\/types\/product"}],"replies":[{"embeddable":true,"href":"https:\/\/cruzcartrade.com\/es_CO\/wp-json\/wp\/v2\/comments?post=13335"}],"wp:featuredmedia":[{"embeddable":true,"href":"https:\/\/cruzcartrade.com\/es_CO\/wp-json\/wp\/v2\/media\/13304"}],"wp:attachment":[{"href":"https:\/\/cruzcartrade.com\/es_CO\/wp-json\/wp\/v2\/media?parent=13335"}],"wp:term":[{"taxonomy":"product_brand","embeddable":true,"href":"https:\/\/cruzcartrade.com\/es_CO\/wp-json\/wp\/v2\/product_brand?post=13335"},{"taxonomy":"product_cat","embeddable":true,"href":"https:\/\/cruzcartrade.com\/es_CO\/wp-json\/wp\/v2\/product_cat?post=13335"},{"taxonomy":"product_tag","embeddable":true,"href":"https:\/\/cruzcartrade.com\/es_CO\/wp-json\/wp\/v2\/product_tag?post=13335"}],"curies":[{"name":"wp","href":"https:\/\/api.w.org\/{rel}","templated":true}]}}