{"id":13294,"date":"2026-04-04T12:52:29","date_gmt":"2026-04-04T17:52:29","guid":{"rendered":"https:\/\/cruzcartrade.com\/?post_type=product&#038;p=13294"},"modified":"2026-04-04T13:48:14","modified_gmt":"2026-04-04T18:48:14","slug":"cantonera-puerta-chapa-alemana","status":"publish","type":"product","link":"https:\/\/cruzcartrade.com\/es_CO\/product\/cantonera-puerta-chapa-alemana\/","title":{"rendered":"Cantonera Puerta Chapa Alemana"},"content":{"rendered":"<p><span data-sheets-root=\"1\">Cantonera O Recibidor De Puerta Chapa Alemana Met\u00e1lica. Somos CRUZ CAR TRADE S.A.S. Comercializadora de autopartes y repuestos para veh\u00edculos livianos y pesados. Ubicaci\u00f3n: Fontib\u00f3n Bogot\u00e1, Horario de atenci\u00f3n de lunes a s\u00e1bado de 8:00am a 5:00pm. (Las fotos de las publicaciones son de uso exclusivo y propiedad CRUZ CAR TRADE S.A.S.)<\/span><\/p>\n<p>&nbsp;<\/p>\n","protected":false},"excerpt":{"rendered":"<p><span data-sheets-root=\"1\">Cantonera O Recibidor De Puerta Chapa Alemana Met\u00e1lica. Somos CRUZ CAR TRADE S.A.S. Comercializadora de autopartes y repuestos para veh\u00edculos livianos y pesados. Ubicaci\u00f3n: Fontib\u00f3n Bogot\u00e1, Horario de atenci\u00f3n de lunes a s\u00e1bado de 8:00am a 5:00pm. (Las fotos de las publicaciones son de uso exclusivo y propiedad CRUZ CAR TRADE S.A.S.)<\/span><\/p>\n<p>&nbsp;<\/p>\n<p>&nbsp;<\/p>\n","protected":false},"featured_media":13319,"comment_status":"open","ping_status":"closed","template":"","meta":[],"product_brand":[213],"product_cat":[137,17],"product_tag":[],"class_list":{"0":"post-13294","1":"product","2":"type-product","3":"status-publish","4":"has-post-thumbnail","6":"product_brand-universal","7":"product_cat-cantoneras-de-puerta-carga-y-transporte","8":"product_cat-carga-y-transporte","10":"first","11":"instock","12":"shipping-taxable","13":"purchasable","14":"product-type-simple"},"aioseo_notices":[],"_links":{"self":[{"href":"https:\/\/cruzcartrade.com\/es_CO\/wp-json\/wp\/v2\/product\/13294","targetHints":{"allow":["GET"]}}],"collection":[{"href":"https:\/\/cruzcartrade.com\/es_CO\/wp-json\/wp\/v2\/product"}],"about":[{"href":"https:\/\/cruzcartrade.com\/es_CO\/wp-json\/wp\/v2\/types\/product"}],"replies":[{"embeddable":true,"href":"https:\/\/cruzcartrade.com\/es_CO\/wp-json\/wp\/v2\/comments?post=13294"}],"wp:featuredmedia":[{"embeddable":true,"href":"https:\/\/cruzcartrade.com\/es_CO\/wp-json\/wp\/v2\/media\/13319"}],"wp:attachment":[{"href":"https:\/\/cruzcartrade.com\/es_CO\/wp-json\/wp\/v2\/media?parent=13294"}],"wp:term":[{"taxonomy":"product_brand","embeddable":true,"href":"https:\/\/cruzcartrade.com\/es_CO\/wp-json\/wp\/v2\/product_brand?post=13294"},{"taxonomy":"product_cat","embeddable":true,"href":"https:\/\/cruzcartrade.com\/es_CO\/wp-json\/wp\/v2\/product_cat?post=13294"},{"taxonomy":"product_tag","embeddable":true,"href":"https:\/\/cruzcartrade.com\/es_CO\/wp-json\/wp\/v2\/product_tag?post=13294"}],"curies":[{"name":"wp","href":"https:\/\/api.w.org\/{rel}","templated":true}]}}