{"id":13231,"date":"2026-04-02T20:26:50","date_gmt":"2026-04-03T01:26:50","guid":{"rendered":"https:\/\/cruzcartrade.com\/?post_type=product&#038;p=13231"},"modified":"2026-04-02T20:40:55","modified_gmt":"2026-04-03T01:40:55","slug":"chapa-capo-dodge-600-modelo-1975-al-1980-metalica","status":"publish","type":"product","link":"https:\/\/cruzcartrade.com\/es_CO\/product\/chapa-capo-dodge-600-modelo-1975-al-1980-metalica\/","title":{"rendered":"Chapa Capo Dodge 600 Modelo 1975 Al 1980 Metalica"},"content":{"rendered":"<p><span data-sheets-root=\"1\">Chapa Capot Dodge 600 Modelos 75-80 Met\u00e1lica Zincada. Material: Met\u00e1lica, Color: Zinc. Somos CRUZ CAR TRADE S.A.S. Comercializadora de autopartes y repuestos para veh\u00edculos livianos y pesados, Horario de atenci\u00f3n de lunes a s\u00e1bado de 8:00am a 5:00pm. (Las fotos de las publicaciones son de uso exclusivo y propiedad CRUZ CAR TRADE S.A.S.) Fontib\u00f3n, Bogot\u00e1 D.c. Ten presente que las im\u00e1genes del producto publicado son fotos de referencia y no corresponden necesariamente a la posici\u00f3n real.<\/span><\/p>\n<p>&nbsp;<\/p>\n","protected":false},"excerpt":{"rendered":"<p><span data-sheets-root=\"1\">Chapa Capot Dodge 600 Modelos 75-80 Met\u00e1lica Zincada. Material: Met\u00e1lica, Color: Zinc. Somos CRUZ CAR TRADE S.A.S. Comercializadora de autopartes y repuestos para veh\u00edculos livianos y pesados, Horario de atenci\u00f3n de lunes a s\u00e1bado de 8:00am a 5:00pm. (Las fotos de las publicaciones son de uso exclusivo y propiedad CRUZ CAR TRADE S.A.S.) Fontib\u00f3n, Bogot\u00e1 D.c. Ten presente que las im\u00e1genes del producto publicado son fotos de referencia y no corresponden necesariamente a la posici\u00f3n real.<\/span><\/p>\n<p>&nbsp;<\/p>\n","protected":false},"featured_media":13215,"comment_status":"open","ping_status":"closed","template":"","meta":[],"product_brand":[193],"product_cat":[17,135],"product_tag":[],"class_list":{"0":"post-13231","1":"product","2":"type-product","3":"status-publish","4":"has-post-thumbnail","6":"product_brand-dodge","7":"product_cat-carga-y-transporte","8":"product_cat-chapas-de-capo-carga-y-transporte","10":"first","11":"instock","12":"shipping-taxable","13":"purchasable","14":"product-type-simple"},"aioseo_notices":[],"_links":{"self":[{"href":"https:\/\/cruzcartrade.com\/es_CO\/wp-json\/wp\/v2\/product\/13231","targetHints":{"allow":["GET"]}}],"collection":[{"href":"https:\/\/cruzcartrade.com\/es_CO\/wp-json\/wp\/v2\/product"}],"about":[{"href":"https:\/\/cruzcartrade.com\/es_CO\/wp-json\/wp\/v2\/types\/product"}],"replies":[{"embeddable":true,"href":"https:\/\/cruzcartrade.com\/es_CO\/wp-json\/wp\/v2\/comments?post=13231"}],"wp:featuredmedia":[{"embeddable":true,"href":"https:\/\/cruzcartrade.com\/es_CO\/wp-json\/wp\/v2\/media\/13215"}],"wp:attachment":[{"href":"https:\/\/cruzcartrade.com\/es_CO\/wp-json\/wp\/v2\/media?parent=13231"}],"wp:term":[{"taxonomy":"product_brand","embeddable":true,"href":"https:\/\/cruzcartrade.com\/es_CO\/wp-json\/wp\/v2\/product_brand?post=13231"},{"taxonomy":"product_cat","embeddable":true,"href":"https:\/\/cruzcartrade.com\/es_CO\/wp-json\/wp\/v2\/product_cat?post=13231"},{"taxonomy":"product_tag","embeddable":true,"href":"https:\/\/cruzcartrade.com\/es_CO\/wp-json\/wp\/v2\/product_tag?post=13231"}],"curies":[{"name":"wp","href":"https:\/\/api.w.org\/{rel}","templated":true}]}}