{"id":12646,"date":"2026-03-21T21:54:42","date_gmt":"2026-03-22T02:54:42","guid":{"rendered":"https:\/\/cruzcartrade.com\/?post_type=product&#038;p=12646"},"modified":"2026-03-21T21:59:11","modified_gmt":"2026-03-22T02:59:11","slug":"kit-pasadores-puerta-chevrolet-swift-de-2-1-4-5-16-buje-bronce","status":"publish","type":"product","link":"https:\/\/cruzcartrade.com\/es_CO\/product\/kit-pasadores-puerta-chevrolet-swift-de-2-1-4-5-16-buje-bronce\/","title":{"rendered":"Kit Pasadores Puerta Chevrolet Swift De 2  1\/4 * 5\/16 Buje Bronce"},"content":{"rendered":"<p><span data-sheets-root=\"1\">KIT DE PASADORES 2 UNIDADES PARA PUERTA CHEVROLET SWIFT Varios De 2 1\/4&#8243; * 5\/16&#8243; Buje EN Bronce. Material: Metal, Color: Galvanizado. Somos CRUZ CAR TRADE S.A.S. Comercializadora de autopartes y repuestos para veh\u00edculos livianos y pesados, Horario de atenci\u00f3n de lunes a s\u00e1bado de 8:00am a 5:00pm. (Las fotos de las publicaciones son de uso exclusivo y propiedad CRUZ CAR TRADE S.A.S.) Fontib\u00f3n, Bogot\u00e1 D.c. Ten presente que las im\u00e1genes del producto publicado son fotos de referencia y no corresponden necesariamente a la posici\u00f3n real.<\/span><\/p>\n","protected":false},"excerpt":{"rendered":"<p><span data-sheets-root=\"1\">KIT DE PASADORES 2 UNIDADES PARA PUERTA CHEVROLET SWIFT Varios De 2 1\/4&#8243; * 5\/16&#8243; Buje EN Bronce. Material: Metal, Color: Galvanizado. Somos CRUZ CAR TRADE S.A.S. Comercializadora de autopartes y repuestos para veh\u00edculos livianos y pesados, Horario de atenci\u00f3n de lunes a s\u00e1bado de 8:00am a 5:00pm. (Las fotos de las publicaciones son de uso exclusivo y propiedad CRUZ CAR TRADE S.A.S.) Fontib\u00f3n, Bogot\u00e1 D.c. Ten presente que las im\u00e1genes del producto publicado son fotos de referencia y no corresponden necesariamente a la posici\u00f3n real.<\/span><\/p>\n","protected":false},"featured_media":12643,"comment_status":"open","ping_status":"closed","template":"","meta":[],"product_brand":[80],"product_cat":[102,16],"product_tag":[],"class_list":{"0":"post-12646","1":"product","2":"type-product","3":"status-publish","4":"has-post-thumbnail","6":"product_brand-chevrolet","7":"product_cat-pasadores-de-puerta","8":"product_cat-vehiculos-livianos","10":"first","11":"instock","12":"shipping-taxable","13":"purchasable","14":"product-type-simple"},"aioseo_notices":[],"_links":{"self":[{"href":"https:\/\/cruzcartrade.com\/es_CO\/wp-json\/wp\/v2\/product\/12646","targetHints":{"allow":["GET"]}}],"collection":[{"href":"https:\/\/cruzcartrade.com\/es_CO\/wp-json\/wp\/v2\/product"}],"about":[{"href":"https:\/\/cruzcartrade.com\/es_CO\/wp-json\/wp\/v2\/types\/product"}],"replies":[{"embeddable":true,"href":"https:\/\/cruzcartrade.com\/es_CO\/wp-json\/wp\/v2\/comments?post=12646"}],"wp:featuredmedia":[{"embeddable":true,"href":"https:\/\/cruzcartrade.com\/es_CO\/wp-json\/wp\/v2\/media\/12643"}],"wp:attachment":[{"href":"https:\/\/cruzcartrade.com\/es_CO\/wp-json\/wp\/v2\/media?parent=12646"}],"wp:term":[{"taxonomy":"product_brand","embeddable":true,"href":"https:\/\/cruzcartrade.com\/es_CO\/wp-json\/wp\/v2\/product_brand?post=12646"},{"taxonomy":"product_cat","embeddable":true,"href":"https:\/\/cruzcartrade.com\/es_CO\/wp-json\/wp\/v2\/product_cat?post=12646"},{"taxonomy":"product_tag","embeddable":true,"href":"https:\/\/cruzcartrade.com\/es_CO\/wp-json\/wp\/v2\/product_tag?post=12646"}],"curies":[{"name":"wp","href":"https:\/\/api.w.org\/{rel}","templated":true}]}}