{"id":12525,"date":"2026-03-21T15:50:41","date_gmt":"2026-03-21T20:50:41","guid":{"rendered":"https:\/\/cruzcartrade.com\/?post_type=product&#038;p=12525"},"modified":"2026-03-21T16:01:49","modified_gmt":"2026-03-21T21:01:49","slug":"motor-de-bloqueo-central-delantera-chevrolet-aveo-12-volteos","status":"publish","type":"product","link":"https:\/\/cruzcartrade.com\/es_CO\/product\/motor-de-bloqueo-central-delantera-chevrolet-aveo-12-volteos\/","title":{"rendered":"Motor De Bloqueo Central Delantera Chevrolet Aveo 12 Volteos Derecha O Izquierda"},"content":{"rendered":"<p><span data-sheets-root=\"1\">PISTOLA MOTOR DE BLOQUEO CENTRAL DELANTERA CHEVROLET AVEO DE 12 VOLTIOS DERECHA O IZQUIERDA. Somos CRUZ CAR TRADE S.A.S. Comercializadora de autopartes y repuestos para veh\u00edculos livianos y pesados. Ubicaci\u00f3n: Fontib\u00f3n Bogot\u00e1, Horario de atenci\u00f3n de lunes a s\u00e1bado de 8:00am a 5:00pm. (Las fotos de las publicaciones son de uso exclusivo y propiedad CRUZ CAR TRADE S.A.S.)<\/span><\/p>\n","protected":false},"excerpt":{"rendered":"<p><span data-sheets-root=\"1\">PISTOLA MOTOR DE BLOQUEO CENTRAL DELANTERA CHEVROLET AVEO DE 12 VOLTIOS DERECHA O IZQUIERDA. Somos CRUZ CAR TRADE S.A.S. Comercializadora de autopartes y repuestos para veh\u00edculos livianos y pesados. Ubicaci\u00f3n: Fontib\u00f3n Bogot\u00e1, Horario de atenci\u00f3n de lunes a s\u00e1bado de 8:00am a 5:00pm. (Las fotos de las publicaciones son de uso exclusivo y propiedad CRUZ CAR TRADE S.A.S.)<\/span><\/p>\n","protected":false},"featured_media":12529,"comment_status":"open","ping_status":"closed","template":"","meta":[],"product_brand":[80],"product_cat":[112,16],"product_tag":[],"class_list":{"0":"post-12525","1":"product","2":"type-product","3":"status-publish","4":"has-post-thumbnail","6":"product_brand-chevrolet","7":"product_cat-pistolas-de-bloqueo","8":"product_cat-vehiculos-livianos","10":"first","11":"instock","12":"shipping-taxable","13":"purchasable","14":"product-type-variable"},"aioseo_notices":[],"_links":{"self":[{"href":"https:\/\/cruzcartrade.com\/es_CO\/wp-json\/wp\/v2\/product\/12525","targetHints":{"allow":["GET"]}}],"collection":[{"href":"https:\/\/cruzcartrade.com\/es_CO\/wp-json\/wp\/v2\/product"}],"about":[{"href":"https:\/\/cruzcartrade.com\/es_CO\/wp-json\/wp\/v2\/types\/product"}],"replies":[{"embeddable":true,"href":"https:\/\/cruzcartrade.com\/es_CO\/wp-json\/wp\/v2\/comments?post=12525"}],"wp:featuredmedia":[{"embeddable":true,"href":"https:\/\/cruzcartrade.com\/es_CO\/wp-json\/wp\/v2\/media\/12529"}],"wp:attachment":[{"href":"https:\/\/cruzcartrade.com\/es_CO\/wp-json\/wp\/v2\/media?parent=12525"}],"wp:term":[{"taxonomy":"product_brand","embeddable":true,"href":"https:\/\/cruzcartrade.com\/es_CO\/wp-json\/wp\/v2\/product_brand?post=12525"},{"taxonomy":"product_cat","embeddable":true,"href":"https:\/\/cruzcartrade.com\/es_CO\/wp-json\/wp\/v2\/product_cat?post=12525"},{"taxonomy":"product_tag","embeddable":true,"href":"https:\/\/cruzcartrade.com\/es_CO\/wp-json\/wp\/v2\/product_tag?post=12525"}],"curies":[{"name":"wp","href":"https:\/\/api.w.org\/{rel}","templated":true}]}}