{"id":12490,"date":"2026-03-21T14:47:09","date_gmt":"2026-03-21T19:47:09","guid":{"rendered":"https:\/\/cruzcartrade.com\/?post_type=product&#038;p=12490"},"modified":"2026-03-21T14:53:40","modified_gmt":"2026-03-21T19:53:40","slug":"switch-elevavidrios-doble-chevrolet-aveo-family-spark-gt-go","status":"publish","type":"product","link":"https:\/\/cruzcartrade.com\/es_CO\/product\/switch-elevavidrios-doble-chevrolet-aveo-family-spark-gt-go\/","title":{"rendered":"Switch Elevavidrios Doble Chevrolet Aveo Family Spark Gt, Go"},"content":{"rendered":"<p><span data-sheets-root=\"1\">SWITCH ELEVAVIDRIOS DOBLE CHEVROLET AVEO FAMILY, GO, GT PACHA PEQUE\u00d1A 6 PINES.<br \/>\nMODELOS QUE APLICA:<br \/>\n&#8211; Chevrolet Aveo Family<br \/>\n&#8211; Chevrolet Spark GT<br \/>\n&#8211; Chevrolet Spark GT<br \/>\nSomos CRUZ CAR TRADE S.A.S. Comercializadora de autopartes y repuestos para veh\u00edculos livianos y pesados. Ubicaci\u00f3n: Fontib\u00f3n Bogot\u00e1, Horario de atenci\u00f3n de lunes a s\u00e1bado de 8:00am a 5:00pm. (Las fotos de las publicaciones son de uso exclusivo y propiedad CRUZ CAR TRADE S.A.S.)<\/span><\/p>\n","protected":false},"excerpt":{"rendered":"<p><span data-sheets-root=\"1\">SWITCH ELEVAVIDRIOS DOBLE CHEVROLET AVEO FAMILY, GO, GT PACHA PEQUE\u00d1A 6 PINES.<br \/>\nMODELOS QUE APLICA:<br \/>\n&#8211; Chevrolet Aveo Family<br \/>\n&#8211; Chevrolet Spark GT<br \/>\n&#8211; Chevrolet Spark GT<br \/>\nSomos CRUZ CAR TRADE S.A.S. Comercializadora de autopartes y repuestos para veh\u00edculos livianos y pesados. Ubicaci\u00f3n: Fontib\u00f3n Bogot\u00e1, Horario de atenci\u00f3n de lunes a s\u00e1bado de 8:00am a 5:00pm. (Las fotos de las publicaciones son de uso exclusivo y propiedad CRUZ CAR TRADE S.A.S.)<\/span><\/p>\n","protected":false},"featured_media":12497,"comment_status":"open","ping_status":"closed","template":"","meta":[],"product_brand":[80],"product_cat":[96,16],"product_tag":[],"class_list":{"0":"post-12490","1":"product","2":"type-product","3":"status-publish","4":"has-post-thumbnail","6":"product_brand-chevrolet","7":"product_cat-switch-elevavidrios","8":"product_cat-vehiculos-livianos","10":"first","11":"instock","12":"shipping-taxable","13":"purchasable","14":"product-type-simple"},"aioseo_notices":[],"_links":{"self":[{"href":"https:\/\/cruzcartrade.com\/es_CO\/wp-json\/wp\/v2\/product\/12490","targetHints":{"allow":["GET"]}}],"collection":[{"href":"https:\/\/cruzcartrade.com\/es_CO\/wp-json\/wp\/v2\/product"}],"about":[{"href":"https:\/\/cruzcartrade.com\/es_CO\/wp-json\/wp\/v2\/types\/product"}],"replies":[{"embeddable":true,"href":"https:\/\/cruzcartrade.com\/es_CO\/wp-json\/wp\/v2\/comments?post=12490"}],"wp:featuredmedia":[{"embeddable":true,"href":"https:\/\/cruzcartrade.com\/es_CO\/wp-json\/wp\/v2\/media\/12497"}],"wp:attachment":[{"href":"https:\/\/cruzcartrade.com\/es_CO\/wp-json\/wp\/v2\/media?parent=12490"}],"wp:term":[{"taxonomy":"product_brand","embeddable":true,"href":"https:\/\/cruzcartrade.com\/es_CO\/wp-json\/wp\/v2\/product_brand?post=12490"},{"taxonomy":"product_cat","embeddable":true,"href":"https:\/\/cruzcartrade.com\/es_CO\/wp-json\/wp\/v2\/product_cat?post=12490"},{"taxonomy":"product_tag","embeddable":true,"href":"https:\/\/cruzcartrade.com\/es_CO\/wp-json\/wp\/v2\/product_tag?post=12490"}],"curies":[{"name":"wp","href":"https:\/\/api.w.org\/{rel}","templated":true}]}}