{"id":12476,"date":"2026-03-21T14:24:53","date_gmt":"2026-03-21T19:24:53","guid":{"rendered":"https:\/\/cruzcartrade.com\/?post_type=product&#038;p=12476"},"modified":"2026-03-21T14:26:21","modified_gmt":"2026-03-21T19:26:21","slug":"switch-elevavidrios-kenworth-doble-izquierdo","status":"publish","type":"product","link":"https:\/\/cruzcartrade.com\/es_CO\/product\/switch-elevavidrios-kenworth-doble-izquierdo\/","title":{"rendered":"Switch Elevavidrios Kenworth Doble Izquierdo"},"content":{"rendered":"<p><span data-sheets-root=\"1\">SWITCH ELEVAVIDRIOS KENWORTH PACCAR DOBLE IZQUIERDO, IMPORTADO. Somos CRUZ CAR TRADE S.A.S. Comercializadora de autopartes y repuestos para veh\u00edculos livianos y pesados. Ubicaci\u00f3n: Fontib\u00f3n Bogot\u00e1, Horario de atenci\u00f3n de lunes a s\u00e1bado de 8:00am a 5:00pm. (Las fotos de las publicaciones son de uso exclusivo y propiedad CRUZ CAR TRADE S.A.S.)<br \/>\n<\/span><\/p>\n","protected":false},"excerpt":{"rendered":"<p><span data-sheets-root=\"1\">SWITCH ELEVAVIDRIOS KENWORTH PACCAR DOBLE IZQUIERDO, IMPORTADO. Somos CRUZ CAR TRADE S.A.S. Comercializadora de autopartes y repuestos para veh\u00edculos livianos y pesados. Ubicaci\u00f3n: Fontib\u00f3n Bogot\u00e1, Horario de atenci\u00f3n de lunes a s\u00e1bado de 8:00am a 5:00pm. (Las fotos de las publicaciones son de uso exclusivo y propiedad CRUZ CAR TRADE S.A.S.)<br \/>\n<\/span><\/p>\n","protected":false},"featured_media":12472,"comment_status":"open","ping_status":"closed","template":"","meta":[],"product_brand":[60],"product_cat":[17,119],"product_tag":[],"class_list":{"0":"post-12476","1":"product","2":"type-product","3":"status-publish","4":"has-post-thumbnail","6":"product_brand-kenworth","7":"product_cat-carga-y-transporte","8":"product_cat-switch-elevavidrios-carga-y-transporte","10":"first","11":"instock","12":"shipping-taxable","13":"purchasable","14":"product-type-simple"},"aioseo_notices":[],"_links":{"self":[{"href":"https:\/\/cruzcartrade.com\/es_CO\/wp-json\/wp\/v2\/product\/12476","targetHints":{"allow":["GET"]}}],"collection":[{"href":"https:\/\/cruzcartrade.com\/es_CO\/wp-json\/wp\/v2\/product"}],"about":[{"href":"https:\/\/cruzcartrade.com\/es_CO\/wp-json\/wp\/v2\/types\/product"}],"replies":[{"embeddable":true,"href":"https:\/\/cruzcartrade.com\/es_CO\/wp-json\/wp\/v2\/comments?post=12476"}],"wp:featuredmedia":[{"embeddable":true,"href":"https:\/\/cruzcartrade.com\/es_CO\/wp-json\/wp\/v2\/media\/12472"}],"wp:attachment":[{"href":"https:\/\/cruzcartrade.com\/es_CO\/wp-json\/wp\/v2\/media?parent=12476"}],"wp:term":[{"taxonomy":"product_brand","embeddable":true,"href":"https:\/\/cruzcartrade.com\/es_CO\/wp-json\/wp\/v2\/product_brand?post=12476"},{"taxonomy":"product_cat","embeddable":true,"href":"https:\/\/cruzcartrade.com\/es_CO\/wp-json\/wp\/v2\/product_cat?post=12476"},{"taxonomy":"product_tag","embeddable":true,"href":"https:\/\/cruzcartrade.com\/es_CO\/wp-json\/wp\/v2\/product_tag?post=12476"}],"curies":[{"name":"wp","href":"https:\/\/api.w.org\/{rel}","templated":true}]}}