{"id":12251,"date":"2026-03-12T23:13:55","date_gmt":"2026-03-13T04:13:55","guid":{"rendered":"https:\/\/cruzcartrade.com\/?post_type=product&#038;p=12251"},"modified":"2026-03-12T23:22:20","modified_gmt":"2026-03-13T04:22:20","slug":"chapa-guantera-para-chevrolet-n300-y-n200-plastica","status":"publish","type":"product","link":"https:\/\/cruzcartrade.com\/es_CO\/product\/chapa-guantera-para-chevrolet-n300-y-n200-plastica\/","title":{"rendered":"Chapa Guantera Para Chevrolet N300 Y N200 Pl\u00e1stica"},"content":{"rendered":"<p><span data-sheets-root=\"1\">CHAPA GUANTERA CHEVROLET NE300 Y N200 PLASTICA Compatible para m\u00faltiples veh\u00edculos. Material: Pl\u00e1stica, Color: Gris. Somos CRUZ CAR TRADE S.A.S. Comercializadora de autopartes y repuestos para veh\u00edculos livianos y pesados, Horario de atenci\u00f3n de lunes a s\u00e1bado de 8:00am a 5:00pm. (Las fotos de las publicaciones son de uso exclusivo y propiedad CRUZ CAR TRADE S.A.S.) Fontib\u00f3n, Bogot\u00e1 D.c.<\/span><\/p>\n","protected":false},"excerpt":{"rendered":"<p><span data-sheets-root=\"1\">CHAPA GUANTERA CHEVROLET NE300 Y N200 PLASTICA Compatible para m\u00faltiples veh\u00edculos. Material: Pl\u00e1stica, Color: Gris. Somos CRUZ CAR TRADE S.A.S. Comercializadora de autopartes y repuestos para veh\u00edculos livianos y pesados, Horario de atenci\u00f3n de lunes a s\u00e1bado de 8:00am a 5:00pm. (Las fotos de las publicaciones son de uso exclusivo y propiedad CRUZ CAR TRADE S.A.S.) Fontib\u00f3n, Bogot\u00e1 D.c.<\/span><\/p>\n","protected":false},"featured_media":12253,"comment_status":"open","ping_status":"closed","template":"","meta":[],"product_brand":[80],"product_cat":[17,134],"product_tag":[],"class_list":{"0":"post-12251","1":"product","2":"type-product","3":"status-publish","4":"has-post-thumbnail","6":"product_brand-chevrolet","7":"product_cat-carga-y-transporte","8":"product_cat-chapas-de-guantera-carga-y-transporte","10":"first","11":"instock","12":"shipping-taxable","13":"purchasable","14":"product-type-simple"},"aioseo_notices":[],"_links":{"self":[{"href":"https:\/\/cruzcartrade.com\/es_CO\/wp-json\/wp\/v2\/product\/12251","targetHints":{"allow":["GET"]}}],"collection":[{"href":"https:\/\/cruzcartrade.com\/es_CO\/wp-json\/wp\/v2\/product"}],"about":[{"href":"https:\/\/cruzcartrade.com\/es_CO\/wp-json\/wp\/v2\/types\/product"}],"replies":[{"embeddable":true,"href":"https:\/\/cruzcartrade.com\/es_CO\/wp-json\/wp\/v2\/comments?post=12251"}],"wp:featuredmedia":[{"embeddable":true,"href":"https:\/\/cruzcartrade.com\/es_CO\/wp-json\/wp\/v2\/media\/12253"}],"wp:attachment":[{"href":"https:\/\/cruzcartrade.com\/es_CO\/wp-json\/wp\/v2\/media?parent=12251"}],"wp:term":[{"taxonomy":"product_brand","embeddable":true,"href":"https:\/\/cruzcartrade.com\/es_CO\/wp-json\/wp\/v2\/product_brand?post=12251"},{"taxonomy":"product_cat","embeddable":true,"href":"https:\/\/cruzcartrade.com\/es_CO\/wp-json\/wp\/v2\/product_cat?post=12251"},{"taxonomy":"product_tag","embeddable":true,"href":"https:\/\/cruzcartrade.com\/es_CO\/wp-json\/wp\/v2\/product_tag?post=12251"}],"curies":[{"name":"wp","href":"https:\/\/api.w.org\/{rel}","templated":true}]}}