{"id":12226,"date":"2026-03-12T21:51:09","date_gmt":"2026-03-13T02:51:09","guid":{"rendered":"https:\/\/cruzcartrade.com\/?post_type=product&#038;p=12226"},"modified":"2026-03-12T22:16:35","modified_gmt":"2026-03-13T03:16:35","slug":"switch-encendido-volkswagen-golf-gti-jetta-2-pines-2-llave","status":"publish","type":"product","link":"https:\/\/cruzcartrade.com\/es_CO\/product\/switch-encendido-volkswagen-golf-gti-jetta-2-pines-2-llave\/","title":{"rendered":"Switch Encendido Volkswagen Golf, Gti, Jetta 2 Pines 2 Llave"},"content":{"rendered":"<p><span data-sheets-root=\"1\">SWITCH ENCENDIDO VOLKSWAGEN GOLF, GTI, JETTA 2 PINES 2 LLAVES MAPA. Material: Met\u00e1lico, Color: Negro y Plateado. Somos CRUZ CAR TRADE S.A.S. Comercializadora de autopartes y repuestos para veh\u00edculos livianos y pesados, Horario de atenci\u00f3n de lunes a s\u00e1bado de 8:00am a 5:00pm. (Las fotos de las publicaciones son de uso exclusivo y propiedad CRUZ CAR TRADE S.A.S.) Fontib\u00f3n, Bogot\u00e1 D.c<\/span><\/p>\n","protected":false},"excerpt":{"rendered":"<p><span data-sheets-root=\"1\">SWITCH ENCENDIDO VOLKSWAGEN GOLF, GTI, JETTA 2 PINES 2 LLAVES MAPA. Material: Met\u00e1lico, Color: Negro y Plateado. Somos CRUZ CAR TRADE S.A.S. Comercializadora de autopartes y repuestos para veh\u00edculos livianos y pesados, Horario de atenci\u00f3n de lunes a s\u00e1bado de 8:00am a 5:00pm. (Las fotos de las publicaciones son de uso exclusivo y propiedad CRUZ CAR TRADE S.A.S.) Fontib\u00f3n, Bogot\u00e1 D.c<\/span><\/p>\n","protected":false},"featured_media":12227,"comment_status":"open","ping_status":"closed","template":"","meta":[],"product_brand":[210],"product_cat":[95,16],"product_tag":[],"class_list":{"0":"post-12226","1":"product","2":"type-product","3":"status-publish","4":"has-post-thumbnail","6":"product_brand-volkswagen","7":"product_cat-switch-de-encendido","8":"product_cat-vehiculos-livianos","10":"first","11":"instock","12":"shipping-taxable","13":"purchasable","14":"product-type-simple"},"aioseo_notices":[],"_links":{"self":[{"href":"https:\/\/cruzcartrade.com\/es_CO\/wp-json\/wp\/v2\/product\/12226","targetHints":{"allow":["GET"]}}],"collection":[{"href":"https:\/\/cruzcartrade.com\/es_CO\/wp-json\/wp\/v2\/product"}],"about":[{"href":"https:\/\/cruzcartrade.com\/es_CO\/wp-json\/wp\/v2\/types\/product"}],"replies":[{"embeddable":true,"href":"https:\/\/cruzcartrade.com\/es_CO\/wp-json\/wp\/v2\/comments?post=12226"}],"wp:featuredmedia":[{"embeddable":true,"href":"https:\/\/cruzcartrade.com\/es_CO\/wp-json\/wp\/v2\/media\/12227"}],"wp:attachment":[{"href":"https:\/\/cruzcartrade.com\/es_CO\/wp-json\/wp\/v2\/media?parent=12226"}],"wp:term":[{"taxonomy":"product_brand","embeddable":true,"href":"https:\/\/cruzcartrade.com\/es_CO\/wp-json\/wp\/v2\/product_brand?post=12226"},{"taxonomy":"product_cat","embeddable":true,"href":"https:\/\/cruzcartrade.com\/es_CO\/wp-json\/wp\/v2\/product_cat?post=12226"},{"taxonomy":"product_tag","embeddable":true,"href":"https:\/\/cruzcartrade.com\/es_CO\/wp-json\/wp\/v2\/product_tag?post=12226"}],"curies":[{"name":"wp","href":"https:\/\/api.w.org\/{rel}","templated":true}]}}