{"id":12214,"date":"2026-03-12T11:31:30","date_gmt":"2026-03-12T16:31:30","guid":{"rendered":"https:\/\/cruzcartrade.com\/?post_type=product&#038;p=12214"},"modified":"2026-03-12T11:43:01","modified_gmt":"2026-03-12T16:43:01","slug":"switch-encendido-volkswagen-gol-saveiro-modelo-1999-2009-llave-mapa-con-2-llaves","status":"publish","type":"product","link":"https:\/\/cruzcartrade.com\/es_CO\/product\/switch-encendido-volkswagen-gol-saveiro-modelo-1999-2009-llave-mapa-con-2-llaves\/","title":{"rendered":"Switch Encendido Volkswagen Gol, Saveiro Modelo 1999-2009 Llave Mapa Con 2 Llaves"},"content":{"rendered":"<p><span data-sheets-root=\"1\">SWITCH ENCENDIDO VOLKSWAGEN GOL, SAVEIRO MODELOS DEL 1999 AL 2009 LLAVE MAPA CON 2 LLAVES. Material: Met\u00e1lico, Color: Negro Plateado. Somos CRUZ CAR TRADE S.A.S. Comercializadora de autopartes y repuestos para veh\u00edculos livianos y pesados, Horario de atenci\u00f3n de lunes a s\u00e1bado de 8:00am a 5:00pm. (Las fotos de las publicaciones son de uso exclusivo y propiedad CRUZ CAR TRADE S.A.S.) Fontib\u00f3n, Bogot\u00e1 D.c<\/span><\/p>\n","protected":false},"excerpt":{"rendered":"<p><span data-sheets-root=\"1\">SWITCH ENCENDIDO VOLKSWAGEN GOL, SAVEIRO MODELOS DEL 1999 AL 2009 LLAVE MAPA CON 2 LLAVES. Material: Met\u00e1lico, Color: Negro Plateado. Somos CRUZ CAR TRADE S.A.S. Comercializadora de autopartes y repuestos para veh\u00edculos livianos y pesados, Horario de atenci\u00f3n de lunes a s\u00e1bado de 8:00am a 5:00pm. (Las fotos de las publicaciones son de uso exclusivo y propiedad CRUZ CAR TRADE S.A.S.) Fontib\u00f3n, Bogot\u00e1 D.c<\/span><\/p>\n","protected":false},"featured_media":12215,"comment_status":"open","ping_status":"closed","template":"","meta":[],"product_brand":[210],"product_cat":[95,16],"product_tag":[],"class_list":{"0":"post-12214","1":"product","2":"type-product","3":"status-publish","4":"has-post-thumbnail","6":"product_brand-volkswagen","7":"product_cat-switch-de-encendido","8":"product_cat-vehiculos-livianos","10":"first","11":"instock","12":"shipping-taxable","13":"purchasable","14":"product-type-simple"},"aioseo_notices":[],"_links":{"self":[{"href":"https:\/\/cruzcartrade.com\/es_CO\/wp-json\/wp\/v2\/product\/12214","targetHints":{"allow":["GET"]}}],"collection":[{"href":"https:\/\/cruzcartrade.com\/es_CO\/wp-json\/wp\/v2\/product"}],"about":[{"href":"https:\/\/cruzcartrade.com\/es_CO\/wp-json\/wp\/v2\/types\/product"}],"replies":[{"embeddable":true,"href":"https:\/\/cruzcartrade.com\/es_CO\/wp-json\/wp\/v2\/comments?post=12214"}],"wp:featuredmedia":[{"embeddable":true,"href":"https:\/\/cruzcartrade.com\/es_CO\/wp-json\/wp\/v2\/media\/12215"}],"wp:attachment":[{"href":"https:\/\/cruzcartrade.com\/es_CO\/wp-json\/wp\/v2\/media?parent=12214"}],"wp:term":[{"taxonomy":"product_brand","embeddable":true,"href":"https:\/\/cruzcartrade.com\/es_CO\/wp-json\/wp\/v2\/product_brand?post=12214"},{"taxonomy":"product_cat","embeddable":true,"href":"https:\/\/cruzcartrade.com\/es_CO\/wp-json\/wp\/v2\/product_cat?post=12214"},{"taxonomy":"product_tag","embeddable":true,"href":"https:\/\/cruzcartrade.com\/es_CO\/wp-json\/wp\/v2\/product_tag?post=12214"}],"curies":[{"name":"wp","href":"https:\/\/api.w.org\/{rel}","templated":true}]}}