{"id":12149,"date":"2026-03-07T17:21:27","date_gmt":"2026-03-07T22:21:27","guid":{"rendered":"https:\/\/cruzcartrade.com\/?post_type=product&#038;p=12149"},"modified":"2026-03-11T19:24:50","modified_gmt":"2026-03-12T00:24:50","slug":"switch-encendido-chevrolet-blazer-cheyenne-c10-c30-modelo-1993-al-1997","status":"publish","type":"product","link":"https:\/\/cruzcartrade.com\/es_CO\/product\/switch-encendido-chevrolet-blazer-cheyenne-c10-c30-modelo-1993-al-1997\/","title":{"rendered":"Switch Encendido Chevrolet Blazer, Cheyenne C10, C30 Modelo 1993 Al 1997"},"content":{"rendered":"<p><span data-sheets-root=\"1\">Switch Encendido Chevrolet Blazer, Cheyenne, C10, C30 Con Pin, Modelos del 93 al 97 Con dos Llaves. Material: Met\u00e1lico, Color: Plateado, Negro. Somos CRUZ CAR TRADE S.A.S. Comercializadora de autopartes y repuestos para veh\u00edculos livianos y pesados, Horario de atenci\u00f3n de lunes a s\u00e1bado de 8:00am a 5:00pm. (Las fotos de las publicaciones son de uso exclusivo y propiedad CRUZ CAR TRADE S.A.S.) Fontib\u00f3n, Bogot\u00e1 D.c.<\/span><\/p>\n","protected":false},"excerpt":{"rendered":"<p><span data-sheets-root=\"1\">Switch Encendido Chevrolet Blazer, Cheyenne, C10, C30 Con Pin, Modelos del 93 al 97 Con dos Llaves. Material: Met\u00e1lico, Color: Plateado, Negro. Somos CRUZ CAR TRADE S.A.S. Comercializadora de autopartes y repuestos para veh\u00edculos livianos y pesados, Horario de atenci\u00f3n de lunes a s\u00e1bado de 8:00am a 5:00pm. (Las fotos de las publicaciones son de uso exclusivo y propiedad CRUZ CAR TRADE S.A.S.) Fontib\u00f3n, Bogot\u00e1 D.c.<\/span><\/p>\n","protected":false},"featured_media":12154,"comment_status":"open","ping_status":"closed","template":"","meta":[],"product_brand":[80],"product_cat":[95,16],"product_tag":[],"class_list":{"0":"post-12149","1":"product","2":"type-product","3":"status-publish","4":"has-post-thumbnail","6":"product_brand-chevrolet","7":"product_cat-switch-de-encendido","8":"product_cat-vehiculos-livianos","10":"first","11":"instock","12":"shipping-taxable","13":"purchasable","14":"product-type-simple"},"aioseo_notices":[],"_links":{"self":[{"href":"https:\/\/cruzcartrade.com\/es_CO\/wp-json\/wp\/v2\/product\/12149","targetHints":{"allow":["GET"]}}],"collection":[{"href":"https:\/\/cruzcartrade.com\/es_CO\/wp-json\/wp\/v2\/product"}],"about":[{"href":"https:\/\/cruzcartrade.com\/es_CO\/wp-json\/wp\/v2\/types\/product"}],"replies":[{"embeddable":true,"href":"https:\/\/cruzcartrade.com\/es_CO\/wp-json\/wp\/v2\/comments?post=12149"}],"wp:featuredmedia":[{"embeddable":true,"href":"https:\/\/cruzcartrade.com\/es_CO\/wp-json\/wp\/v2\/media\/12154"}],"wp:attachment":[{"href":"https:\/\/cruzcartrade.com\/es_CO\/wp-json\/wp\/v2\/media?parent=12149"}],"wp:term":[{"taxonomy":"product_brand","embeddable":true,"href":"https:\/\/cruzcartrade.com\/es_CO\/wp-json\/wp\/v2\/product_brand?post=12149"},{"taxonomy":"product_cat","embeddable":true,"href":"https:\/\/cruzcartrade.com\/es_CO\/wp-json\/wp\/v2\/product_cat?post=12149"},{"taxonomy":"product_tag","embeddable":true,"href":"https:\/\/cruzcartrade.com\/es_CO\/wp-json\/wp\/v2\/product_tag?post=12149"}],"curies":[{"name":"wp","href":"https:\/\/api.w.org\/{rel}","templated":true}]}}