{"id":12148,"date":"2026-03-07T17:19:27","date_gmt":"2026-03-07T22:19:27","guid":{"rendered":"https:\/\/cruzcartrade.com\/?post_type=product&#038;p=12148"},"modified":"2026-03-07T17:21:07","modified_gmt":"2026-03-07T22:21:07","slug":"cilindro-de-seguridad-car-show-x-3","status":"publish","type":"product","link":"https:\/\/cruzcartrade.com\/es_CO\/product\/cilindro-de-seguridad-car-show-x-3\/","title":{"rendered":"Cilindro De Seguridad Car Show x 3"},"content":{"rendered":"<p><span data-sheets-root=\"1\">KIT DE CILINDROS DE SEGURIDAD CAR-SHOW x 3 DE LUJO CON LLAVES. Material: Met\u00e1lico, Color: Negro Brillante. Somos CRUZ CAR TRADE S.A.S. Comercializadora de autopartes y repuestos para veh\u00edculos livianos y pesados, Horario de atenci\u00f3n de lunes a s\u00e1bado de 8:00am a 5:00pm. (Las fotos de las publicaciones son de uso exclusivo y propiedad CRUZ CAR TRADE S.A.S.) Fontib\u00f3n, Bogot\u00e1 D.c<\/span><\/p>\n","protected":false},"excerpt":{"rendered":"<p><span data-sheets-root=\"1\">KIT DE CILINDROS DE SEGURIDAD CAR-SHOW x3 DE LUJO CON LLAVES. Material: Met\u00e1lico, Color: Negro Brillante. Somos CRUZ CAR TRADE S.A.S. Comercializadora de autopartes y repuestos para veh\u00edculos livianos y pesados, Horario de atenci\u00f3n de lunes a s\u00e1bado de 8:00am a 5:00pm. (Las fotos de las publicaciones son de uso exclusivo y propiedad CRUZ CAR TRADE S.A.S.) Fontib\u00f3n, Bogot\u00e1 D.c<\/span><\/p>\n","protected":false},"featured_media":12144,"comment_status":"open","ping_status":"closed","template":"","meta":[],"product_brand":[213],"product_cat":[17,92,132,16],"product_tag":[],"class_list":{"0":"post-12148","1":"product","2":"type-product","3":"status-publish","4":"has-post-thumbnail","6":"product_brand-universal","7":"product_cat-carga-y-transporte","8":"product_cat-cilindros-de-puerta","9":"product_cat-cilindros-de-puerta-carga-y-transporte","10":"product_cat-vehiculos-livianos","12":"first","13":"instock","14":"shipping-taxable","15":"purchasable","16":"product-type-simple"},"aioseo_notices":[],"_links":{"self":[{"href":"https:\/\/cruzcartrade.com\/es_CO\/wp-json\/wp\/v2\/product\/12148","targetHints":{"allow":["GET"]}}],"collection":[{"href":"https:\/\/cruzcartrade.com\/es_CO\/wp-json\/wp\/v2\/product"}],"about":[{"href":"https:\/\/cruzcartrade.com\/es_CO\/wp-json\/wp\/v2\/types\/product"}],"replies":[{"embeddable":true,"href":"https:\/\/cruzcartrade.com\/es_CO\/wp-json\/wp\/v2\/comments?post=12148"}],"wp:featuredmedia":[{"embeddable":true,"href":"https:\/\/cruzcartrade.com\/es_CO\/wp-json\/wp\/v2\/media\/12144"}],"wp:attachment":[{"href":"https:\/\/cruzcartrade.com\/es_CO\/wp-json\/wp\/v2\/media?parent=12148"}],"wp:term":[{"taxonomy":"product_brand","embeddable":true,"href":"https:\/\/cruzcartrade.com\/es_CO\/wp-json\/wp\/v2\/product_brand?post=12148"},{"taxonomy":"product_cat","embeddable":true,"href":"https:\/\/cruzcartrade.com\/es_CO\/wp-json\/wp\/v2\/product_cat?post=12148"},{"taxonomy":"product_tag","embeddable":true,"href":"https:\/\/cruzcartrade.com\/es_CO\/wp-json\/wp\/v2\/product_tag?post=12148"}],"curies":[{"name":"wp","href":"https:\/\/api.w.org\/{rel}","templated":true}]}}