{"id":11648,"date":"2026-02-20T17:59:34","date_gmt":"2026-02-20T22:59:34","guid":{"rendered":"https:\/\/cruzcartrade.com\/?post_type=product&#038;p=11648"},"modified":"2026-02-27T10:01:31","modified_gmt":"2026-02-27T15:01:31","slug":"manija-externa-puerta-mercedes-benz-sprinter-modelo-1995-2006-completa-derecha-o-izquierda","status":"publish","type":"product","link":"https:\/\/cruzcartrade.com\/es_CO\/product\/manija-externa-puerta-mercedes-benz-sprinter-modelo-1995-2006-completa-derecha-o-izquierda\/","title":{"rendered":"Manija Externa Puerta Mercedes Benz Sprinter Modelo 1995-2006 Completa Derecha O Izquierda"},"content":{"rendered":"<p><span data-sheets-root=\"1\">Manija Externa Puerta Mercedes Benz Sprinter Modelos del 1995 al 2006 Completa Con cilindro y 2 Llaves. Apta veh\u00edculos livianos y pesados. Somos CRUZ CAR TRADE S.A.S. Comercializadora de autopartes y repuestos para veh\u00edculos livianos y pesados. Ubicaci\u00f3n: Fontib\u00f3n Bogot\u00e1, Horario de atenci\u00f3n de lunes a s\u00e1bado de 8:00am a 5:00pm. (Las fotos de las publicaciones son de uso exclusivo y propiedad CRUZ CAR TRADE S.A.S.) Ten presente que las im\u00e1genes del producto publicado son fotos de referencia y no corresponden necesariamente a la posici\u00f3n real.<\/span><\/p>\n","protected":false},"excerpt":{"rendered":"<p><span data-sheets-root=\"1\">Manija Externa Puerta Mercedes Benz Sprinter Modelos del 1995 al 2006 Completa Con cilindro y 2 Llaves. Apta veh\u00edculos livianos y pesados. Somos CRUZ CAR TRADE S.A.S. Comercializadora de autopartes y repuestos para veh\u00edculos livianos y pesados. Ubicaci\u00f3n: Fontib\u00f3n Bogot\u00e1, Horario de atenci\u00f3n de lunes a s\u00e1bado de 8:00am a 5:00pm. (Las fotos de las publicaciones son de uso exclusivo y propiedad CRUZ CAR TRADE S.A.S.) Ten presente que las im\u00e1genes del producto publicado son fotos de referencia y no corresponden necesariamente a la posici\u00f3n real.<br \/>\n<\/span><\/p>\n","protected":false},"featured_media":11646,"comment_status":"open","ping_status":"closed","template":"","meta":[],"product_brand":[65],"product_cat":[17,128],"product_tag":[],"class_list":{"0":"post-11648","1":"product","2":"type-product","3":"status-publish","4":"has-post-thumbnail","6":"product_brand-mercedes-benz","7":"product_cat-carga-y-transporte","8":"product_cat-manijas-externas-carga-y-transporte","10":"first","11":"instock","12":"shipping-taxable","13":"purchasable","14":"product-type-variable"},"aioseo_notices":[],"_links":{"self":[{"href":"https:\/\/cruzcartrade.com\/es_CO\/wp-json\/wp\/v2\/product\/11648","targetHints":{"allow":["GET"]}}],"collection":[{"href":"https:\/\/cruzcartrade.com\/es_CO\/wp-json\/wp\/v2\/product"}],"about":[{"href":"https:\/\/cruzcartrade.com\/es_CO\/wp-json\/wp\/v2\/types\/product"}],"replies":[{"embeddable":true,"href":"https:\/\/cruzcartrade.com\/es_CO\/wp-json\/wp\/v2\/comments?post=11648"}],"wp:featuredmedia":[{"embeddable":true,"href":"https:\/\/cruzcartrade.com\/es_CO\/wp-json\/wp\/v2\/media\/11646"}],"wp:attachment":[{"href":"https:\/\/cruzcartrade.com\/es_CO\/wp-json\/wp\/v2\/media?parent=11648"}],"wp:term":[{"taxonomy":"product_brand","embeddable":true,"href":"https:\/\/cruzcartrade.com\/es_CO\/wp-json\/wp\/v2\/product_brand?post=11648"},{"taxonomy":"product_cat","embeddable":true,"href":"https:\/\/cruzcartrade.com\/es_CO\/wp-json\/wp\/v2\/product_cat?post=11648"},{"taxonomy":"product_tag","embeddable":true,"href":"https:\/\/cruzcartrade.com\/es_CO\/wp-json\/wp\/v2\/product_tag?post=11648"}],"curies":[{"name":"wp","href":"https:\/\/api.w.org\/{rel}","templated":true}]}}