{"id":10872,"date":"2026-02-04T20:55:20","date_gmt":"2026-02-05T01:55:20","guid":{"rendered":"https:\/\/cruzcartrade.com\/?post_type=product&#038;p=10872"},"modified":"2026-02-26T15:45:02","modified_gmt":"2026-02-26T20:45:02","slug":"manija-baul-o-compuerta-nissan-frontier-navara-np300-negra-con-camara-trasera","status":"publish","type":"product","link":"https:\/\/cruzcartrade.com\/es_CO\/product\/manija-baul-o-compuerta-nissan-frontier-navara-np300-negra-con-camara-trasera\/","title":{"rendered":"Manija Ba\u00fal O Compuerta Nissan, Frontier Navara, Np300 Negra Con Camara Trasera"},"content":{"rendered":"<p><span data-sheets-root=\"1\">Manija Plat\u00f3n O Compuerta Nissan Frontier, Navara, Np300 Negra Con Ranura De C\u00e1mara. Material: Pl\u00e1stico Resistente , Color: Negro. Somos CRUZ CAR TRADE S.A.S. Comercializadora de autopartes y repuestos para veh\u00edculos livianos y pesados, Horario de atenci\u00f3n de lunes a s\u00e1bado de 8:00am a 5:00pm. (Las fotos de las publicaciones son de uso exclusivo y propiedad CRUZ CAR TRADE S.A.S.) Fontib\u00f3n, Bogot\u00e1 D.c. Ten presente que las im\u00e1genes del producto publicado son fotos de referencia y no corresponden necesariamente a la posici\u00f3n real.<\/span><\/p>\n","protected":false},"excerpt":{"rendered":"<p><span data-sheets-root=\"1\">Manija Plat\u00f3n O Compuerta Nissan Frontier, Navara, Np300 Negra Con Ranura De C\u00e1mara. Material: Pl\u00e1stico Resistente , Color: Negro. Somos CRUZ CAR TRADE S.A.S. Comercializadora de autopartes y repuestos para veh\u00edculos livianos y pesados, Horario de atenci\u00f3n de lunes a s\u00e1bado de 8:00am a 5:00pm. (Las fotos de las publicaciones son de uso exclusivo y propiedad CRUZ CAR TRADE S.A.S.) Fontib\u00f3n, Bogot\u00e1 D.c. Ten presente que las im\u00e1genes del producto publicado son fotos de referencia y no corresponden necesariamente a la posici\u00f3n real.<\/span><\/p>\n","protected":false},"featured_media":10874,"comment_status":"open","ping_status":"closed","template":"","meta":[],"product_brand":[199],"product_cat":[88,16],"product_tag":[],"class_list":{"0":"post-10872","1":"product","2":"type-product","3":"status-publish","4":"has-post-thumbnail","6":"product_brand-nissan","7":"product_cat-manijas-de-baul-o-compuerta","8":"product_cat-vehiculos-livianos","10":"first","11":"instock","12":"shipping-taxable","13":"purchasable","14":"product-type-simple"},"aioseo_notices":[],"_links":{"self":[{"href":"https:\/\/cruzcartrade.com\/es_CO\/wp-json\/wp\/v2\/product\/10872","targetHints":{"allow":["GET"]}}],"collection":[{"href":"https:\/\/cruzcartrade.com\/es_CO\/wp-json\/wp\/v2\/product"}],"about":[{"href":"https:\/\/cruzcartrade.com\/es_CO\/wp-json\/wp\/v2\/types\/product"}],"replies":[{"embeddable":true,"href":"https:\/\/cruzcartrade.com\/es_CO\/wp-json\/wp\/v2\/comments?post=10872"}],"wp:featuredmedia":[{"embeddable":true,"href":"https:\/\/cruzcartrade.com\/es_CO\/wp-json\/wp\/v2\/media\/10874"}],"wp:attachment":[{"href":"https:\/\/cruzcartrade.com\/es_CO\/wp-json\/wp\/v2\/media?parent=10872"}],"wp:term":[{"taxonomy":"product_brand","embeddable":true,"href":"https:\/\/cruzcartrade.com\/es_CO\/wp-json\/wp\/v2\/product_brand?post=10872"},{"taxonomy":"product_cat","embeddable":true,"href":"https:\/\/cruzcartrade.com\/es_CO\/wp-json\/wp\/v2\/product_cat?post=10872"},{"taxonomy":"product_tag","embeddable":true,"href":"https:\/\/cruzcartrade.com\/es_CO\/wp-json\/wp\/v2\/product_tag?post=10872"}],"curies":[{"name":"wp","href":"https:\/\/api.w.org\/{rel}","templated":true}]}}