{"id":10856,"date":"2026-02-04T20:12:31","date_gmt":"2026-02-05T01:12:31","guid":{"rendered":"https:\/\/cruzcartrade.com\/?post_type=product&#038;p=10856"},"modified":"2026-02-26T15:35:20","modified_gmt":"2026-02-26T20:35:20","slug":"manija-platon-baul-o-compuerta-mazda-bt50-ford-ranger-negra-trasera-modelo-antiguo","status":"publish","type":"product","link":"https:\/\/cruzcartrade.com\/es_CO\/product\/manija-platon-baul-o-compuerta-mazda-bt50-ford-ranger-negra-trasera-modelo-antiguo\/","title":{"rendered":"Manija Plat\u00f3n Ba\u00fal O Compuerta Mazda Bt50, Ford Ranger Negra Trasera Modelo antiguo"},"content":{"rendered":"<p><span data-sheets-root=\"1\">Manija Plat\u00f3n, Ba\u00fal O Compuerta Mazda BT50 y Ford Ranger Negra Sin Hueco C\u00e1mara. Material: Pl\u00e1stico , Color: Cromado. Somos CRUZ CAR TRADE S.A.S. Comercializadora de autopartes y repuestos para veh\u00edculos livianos y pesados, Horario de atenci\u00f3n de lunes a s\u00e1bado de 8:00am a 5:00pm. (Las fotos de las publicaciones son de uso exclusivo y propiedad CRUZ CAR TRADE S.A.S.) Fontib\u00f3n, Bogot\u00e1 D.c. Ten presente que las im\u00e1genes del producto publicado son fotos de referencia y no corresponden necesariamente a la posici\u00f3n real.<\/span><\/p>\n","protected":false},"excerpt":{"rendered":"<p><span data-sheets-root=\"1\">Manija Plat\u00f3n, Ba\u00fal O Compuerta Mazda BT50 y Ford Ranger Negra Sin Hueco C\u00e1mara. Material: Pl\u00e1stico , Color: Cromado. Somos CRUZ CAR TRADE S.A.S. Comercializadora de autopartes y repuestos para veh\u00edculos livianos y pesados, Horario de atenci\u00f3n de lunes a s\u00e1bado de 8:00am a 5:00pm. (Las fotos de las publicaciones son de uso exclusivo y propiedad CRUZ CAR TRADE S.A.S.) Fontib\u00f3n, Bogot\u00e1 D.c. Ten presente que las im\u00e1genes del producto publicado son fotos de referencia y no corresponden necesariamente a la posici\u00f3n real.<\/span><\/p>\n","protected":false},"featured_media":10835,"comment_status":"open","ping_status":"closed","template":"","meta":[],"product_brand":[197,198],"product_cat":[88,16],"product_tag":[],"class_list":{"0":"post-10856","1":"product","2":"type-product","3":"status-publish","4":"has-post-thumbnail","6":"product_brand-ford","7":"product_brand-mazda","8":"product_cat-manijas-de-baul-o-compuerta","9":"product_cat-vehiculos-livianos","11":"first","12":"instock","13":"shipping-taxable","14":"purchasable","15":"product-type-simple"},"aioseo_notices":[],"_links":{"self":[{"href":"https:\/\/cruzcartrade.com\/es_CO\/wp-json\/wp\/v2\/product\/10856","targetHints":{"allow":["GET"]}}],"collection":[{"href":"https:\/\/cruzcartrade.com\/es_CO\/wp-json\/wp\/v2\/product"}],"about":[{"href":"https:\/\/cruzcartrade.com\/es_CO\/wp-json\/wp\/v2\/types\/product"}],"replies":[{"embeddable":true,"href":"https:\/\/cruzcartrade.com\/es_CO\/wp-json\/wp\/v2\/comments?post=10856"}],"wp:featuredmedia":[{"embeddable":true,"href":"https:\/\/cruzcartrade.com\/es_CO\/wp-json\/wp\/v2\/media\/10835"}],"wp:attachment":[{"href":"https:\/\/cruzcartrade.com\/es_CO\/wp-json\/wp\/v2\/media?parent=10856"}],"wp:term":[{"taxonomy":"product_brand","embeddable":true,"href":"https:\/\/cruzcartrade.com\/es_CO\/wp-json\/wp\/v2\/product_brand?post=10856"},{"taxonomy":"product_cat","embeddable":true,"href":"https:\/\/cruzcartrade.com\/es_CO\/wp-json\/wp\/v2\/product_cat?post=10856"},{"taxonomy":"product_tag","embeddable":true,"href":"https:\/\/cruzcartrade.com\/es_CO\/wp-json\/wp\/v2\/product_tag?post=10856"}],"curies":[{"name":"wp","href":"https:\/\/api.w.org\/{rel}","templated":true}]}}