{"id":10609,"date":"2026-02-27T10:09:22","date_gmt":"2026-02-27T15:09:22","guid":{"rendered":"https:\/\/cruzcartrade.com\/?post_type=product&#038;p=10609"},"modified":"2026-02-27T10:09:22","modified_gmt":"2026-02-27T15:09:22","slug":"manija-interior-puerta-jac-camion-camel-plastica-derecha-o-izquierda","status":"publish","type":"product","link":"https:\/\/cruzcartrade.com\/es_CO\/product\/manija-interior-puerta-jac-camion-camel-plastica-derecha-o-izquierda\/","title":{"rendered":"Manija Interior Puerta Jac Cami\u00f3n camel Pl\u00e1stica derecha o izquierda"},"content":{"rendered":"<p>MANIJA INTERNA PUERTA JAC CAMION PLATICA CAMEL DER \/IZQ Material: Pl\u00e1stica, Color: Camel. Somos CRUZ CAR TRADE S.A.S. Comercializadora de autopartes y repuestos para veh\u00edculos livianos y pesados, Horario de atenci\u00f3n de lunes a s\u00e1bado de 8:00am a 5:00pm. (Las fotos de las publicaciones son de uso exclusivo y propiedad CRUZ CAR TRADE S.A.S.) Fontib\u00f3n, Bogot\u00e1 D.c.<\/p>\n","protected":false},"excerpt":{"rendered":"<p>MANIJA INTERNA PUERTA JAC CAMION PLATICA CAMEL DER \/IZQ Material: Pl\u00e1stica, Color: Camel. Somos CRUZ CAR TRADE S.A.S. Comercializadora de autopartes y repuestos para veh\u00edculos livianos y pesados, Horario de atenci\u00f3n de lunes a s\u00e1bado de 8:00am a 5:00pm. (Las fotos de las publicaciones son de uso exclusivo y propiedad CRUZ CAR TRADE S.A.S.) Fontib\u00f3n, Bogot\u00e1 D.c.<\/p>\n","protected":false},"featured_media":10612,"comment_status":"open","ping_status":"closed","template":"","meta":[],"product_brand":[211],"product_cat":[17,127],"product_tag":[],"class_list":{"0":"post-10609","1":"product","2":"type-product","3":"status-publish","4":"has-post-thumbnail","6":"product_brand-jac","7":"product_cat-carga-y-transporte","8":"product_cat-manijas-internas-carga-y-transporte","10":"first","11":"instock","12":"shipping-taxable","13":"purchasable","14":"product-type-variable"},"aioseo_notices":[],"_links":{"self":[{"href":"https:\/\/cruzcartrade.com\/es_CO\/wp-json\/wp\/v2\/product\/10609","targetHints":{"allow":["GET"]}}],"collection":[{"href":"https:\/\/cruzcartrade.com\/es_CO\/wp-json\/wp\/v2\/product"}],"about":[{"href":"https:\/\/cruzcartrade.com\/es_CO\/wp-json\/wp\/v2\/types\/product"}],"replies":[{"embeddable":true,"href":"https:\/\/cruzcartrade.com\/es_CO\/wp-json\/wp\/v2\/comments?post=10609"}],"wp:featuredmedia":[{"embeddable":true,"href":"https:\/\/cruzcartrade.com\/es_CO\/wp-json\/wp\/v2\/media\/10612"}],"wp:attachment":[{"href":"https:\/\/cruzcartrade.com\/es_CO\/wp-json\/wp\/v2\/media?parent=10609"}],"wp:term":[{"taxonomy":"product_brand","embeddable":true,"href":"https:\/\/cruzcartrade.com\/es_CO\/wp-json\/wp\/v2\/product_brand?post=10609"},{"taxonomy":"product_cat","embeddable":true,"href":"https:\/\/cruzcartrade.com\/es_CO\/wp-json\/wp\/v2\/product_cat?post=10609"},{"taxonomy":"product_tag","embeddable":true,"href":"https:\/\/cruzcartrade.com\/es_CO\/wp-json\/wp\/v2\/product_tag?post=10609"}],"curies":[{"name":"wp","href":"https:\/\/api.w.org\/{rel}","templated":true}]}}