{"id":10590,"date":"2026-02-07T22:38:19","date_gmt":"2026-02-08T03:38:19","guid":{"rendered":"https:\/\/cruzcartrade.com\/?post_type=product&#038;p=10590"},"modified":"2026-02-07T22:38:19","modified_gmt":"2026-02-08T03:38:19","slug":"manija-interna-puerta-hyundai-vision-accent-delantera-izquierda-o-derecha","status":"publish","type":"product","link":"https:\/\/cruzcartrade.com\/es_CO\/product\/manija-interna-puerta-hyundai-vision-accent-delantera-izquierda-o-derecha\/","title":{"rendered":"Manija Interna Puerta Hyundai Vision, Accent Delantera izquierda o derecha"},"content":{"rendered":"<p>MANIJA INTERNA PUERTA HYUNDAI VISION, ACCENT DELANTERA DERECHA O IZQUIERDA Material: Pl\u00e1stica, Color: Negra. Somos CRUZ CAR TRADE S.A.S. Comercializadora de autopartes y repuestos para veh\u00edculos livianos y pesados. Ubicaci\u00f3n: Fontib\u00f3n Bogot\u00e1, Horario de atenci\u00f3n de lunes a s\u00e1bado de 8:00am a 5:00pm. (Las fotos de las publicaciones son de uso exclusivo y propiedad CRUZ CAR TRADE S.A.S.) Ten presente que las im\u00e1genes del producto publicado son fotos de referencia y no corresponden necesariamente a la posici\u00f3n real.<\/p>\n","protected":false},"excerpt":{"rendered":"<p>MANIJA INTERNA PUERTA HYUNDAI VISION, ACCENT DELANTERA DERECHA O IZQUIERDA Material: Pl\u00e1stica, Color: Negra. Somos CRUZ CAR TRADE S.A.S. Comercializadora de autopartes y repuestos para veh\u00edculos livianos y pesados. Ubicaci\u00f3n: Fontib\u00f3n Bogot\u00e1, Horario de atenci\u00f3n de lunes a s\u00e1bado de 8:00am a 5:00pm. (Las fotos de las publicaciones son de uso exclusivo y propiedad CRUZ CAR TRADE S.A.S.) Ten presente que las im\u00e1genes del producto publicado son fotos de referencia y no corresponden necesariamente a la posici\u00f3n real.<\/p>\n","protected":false},"featured_media":10596,"comment_status":"open","ping_status":"closed","template":"","meta":[],"product_brand":[184],"product_cat":[86,16],"product_tag":[],"class_list":{"0":"post-10590","1":"product","2":"type-product","3":"status-publish","4":"has-post-thumbnail","6":"product_brand-hyundai","7":"product_cat-manijas-internas","8":"product_cat-vehiculos-livianos","10":"first","11":"instock","12":"shipping-taxable","13":"purchasable","14":"product-type-variable"},"aioseo_notices":[],"_links":{"self":[{"href":"https:\/\/cruzcartrade.com\/es_CO\/wp-json\/wp\/v2\/product\/10590","targetHints":{"allow":["GET"]}}],"collection":[{"href":"https:\/\/cruzcartrade.com\/es_CO\/wp-json\/wp\/v2\/product"}],"about":[{"href":"https:\/\/cruzcartrade.com\/es_CO\/wp-json\/wp\/v2\/types\/product"}],"replies":[{"embeddable":true,"href":"https:\/\/cruzcartrade.com\/es_CO\/wp-json\/wp\/v2\/comments?post=10590"}],"wp:featuredmedia":[{"embeddable":true,"href":"https:\/\/cruzcartrade.com\/es_CO\/wp-json\/wp\/v2\/media\/10596"}],"wp:attachment":[{"href":"https:\/\/cruzcartrade.com\/es_CO\/wp-json\/wp\/v2\/media?parent=10590"}],"wp:term":[{"taxonomy":"product_brand","embeddable":true,"href":"https:\/\/cruzcartrade.com\/es_CO\/wp-json\/wp\/v2\/product_brand?post=10590"},{"taxonomy":"product_cat","embeddable":true,"href":"https:\/\/cruzcartrade.com\/es_CO\/wp-json\/wp\/v2\/product_cat?post=10590"},{"taxonomy":"product_tag","embeddable":true,"href":"https:\/\/cruzcartrade.com\/es_CO\/wp-json\/wp\/v2\/product_tag?post=10590"}],"curies":[{"name":"wp","href":"https:\/\/api.w.org\/{rel}","templated":true}]}}