{"id":10326,"date":"2025-11-25T19:55:08","date_gmt":"2025-11-26T00:55:08","guid":{"rendered":"https:\/\/cruzcartrade.com\/?post_type=product&#038;p=10326"},"modified":"2025-11-27T00:11:18","modified_gmt":"2025-11-27T05:11:18","slug":"manija-elevavidrio-renault-19-21","status":"publish","type":"product","link":"https:\/\/cruzcartrade.com\/es_CO\/product\/manija-elevavidrio-renault-19-21\/","title":{"rendered":"MANIJA VIDRIO RENAULT19, RENAULT 21 PL\u00c1STICA"},"content":{"rendered":"<p>Manija Elevavidrio Renault 19, 21 Pl\u00e1stica Material: Pl\u00e1stico resistente, Color: Gris. (Las fotos de las publicaciones son de uso exclusivo y propiedad CRUZ CAR TRADE S.A.S.) Ten presente que las im\u00e1genes del producto publicado son fotos de referencia y no corresponden necesariamente a la posici\u00f3n real.<\/p>\n","protected":false},"excerpt":{"rendered":"<p>Manija Elevavidrio Renault 19, 21 Pl\u00e1stica Material: Pl\u00e1stico resistente, Color: Gris. (Las fotos de las publicaciones son de uso exclusivo y propiedad CRUZ CAR TRADE S.A.S.) Ten presente que las im\u00e1genes del producto publicado son fotos de referencia y no corresponden necesariamente a la posici\u00f3n real.<\/p>\n","protected":false},"featured_media":10327,"comment_status":"open","ping_status":"closed","template":"","meta":[],"product_brand":[59],"product_cat":[84],"product_tag":[],"class_list":{"0":"post-10326","1":"product","2":"type-product","3":"status-publish","4":"has-post-thumbnail","6":"product_brand-renault","7":"product_cat-manijas-elevavidrios","9":"first","10":"instock","11":"shipping-taxable","12":"purchasable","13":"product-type-simple"},"aioseo_notices":[],"_links":{"self":[{"href":"https:\/\/cruzcartrade.com\/es_CO\/wp-json\/wp\/v2\/product\/10326","targetHints":{"allow":["GET"]}}],"collection":[{"href":"https:\/\/cruzcartrade.com\/es_CO\/wp-json\/wp\/v2\/product"}],"about":[{"href":"https:\/\/cruzcartrade.com\/es_CO\/wp-json\/wp\/v2\/types\/product"}],"replies":[{"embeddable":true,"href":"https:\/\/cruzcartrade.com\/es_CO\/wp-json\/wp\/v2\/comments?post=10326"}],"wp:featuredmedia":[{"embeddable":true,"href":"https:\/\/cruzcartrade.com\/es_CO\/wp-json\/wp\/v2\/media\/10327"}],"wp:attachment":[{"href":"https:\/\/cruzcartrade.com\/es_CO\/wp-json\/wp\/v2\/media?parent=10326"}],"wp:term":[{"taxonomy":"product_brand","embeddable":true,"href":"https:\/\/cruzcartrade.com\/es_CO\/wp-json\/wp\/v2\/product_brand?post=10326"},{"taxonomy":"product_cat","embeddable":true,"href":"https:\/\/cruzcartrade.com\/es_CO\/wp-json\/wp\/v2\/product_cat?post=10326"},{"taxonomy":"product_tag","embeddable":true,"href":"https:\/\/cruzcartrade.com\/es_CO\/wp-json\/wp\/v2\/product_tag?post=10326"}],"curies":[{"name":"wp","href":"https:\/\/api.w.org\/{rel}","templated":true}]}}