{"id":10289,"date":"2025-11-24T19:26:19","date_gmt":"2025-11-25T00:26:19","guid":{"rendered":"https:\/\/cruzcartrade.com\/?post_type=product&#038;p=10289"},"modified":"2026-02-07T12:15:54","modified_gmt":"2026-02-07T17:15:54","slug":"manija-elevavidrios-chevrolet-npr-nkr-nhr-jac","status":"publish","type":"product","link":"https:\/\/cruzcartrade.com\/es_CO\/product\/manija-elevavidrios-chevrolet-npr-nkr-nhr-jac\/","title":{"rendered":"MANIJA VIDRIO CHEVROLET NPR, NKR, NHR, JAC PL\u00c1STICA"},"content":{"rendered":"<p>Manija elevavidrios Chevrolet Npr, Nkr, Nhr, Jac con buje met\u00e1lico Material: Pl\u00e1stico resistente, Color: Gris Oscuro. (Las fotos de las publicaciones son de uso exclusivo y propiedad CRUZ CAR TRADE S.A.S.) Ten presente que las im\u00e1genes del producto publicado son fotos de referencia y no corresponden necesariamente a la posici\u00f3n real.<\/p>\n","protected":false},"excerpt":{"rendered":"<p>Manija elevavidrios Chevrolet Npr, Nkr, Nhr, Jac con buje met\u00e1lico Material: Pl\u00e1stico resistente, Color: Gris Oscuro. (Las fotos de las publicaciones son de uso exclusivo y propiedad CRUZ CAR TRADE S.A.S.) Ten presente que las im\u00e1genes del producto publicado son fotos de referencia y no corresponden necesariamente a la posici\u00f3n real.<\/p>\n","protected":false},"featured_media":10290,"comment_status":"open","ping_status":"closed","template":"","meta":[],"product_brand":[80,211],"product_cat":[129],"product_tag":[],"class_list":{"0":"post-10289","1":"product","2":"type-product","3":"status-publish","4":"has-post-thumbnail","6":"product_brand-chevrolet","7":"product_brand-jac","8":"product_cat-manijas-elevavidrios-carga-y-transporte","10":"first","11":"instock","12":"shipping-taxable","13":"purchasable","14":"product-type-simple"},"aioseo_notices":[],"_links":{"self":[{"href":"https:\/\/cruzcartrade.com\/es_CO\/wp-json\/wp\/v2\/product\/10289","targetHints":{"allow":["GET"]}}],"collection":[{"href":"https:\/\/cruzcartrade.com\/es_CO\/wp-json\/wp\/v2\/product"}],"about":[{"href":"https:\/\/cruzcartrade.com\/es_CO\/wp-json\/wp\/v2\/types\/product"}],"replies":[{"embeddable":true,"href":"https:\/\/cruzcartrade.com\/es_CO\/wp-json\/wp\/v2\/comments?post=10289"}],"wp:featuredmedia":[{"embeddable":true,"href":"https:\/\/cruzcartrade.com\/es_CO\/wp-json\/wp\/v2\/media\/10290"}],"wp:attachment":[{"href":"https:\/\/cruzcartrade.com\/es_CO\/wp-json\/wp\/v2\/media?parent=10289"}],"wp:term":[{"taxonomy":"product_brand","embeddable":true,"href":"https:\/\/cruzcartrade.com\/es_CO\/wp-json\/wp\/v2\/product_brand?post=10289"},{"taxonomy":"product_cat","embeddable":true,"href":"https:\/\/cruzcartrade.com\/es_CO\/wp-json\/wp\/v2\/product_cat?post=10289"},{"taxonomy":"product_tag","embeddable":true,"href":"https:\/\/cruzcartrade.com\/es_CO\/wp-json\/wp\/v2\/product_tag?post=10289"}],"curies":[{"name":"wp","href":"https:\/\/api.w.org\/{rel}","templated":true}]}}