{"id":10183,"date":"2025-10-08T18:25:00","date_gmt":"2025-10-08T23:25:00","guid":{"rendered":"https:\/\/cruzcartrade.com\/?post_type=product&#038;p=10183"},"modified":"2026-02-27T21:11:43","modified_gmt":"2026-02-28T02:11:43","slug":"manija-platon-baul-compuerta-chevrolet-new-dimax","status":"publish","type":"product","link":"https:\/\/cruzcartrade.com\/es_CO\/product\/manija-platon-baul-compuerta-chevrolet-new-dimax\/","title":{"rendered":"MANIJA BAUL COMPUERTA CHEVROLET NEW DIMAX CROMADA MOD NUEVO"},"content":{"rendered":"<p>Manija Plat\u00f3n, Ba\u00fal o Compuerta Chevrolet New Dimax Modelos nuevos desde la 2012 Cromada Sin hueco para el cilindro Pl\u00e1stica. Material: Pl\u00e1stico, Color: Cromada.\u00a0 (Las fotos de las publicaciones son de uso exclusivo y propiedad CRUZ CAR TRADE S.A.S.) Fontib\u00f3n, Bogot\u00e1 D.c. Ten presente que las im\u00e1genes del producto publicado son fotos de referencia y no corresponden necesariamente a la posici\u00f3n real.<\/p>\n","protected":false},"excerpt":{"rendered":"<p>Manija Plat\u00f3n, Ba\u00fal o Compuerta Chevrolet New Dimax Modelos nuevos desde la 2012 Cromada Sin hueco para el cilindro Pl\u00e1stica. Material: Pl\u00e1stico, Color: Cromada.\u00a0 (Las fotos de las publicaciones son de uso exclusivo y propiedad CRUZ CAR TRADE S.A.S.) Fontib\u00f3n, Bogot\u00e1 D.c. Ten presente que las im\u00e1genes del producto publicado son fotos de referencia y no corresponden necesariamente a la posici\u00f3n real.<\/p>\n","protected":false},"featured_media":10184,"comment_status":"open","ping_status":"closed","template":"","meta":[],"product_brand":[80],"product_cat":[88],"product_tag":[],"class_list":{"0":"post-10183","1":"product","2":"type-product","3":"status-publish","4":"has-post-thumbnail","6":"product_brand-chevrolet","7":"product_cat-manijas-de-baul-o-compuerta","9":"first","10":"instock","11":"shipping-taxable","12":"purchasable","13":"product-type-simple"},"aioseo_notices":[],"_links":{"self":[{"href":"https:\/\/cruzcartrade.com\/es_CO\/wp-json\/wp\/v2\/product\/10183","targetHints":{"allow":["GET"]}}],"collection":[{"href":"https:\/\/cruzcartrade.com\/es_CO\/wp-json\/wp\/v2\/product"}],"about":[{"href":"https:\/\/cruzcartrade.com\/es_CO\/wp-json\/wp\/v2\/types\/product"}],"replies":[{"embeddable":true,"href":"https:\/\/cruzcartrade.com\/es_CO\/wp-json\/wp\/v2\/comments?post=10183"}],"wp:featuredmedia":[{"embeddable":true,"href":"https:\/\/cruzcartrade.com\/es_CO\/wp-json\/wp\/v2\/media\/10184"}],"wp:attachment":[{"href":"https:\/\/cruzcartrade.com\/es_CO\/wp-json\/wp\/v2\/media?parent=10183"}],"wp:term":[{"taxonomy":"product_brand","embeddable":true,"href":"https:\/\/cruzcartrade.com\/es_CO\/wp-json\/wp\/v2\/product_brand?post=10183"},{"taxonomy":"product_cat","embeddable":true,"href":"https:\/\/cruzcartrade.com\/es_CO\/wp-json\/wp\/v2\/product_cat?post=10183"},{"taxonomy":"product_tag","embeddable":true,"href":"https:\/\/cruzcartrade.com\/es_CO\/wp-json\/wp\/v2\/product_tag?post=10183"}],"curies":[{"name":"wp","href":"https:\/\/api.w.org\/{rel}","templated":true}]}}