{"id":10068,"date":"2025-09-23T15:41:22","date_gmt":"2025-09-23T20:41:22","guid":{"rendered":"https:\/\/cruzcartrade.com\/?post_type=product&#038;p=10068"},"modified":"2025-09-23T17:48:29","modified_gmt":"2025-09-23T22:48:29","slug":"manija-interna-puerta-chevrolet-luv-1600-2300-npr-trooper-isuzu-negra-gris","status":"publish","type":"product","link":"https:\/\/cruzcartrade.com\/es_CO\/product\/manija-interna-puerta-chevrolet-luv-1600-2300-npr-trooper-isuzu-negra-gris\/","title":{"rendered":"MANIJA INTERNA PUERTA CHEVROLET LUV 1.600, 2.300, NPR TROOPER ISUZU,  GRIS, NEGRO DER O IZQ"},"content":{"rendered":"<p>Manija Interna Puerta Chevrolet Luv 1.600, 2.300 Npr, Trooper Isuzu, Negra o Gris, Derecha O Izquierda Material: Pl\u00e1stico resistente, Color: Marr\u00f3n. (Las fotos de las publicaciones son de uso exclusivo y propiedad CRUZ CAR TRADE S.A.S.) Fontib\u00f3n, Bogot\u00e1 D.c. Ten presente que las im\u00e1genes del producto publicado son fotos de referencia y no corresponden necesariamente a la posici\u00f3n real.<\/p>\n","protected":false},"excerpt":{"rendered":"<p>Manija Interna Puerta Chevrolet Luv 1.600, 2.300 Npr, Trooper Isuzu, Negra o Gris, Derecha O Izquierda Material: Pl\u00e1stico resistente, Color: Marr\u00f3n. (Las fotos de las publicaciones son de uso exclusivo y propiedad CRUZ CAR TRADE S.A.S.) Fontib\u00f3n, Bogot\u00e1 D.c. Ten presente que las im\u00e1genes del producto publicado son fotos de referencia y no corresponden necesariamente a la posici\u00f3n real.<\/p>\n","protected":false},"featured_media":10077,"comment_status":"open","ping_status":"closed","template":"","meta":[],"product_brand":[80],"product_cat":[127],"product_tag":[],"class_list":{"0":"post-10068","1":"product","2":"type-product","3":"status-publish","4":"has-post-thumbnail","6":"product_brand-chevrolet","7":"product_cat-manijas-internas-carga-y-transporte","9":"first","10":"instock","11":"shipping-taxable","12":"purchasable","13":"product-type-variable"},"aioseo_notices":[],"_links":{"self":[{"href":"https:\/\/cruzcartrade.com\/es_CO\/wp-json\/wp\/v2\/product\/10068","targetHints":{"allow":["GET"]}}],"collection":[{"href":"https:\/\/cruzcartrade.com\/es_CO\/wp-json\/wp\/v2\/product"}],"about":[{"href":"https:\/\/cruzcartrade.com\/es_CO\/wp-json\/wp\/v2\/types\/product"}],"replies":[{"embeddable":true,"href":"https:\/\/cruzcartrade.com\/es_CO\/wp-json\/wp\/v2\/comments?post=10068"}],"wp:featuredmedia":[{"embeddable":true,"href":"https:\/\/cruzcartrade.com\/es_CO\/wp-json\/wp\/v2\/media\/10077"}],"wp:attachment":[{"href":"https:\/\/cruzcartrade.com\/es_CO\/wp-json\/wp\/v2\/media?parent=10068"}],"wp:term":[{"taxonomy":"product_brand","embeddable":true,"href":"https:\/\/cruzcartrade.com\/es_CO\/wp-json\/wp\/v2\/product_brand?post=10068"},{"taxonomy":"product_cat","embeddable":true,"href":"https:\/\/cruzcartrade.com\/es_CO\/wp-json\/wp\/v2\/product_cat?post=10068"},{"taxonomy":"product_tag","embeddable":true,"href":"https:\/\/cruzcartrade.com\/es_CO\/wp-json\/wp\/v2\/product_tag?post=10068"}],"curies":[{"name":"wp","href":"https:\/\/api.w.org\/{rel}","templated":true}]}}