{"id":3,"date":"2025-04-03T17:39:57","date_gmt":"2025-04-03T17:39:57","guid":{"rendered":"http:\/\/cruzcartrade.com\/?page_id=3"},"modified":"2026-01-16T21:46:12","modified_gmt":"2026-01-17T02:46:12","slug":"privacy-policy","status":"publish","type":"page","link":"https:\/\/cruzcartrade.com\/es_CO\/privacy-policy\/","title":{"rendered":"Pol\u00edtica de Privacidad y Protecci\u00f3n de Datos Personales"},"content":{"rendered":"\n<p><strong>CRUZ CAR TRADE SAS<\/strong> comunica a sus grupos de inter\u00e9s la Pol\u00edtica de Privacidad y Protecci\u00f3n de datos personales que ha sido adoptada en cumplimiento del r\u00e9gimen legal vigente contenido en las leyes estatutarias 1581 de 2012 y 1266 de 2008.<\/p>\n\n\n\n<p><strong>CRUZ CAR TRADE SAS<\/strong> trata datos personales de sus grupos de inter\u00e9s en ejercicio de su objeto social. Adicionalmente, realiza la comercializaci\u00f3n y distribuci\u00f3n de sus productos con marcas propias o marcas de uso autorizado por terceros, a trav\u00e9s de canales electr\u00f3nicos, f\u00edsicos y\/o en sus establecimientos de comercio y aquellos que pudieren surgir en un futuro.<br>La Pol\u00edtica de Los datos personales en custodia de <strong>CRUZ CAR TRADE SAS<\/strong>, en su condici\u00f3n de Responsable y\/o Encargado seg\u00fan sea el caso, ser\u00e1n tratados dando cumplimiento a los principios y regulaciones previstas en las leyes colombianas y en las pol\u00edticas internas de privacidad y protecci\u00f3n de datos personales.<br>Los datos personales en poder de <strong>CRUZ CAR TRADE SAS<\/strong> ser\u00e1n tratados de conformidad con las siguientes finalidades de car\u00e1cter general:<\/p>\n\n\n\n<p> &#8211; Para el cumplimiento de las obligaciones derivadas de los contratos comerciales y dem\u00e1s negocios jur\u00eddicos que celebra <strong>CRUZ CAR TRADE SAS<\/strong> en desarrollo de su objeto social.<br> &#8211; Para el cumplimiento de las obligaciones y\/o compromisos derivados de las relaciones, contractuales o no, existentes con sus grupos de inter\u00e9s.<br> &#8211; Para el cumplimiento de las obligaciones legales que involucren datos personales de sus grupos de inter\u00e9s.<br> &#8211; Para la gesti\u00f3n comercial y relacionamiento con sus grupos de inter\u00e9s.<br> &#8211; Para comunicar a sus grupos de inter\u00e9s informaci\u00f3n sobre sus bienes, servicios, publicaciones, eventos de capacitaci\u00f3n y actividades comerciales y publicitarias asociadas a su            actividad empresarial, sea que \u00e9sta se realice o no de manera directa por <strong>CRUZ CAR TRADE SAS<\/strong><br> &#8211; Para desplegar hacia sus grupos de inter\u00e9s actividades de responsabilidad social empresarial.<br> &#8211; Para gestionar la seguridad de las personas, bienes y activos de informaci\u00f3n en custodia de la organizaci\u00f3n.<\/p>\n\n\n\n<p>En cada proceso empresarial, de acuerdo con los datos personales recolectados y el tratamiento a realizar, se informar\u00e1n de manera previa en el respectivo aviso de privacidad las finalidades particulares, la raz\u00f3n social de <strong>CRUZ CAR TRADE SAS<\/strong> y sus datos de contacto. Si el tratamiento se efectuare por un encargado, este estar\u00e1 bajo las directrices generales de <strong>CRUZ CAR TRADE SAS<\/strong>, y deber\u00e1 dar cumplimiento a los derechos que le asisten al Titular y poner en marcha los mecanismos dispuestos para dar a conocer las Pol\u00edticas de Privacidad y Protecci\u00f3n de datos personales respectivas.<\/p>\n\n\n\n<p>Cualquier persona que haga parte de uno de los grupos de inter\u00e9s de <strong>CRUZ CAR TRADE SAS<\/strong>, en su condici\u00f3n de Titular o leg\u00edtimamente autorizado y en relaci\u00f3n con el tratamiento de sus datos personales, tiene derecho a:<\/p>\n\n\n\n<p>Ejercer el derecho de Habeas Data, el cual consiste en conocer, actualizar y rectificar su informaci\u00f3n de car\u00e1cter personal, as\u00ed como cancelar los mismos en aquellos casos en que proceda, de acuerdo con las normas vigentes. Para ejercer este derecho el Titular de los datos deber\u00eda seguir los canales dispuestos por <strong>CRUZ CAR TRADE SAS<\/strong>, los cuales se encuentran detallados en la presente Pol\u00edtica. Solicitar evidencia de la existencia del consentimiento otorgado, salvo cuando exista una autorizaci\u00f3n legal para el tratamiento o el mismo se realice en el marco de una relaci\u00f3n contractual. Ejercer las acciones que la Ley reconoce en materia de protecci\u00f3n de datos personales y Habeas Data.<br>El ejercicio del derecho de Habeas Data, as\u00ed como el acceso por el Titular o quien demuestre un leg\u00edtimo inter\u00e9s a sus datos personales, deber\u00e1 realizarse a trav\u00e9s de los canales dispuestos por <strong>CRUZ CAR TRADE SAS<\/strong>, enviando para ello una comunicaci\u00f3n escrita al correo direccion@cruzcartrade.com, o dirigi\u00e9ndola a Datos Personales <strong>CRUZ CAR TRADE SAS<\/strong> a la Calle 20 A 96 71 en la ciudad de Bogot\u00e1.<\/p>\n\n\n\n<p>Quien ejerce el derecho de Habeas Data deber\u00e1 suministrar la descripci\u00f3n detallada de la solicitud relacionada con sus datos personales, sus datos de contacto para efectos de tramitar, atender y responder su solicitud, y desplegar las cargas necesarias para el ejercicio de sus derechos.<br>Los datos de contacto solicitados son los siguientes: nombre, apellido, tipo y n\u00famero de documento de identidad, direcci\u00f3n f\u00edsica, ciudad, n\u00famero de tel\u00e9fono y correo electr\u00f3nico.<br>Recibida la solicitud para el ejercicio del derecho de Habeas Data, <strong>CRUZ CAR TRADE SAS<\/strong> dar\u00e1 respuesta al Titular o al tercero legitimado en los t\u00e9rminos previstos en la Ley.<br>Esta Pol\u00edtica ha sido aprobada por<strong> CRUZ CAR TRADE SAS.<\/strong><\/p>\n","protected":false},"excerpt":{"rendered":"<p>CRUZ CAR TRADE SAS comunica a sus grupos de inter\u00e9s la Pol\u00edtica de Privacidad y Protecci\u00f3n de datos personales que<\/p>\n","protected":false},"author":1,"featured_media":0,"parent":0,"menu_order":0,"comment_status":"closed","ping_status":"closed","template":"","meta":{"footnotes":""},"class_list":["post-3","page","type-page","status-publish","hentry"],"aioseo_notices":[],"_links":{"self":[{"href":"https:\/\/cruzcartrade.com\/es_CO\/wp-json\/wp\/v2\/pages\/3","targetHints":{"allow":["GET"]}}],"collection":[{"href":"https:\/\/cruzcartrade.com\/es_CO\/wp-json\/wp\/v2\/pages"}],"about":[{"href":"https:\/\/cruzcartrade.com\/es_CO\/wp-json\/wp\/v2\/types\/page"}],"author":[{"embeddable":true,"href":"https:\/\/cruzcartrade.com\/es_CO\/wp-json\/wp\/v2\/users\/1"}],"replies":[{"embeddable":true,"href":"https:\/\/cruzcartrade.com\/es_CO\/wp-json\/wp\/v2\/comments?post=3"}],"version-history":[{"count":7,"href":"https:\/\/cruzcartrade.com\/es_CO\/wp-json\/wp\/v2\/pages\/3\/revisions"}],"predecessor-version":[{"id":10373,"href":"https:\/\/cruzcartrade.com\/es_CO\/wp-json\/wp\/v2\/pages\/3\/revisions\/10373"}],"wp:attachment":[{"href":"https:\/\/cruzcartrade.com\/es_CO\/wp-json\/wp\/v2\/media?parent=3"}],"curies":[{"name":"wp","href":"https:\/\/api.w.org\/{rel}","templated":true}]}}