{"id":10366,"date":"2026-01-16T21:27:13","date_gmt":"2026-01-17T02:27:13","guid":{"rendered":"https:\/\/cruzcartrade.com\/?page_id=10366"},"modified":"2026-01-16T21:32:49","modified_gmt":"2026-01-17T02:32:49","slug":"politica-de-terminos-y-condiciones","status":"publish","type":"page","link":"https:\/\/cruzcartrade.com\/es_CO\/politica-de-terminos-y-condiciones\/","title":{"rendered":"Pol\u00edtica de T\u00e9rminos y Condiciones"},"content":{"rendered":"<div class=\"wpb-content-wrapper\"><div class=\"vc_row wpb_row vc_row-fluid\"><div class=\"wpb_column vc_column_container vc_col-sm-12\"><div class=\"vc_column-inner\"><div class=\"wpb_wrapper\">\n\t<div class=\"wpb_text_column wpb_content_element\" >\n\t\t<div class=\"wpb_wrapper\">\n\t\t\t<h2 class=\"wp-block-heading\">Propiedad de este sitio<\/h2>\n<p>Estos t\u00e9rminos y condiciones de uso aplican a este Sitio Web disponible en <strong>www.cruzcartrade.com<\/strong> el cual es propiedad de <strong>CRUZ CAR TRADE SAS<\/strong>, sociedad legalmente constituida en Colombia con NIT. 901.707.559-9<\/p>\n<p>&nbsp;<\/p>\n<h2 class=\"wp-block-heading\">Aceptaci\u00f3n de estos t\u00e9rminos y condiciones de uso<\/h2>\n<p>El usuario debe leer siempre estos t\u00e9rminos y condiciones de uso antes de utilizar este sitio web, el uso que haga del sitio web supondr\u00e1 que ha le\u00eddo y acepta los presentes T\u00e9rminos y Condiciones de Uso. Si no est\u00e1 de acuerdo con estos t\u00e9rminos y condiciones de uso, por favor no utilice este Sitio Web.<\/p>\n<p>&nbsp;<\/p>\n<h2 class=\"wp-block-heading\">Modificaciones<\/h2>\n<p><strong>CRUZ CAR TRADE SAS<\/strong> se reserva el derecho de modificar en forma unilateral estos T\u00e9rminos y Condiciones de Uso, en un todo o en parte, en cualquier momento y sin previo aviso, haciendo p\u00fablico en el Sitio Web los t\u00e9rminos modificados. Podr\u00e1n ser modificados tambi\u00e9n de la misma manera el dise\u00f1o, la presentaci\u00f3n o configuraci\u00f3n, los requisitos de registro o utilizaci\u00f3n del Sitio Web, sin que ello genere derecho a reclamo o indemnizaci\u00f3n alguna a favor del usuario.<\/p>\n<p>Es responsabilidad del usuario revisar peri\u00f3dicamente los T\u00e9rminos y Condiciones de Uso. El uso continuo que haga del Sitio Web luego de haberse realizado cambios en estos T\u00e9rminos y Condiciones de Uso supondr\u00e1 que acepta esos cambios.<\/p>\n<p>&nbsp;<\/p>\n<h2 class=\"wp-block-heading\">Contenido<\/h2>\n<p>Todos los textos, gr\u00e1ficos, dise\u00f1os, publicitario, de multimedia, audiovisual, interfaces de usuario, fotograf\u00edas, logos, m\u00fasica, emblemas comerciales y c\u00f3digo fuente (en adelante el Contenido) del Sitio Web son propiedad de <strong>CRUZ CAR TRADE SAS<\/strong> o se encuentran licenciados. El Contenido del Sitio Web se encuentra protegido por derechos de autor. El Contenido de este Sitio Web no puede ser copiado, reproducido, posteado, transmitido, republicado, trasladado o distribuido de ninguna manera a otro computador, servidor, o cualquier otro medio sin autorizaci\u00f3n por escrito de<strong> CRUZ CAR TRADE SAS.<\/strong> Las etiquetas, opiniones y calificaciones expresadas por los usuarios sobre los productos en el Sitio Web no representan una asesor\u00eda ni la opini\u00f3n de <strong>CRUZ CAR TRADE SAS. <\/strong><\/p>\n<p><strong>CRUZ CAR TRADE SAS<\/strong> no revisa cada una de las etiquetas, calificaciones ni opiniones expresadas por los usuarios. Sin embargo se reserva el derecho de aceptarlas o eliminarlas parcial o totalmente, en cualquier momento, a su discreci\u00f3n, sin previo aviso y sin dar explicaciones al usuario que las emite. CRUZ CAR TRADE SAS se reserva el derecho de corregir en cualquier momento y en forma unilateral cualquier error u omisi\u00f3n en cualquier Contenido publicado en el Sitio Web.<\/p>\n<p>&nbsp;<\/p>\n<h2 class=\"wp-block-heading\">Usos NO permitidos de este Sitio Web<\/h2>\n<p>Las siguientes actividades <strong>NO<\/strong> se encuentran permitidas sobre el Sitio Web:<\/p>\n<p>Anidar p\u00e1ginas del Sitio Web dentro de \u2018frames\u2019 de sitios externos. Utilizar \u2018spiders\u2019, \u2018site copiers\u2019 o cualquier otro dispositivo, programa, algoritmo o m\u00e9todo para acceder, adquirir, copiar o monitorear cualquier parte o contenido del Sitio Web. Intentar obtener acceso privilegiado a cualquier parte del Sitio Web, servidores o redes mediante \u2018haking\u2019, \u2018password mining\u2019 o cualquier m\u00e9todo. Revisar o escanear el Sitio Web, servidores o redes de Inversiones MLC, en busca de vulnerabilidades de seguridad. Hacer \u201clook-up\u201d, \u201ctrace\u201d o \u201csniffer\u201d a la informaci\u00f3n transmitida desde o hacia cualquier usuario del Sitio Web. Hacer intentos desproporcionados de utilizaci\u00f3n del Sitio Web, los servidores o las redes de<strong> CRUZ CAR TRADE SAS<\/strong> que puedan derivar en la negaci\u00f3n del servicio. Utilizar cualquier dispositivo, software o rutina para interferir con el adecuado funcionamiento del Sitio Web o sus transacciones. Intentar manipular cualquier informaci\u00f3n transmitida hacia o desde el Sitio Web para suplantar a otra persona o a <strong>CRUZ CAR TRADE SAS<\/strong>. Utilizar el Sitio Web para fines o efectos il\u00edcitos, lesivos de los derechos e intereses de terceros o que vayan en contra de estos T\u00e9rminos y Condiciones de Uso, as\u00ed como la moral, las buenas costumbres generalmente aceptadas y el orden p\u00fablico.<\/p>\n<p>&nbsp;<\/p>\n<h2 class=\"wp-block-heading\">Terminaci\u00f3n de uso<\/h2>\n<p><strong>CRUZ CAR TRADE SAS<\/strong> se reserva el derecho unilateral de restringir el acceso en caso de detectar cualquier uso NO permitido del Sitio Web y tomar las acciones legales correspondientes.<\/p>\n<p>&nbsp;<\/p>\n<h2 class=\"wp-block-heading\">Privacidad<\/h2>\n<p><strong>CRUZ CAR TRADE SAS<\/strong> cuenta con una Pol\u00edtica de Privacidad y Protecci\u00f3n de Datos Personales y una Pol\u00edtica de Tratamiento de Informaci\u00f3n las cuales hacen parte integral de estos T\u00e9rminos y Condiciones de Uso.<\/p>\n<p>&nbsp;<\/p>\n<h2 class=\"wp-block-heading\">Limitaci\u00f3n de responsabilidad<\/h2>\n<p>El usuario acepta y reconoce que <strong>CRUZ CAR TRADE SAS<\/strong> no se hace responsable por los riesgos a los que se encuentra expuesta su infraestructura tecnol\u00f3gica y el Sitio Web. Esta exenci\u00f3n de responsabilidad se extiende entre otras materias, sin limitarse a ellas, a los riesgos tecnol\u00f3gicos derivados de errores l\u00f3gicos en los aplicativos, paradojas derivadas de su integraci\u00f3n, huecos, gusanos o virus, sabotajes en los soportes l\u00f3gicos, bases de datos, y otros delitos inform\u00e1ticos. Como usuario aceptas irrevocablemente y exoneras a <strong>CRUZ CAR TRADE SAS<\/strong> de toda responsabilidad pecuniaria derivada de \u00e9stos hechos.<\/p>\n<p><strong>CRUZ CAR TRADE SAS<\/strong> se reserva el derecho de realizar en cualquier momento, sin previo aviso, por cualquier motivo y sin que ello derive en derecho a compensaci\u00f3n, actividades de mantenimiento, correcciones o cambios que incluyen: Modificar o cambiar el Sitio Web, o una parte del mismo. Interrumpir la operaci\u00f3n del Sitio Web, de forma programada o no. Suspender o terminar la operaci\u00f3n o el acceso al Sitio Web, o una parte del mismo.<\/p>\n<p>&nbsp;<\/p>\n<h2 class=\"wp-block-heading\">Marcas registradas y derechos de autor<\/h2>\n<p>Debido a que el contenido Sitio Web est\u00e1 protegido con derechos de autor, el uso no autorizado de los materiales que se encuentren en el Sitio Web pueden representar una infracci\u00f3n de las leyes de derechos de autor, de marcas registradas y de leyes de otro tipo. En caso que un usuario baje los materiales del Sitio Web para uso personal o no comercial, \u00e9ste ha de retener todos los avisos de derechos de autor, marcas registradas o de tipo similar que se encuentren en los materiales originales o en las copias de los materiales. No se permite modificar ni reproducir los Contenidos del Sitio Web, ni mostrarlos en p\u00fablico, usarlos o distribuirlos para fines p\u00fablicos o comerciales.<\/p>\n<p>&nbsp;<\/p>\n<h2 class=\"wp-block-heading\">Manejo de sugerencias e ideas NO solicitadas<\/h2>\n<p>CRUZ CAR TRADE SAS no acepta ideas no solicitadas, incluyendo pero no limit\u00e1ndose a ideas de campa\u00f1as de mercadeo, promociones, mejoras tecnol\u00f3gicas, productos, procesos, materiales ni nombres de productos. Por favor no env\u00ede ning\u00fan arte, sugerencia o trabajo creativo. Esta pol\u00edtica tiene como fin evitar cualquier eventual controversia o malentendido cuando estas puedan parecer similares a ideas enviadas previamente a CRUZ CAR TRADE SAS .<\/p>\n<p>&nbsp;<\/p>\n<h2 class=\"wp-block-heading\">Manejo de usuarios y contrase\u00f1a<\/h2>\n<p>El usuario se compromete a guardar de forma confidencial y con la m\u00e1xima diligencia su clave de acceso personal al Sitio Web.<\/p>\n\n\t\t<\/div>\n\t<\/div>\n<\/div><\/div><\/div><\/div><\/div>","protected":false},"excerpt":{"rendered":"Propiedad de este sitio Estos t\u00e9rminos y condiciones de uso aplican a este Sitio Web disponible en www.cruzcartrade.com el cual","protected":false},"author":1,"featured_media":0,"parent":0,"menu_order":0,"comment_status":"closed","ping_status":"closed","template":"","meta":{"footnotes":""},"class_list":["post-10366","page","type-page","status-publish","hentry"],"aioseo_notices":[],"_links":{"self":[{"href":"https:\/\/cruzcartrade.com\/es_CO\/wp-json\/wp\/v2\/pages\/10366","targetHints":{"allow":["GET"]}}],"collection":[{"href":"https:\/\/cruzcartrade.com\/es_CO\/wp-json\/wp\/v2\/pages"}],"about":[{"href":"https:\/\/cruzcartrade.com\/es_CO\/wp-json\/wp\/v2\/types\/page"}],"author":[{"embeddable":true,"href":"https:\/\/cruzcartrade.com\/es_CO\/wp-json\/wp\/v2\/users\/1"}],"replies":[{"embeddable":true,"href":"https:\/\/cruzcartrade.com\/es_CO\/wp-json\/wp\/v2\/comments?post=10366"}],"version-history":[{"count":3,"href":"https:\/\/cruzcartrade.com\/es_CO\/wp-json\/wp\/v2\/pages\/10366\/revisions"}],"predecessor-version":[{"id":10370,"href":"https:\/\/cruzcartrade.com\/es_CO\/wp-json\/wp\/v2\/pages\/10366\/revisions\/10370"}],"wp:attachment":[{"href":"https:\/\/cruzcartrade.com\/es_CO\/wp-json\/wp\/v2\/media?parent=10366"}],"curies":[{"name":"wp","href":"https:\/\/api.w.org\/{rel}","templated":true}]}}