{"id":9693,"date":"2025-08-28T17:32:56","date_gmt":"2025-08-28T22:32:56","guid":{"rendered":"https:\/\/cruzcartrade.com\/?post_type=product&#038;p=9693"},"modified":"2025-09-11T18:56:27","modified_gmt":"2025-09-11T23:56:27","slug":"plumillas-metalica-marca-youwin-de-18-pulgadas","status":"publish","type":"product","link":"https:\/\/cruzcartrade.com\/en\/product\/plumillas-metalica-marca-youwin-de-18-pulgadas\/","title":{"rendered":"JUEGO DE PLUMILLAS MET\u00c1LICA YOUWIN 18 PULGADAS 2 UNIDADES"},"content":{"rendered":"<p>Juego de plumillas por dos unidades para todo tipo de veh\u00edculo vienen grafitadas para una mayor durabilidad. Estructura \u00fanica que asegura un barrido \u00f3ptimo. Dise\u00f1o aerodin\u00e1mico. F\u00e1cil de instalar Material: Met\u00e1lico. Color: Negro. (Las fotos de las publicaciones son de uso exclusivo y propiedad CRUZ CAR TRADE S.A.S.) Ten presente que las im\u00e1genes del producto publicado son fotos de referencia y no corresponden necesariamente a la posici\u00f3n real.<\/p>","protected":false},"excerpt":{"rendered":"<p>Juego de plumillas por dos unidades para todo tipo de veh\u00edculo vienen grafitadas para una mayor durabilidad. Estructura \u00fanica que asegura un barrido \u00f3ptimo. Dise\u00f1o aerodin\u00e1mico. F\u00e1cil de instalar Material: Met\u00e1lico. Color: Negro. (Las fotos de las publicaciones son de uso exclusivo y propiedad CRUZ CAR TRADE S.A.S.) Ten presente que las im\u00e1genes del producto publicado son fotos de referencia y no corresponden necesariamente a la posici\u00f3n real.<\/p>","protected":false},"featured_media":9813,"comment_status":"open","ping_status":"closed","template":"","meta":[],"product_brand":[179],"product_cat":[142],"product_tag":[],"class_list":{"0":"post-9693","1":"product","2":"type-product","3":"status-publish","4":"has-post-thumbnail","6":"product_brand-youwin","7":"product_cat-plumillas-siliconadas-y-metalicas","9":"first","10":"instock","11":"sale","12":"shipping-taxable","13":"purchasable","14":"product-type-simple"},"aioseo_notices":[],"_links":{"self":[{"href":"https:\/\/cruzcartrade.com\/en\/wp-json\/wp\/v2\/product\/9693","targetHints":{"allow":["GET"]}}],"collection":[{"href":"https:\/\/cruzcartrade.com\/en\/wp-json\/wp\/v2\/product"}],"about":[{"href":"https:\/\/cruzcartrade.com\/en\/wp-json\/wp\/v2\/types\/product"}],"replies":[{"embeddable":true,"href":"https:\/\/cruzcartrade.com\/en\/wp-json\/wp\/v2\/comments?post=9693"}],"wp:featuredmedia":[{"embeddable":true,"href":"https:\/\/cruzcartrade.com\/en\/wp-json\/wp\/v2\/media\/9813"}],"wp:attachment":[{"href":"https:\/\/cruzcartrade.com\/en\/wp-json\/wp\/v2\/media?parent=9693"}],"wp:term":[{"taxonomy":"product_brand","embeddable":true,"href":"https:\/\/cruzcartrade.com\/en\/wp-json\/wp\/v2\/product_brand?post=9693"},{"taxonomy":"product_cat","embeddable":true,"href":"https:\/\/cruzcartrade.com\/en\/wp-json\/wp\/v2\/product_cat?post=9693"},{"taxonomy":"product_tag","embeddable":true,"href":"https:\/\/cruzcartrade.com\/en\/wp-json\/wp\/v2\/product_tag?post=9693"}],"curies":[{"name":"wp","href":"https:\/\/api.w.org\/{rel}","templated":true}]}}