{"id":9661,"date":"2025-08-28T13:33:40","date_gmt":"2025-08-28T18:33:40","guid":{"rendered":"https:\/\/cruzcartrade.com\/?post_type=product&#038;p=9661"},"modified":"2025-09-13T12:25:35","modified_gmt":"2025-09-13T17:25:35","slug":"switch-elevavidrios-international-workstar-completo-izq","status":"publish","type":"product","link":"https:\/\/cruzcartrade.com\/en\/product\/switch-elevavidrios-international-workstar-completo-izq\/","title":{"rendered":"SWITCH ELEVAVIDRIOS INTERNATIONAL WORKSTAR COMPLETO IZQ"},"content":{"rendered":"<p>Controla todas las posiciones de ventanas y seguros de las puertas. Funci\u00f3n de seguro autom\u00e1tico. Bot\u00f3n para poner y sacar el seguro.\u00a0 (Las fotos de las publicaciones son de uso exclusivo y propiedad CRUZ CAR TRADE S.A.S.) Ten presente que las im\u00e1genes del producto publicado son fotos de referencia y no corresponden necesariamente a la posici\u00f3n real.<\/p>","protected":false},"excerpt":{"rendered":"<p>Controla todas las posiciones de ventanas y seguros de las puertas. Funci\u00f3n de seguro autom\u00e1tico. Bot\u00f3n para poner y sacar el seguro.\u00a0 (Las fotos de las publicaciones son de uso exclusivo y propiedad CRUZ CAR TRADE S.A.S.) Ten presente que las im\u00e1genes del producto publicado son fotos de referencia y no corresponden necesariamente a la posici\u00f3n real.<\/p>","protected":false},"featured_media":9662,"comment_status":"open","ping_status":"closed","template":"","meta":[],"product_brand":[62],"product_cat":[119],"product_tag":[],"class_list":{"0":"post-9661","1":"product","2":"type-product","3":"status-publish","4":"has-post-thumbnail","6":"product_brand-international","7":"product_cat-switch-elevavidrios-carga-y-transporte","9":"first","10":"instock","11":"sale","12":"shipping-taxable","13":"purchasable","14":"product-type-simple"},"aioseo_notices":[],"_links":{"self":[{"href":"https:\/\/cruzcartrade.com\/en\/wp-json\/wp\/v2\/product\/9661","targetHints":{"allow":["GET"]}}],"collection":[{"href":"https:\/\/cruzcartrade.com\/en\/wp-json\/wp\/v2\/product"}],"about":[{"href":"https:\/\/cruzcartrade.com\/en\/wp-json\/wp\/v2\/types\/product"}],"replies":[{"embeddable":true,"href":"https:\/\/cruzcartrade.com\/en\/wp-json\/wp\/v2\/comments?post=9661"}],"wp:featuredmedia":[{"embeddable":true,"href":"https:\/\/cruzcartrade.com\/en\/wp-json\/wp\/v2\/media\/9662"}],"wp:attachment":[{"href":"https:\/\/cruzcartrade.com\/en\/wp-json\/wp\/v2\/media?parent=9661"}],"wp:term":[{"taxonomy":"product_brand","embeddable":true,"href":"https:\/\/cruzcartrade.com\/en\/wp-json\/wp\/v2\/product_brand?post=9661"},{"taxonomy":"product_cat","embeddable":true,"href":"https:\/\/cruzcartrade.com\/en\/wp-json\/wp\/v2\/product_cat?post=9661"},{"taxonomy":"product_tag","embeddable":true,"href":"https:\/\/cruzcartrade.com\/en\/wp-json\/wp\/v2\/product_tag?post=9661"}],"curies":[{"name":"wp","href":"https:\/\/api.w.org\/{rel}","templated":true}]}}