{"id":335,"date":"2025-04-03T17:41:10","date_gmt":"2025-04-03T17:41:10","guid":{"rendered":"http:\/\/cruzcartrade.com\/product\/allure-black-watch\/"},"modified":"2025-09-11T19:22:31","modified_gmt":"2025-09-12T00:22:31","slug":"alarma-marca-jdg-para-vehiculos-tipo-navaja-con-2-controles","status":"publish","type":"product","link":"https:\/\/cruzcartrade.com\/en\/product\/alarma-marca-jdg-para-vehiculos-tipo-navaja-con-2-controles\/","title":{"rendered":"JDG ALARM FOR KNIFE TYPE VEHICLE WITH 2 CONTROLS"},"content":{"rendered":"<p>Alarma marca jdg para veh\u00edculos tipo navaja con 2 controles Anti-clonaci\u00f3n. &#8211; Armado Autom\u00e1tico. &#8211; Sirena con 6 Tonos consecutivos. &#8211; Opci\u00f3n de ba\u00fal el\u00e9ctrico. Con Accesorios, sensores y cableado de instalaci\u00f3n. (Las fotos de las publicaciones son de uso exclusivo y propiedad CRUZ CAR TRADE S.A.S.) Ten presente que las im\u00e1genes del producto publicado son fotos de referencia y no corresponden necesariamente a la posici\u00f3n real.<\/p>","protected":false},"excerpt":{"rendered":"<p>Alarma marca jdg para veh\u00edculos tipo navaja con 2 controles Anti-clonaci\u00f3n. &#8211; Armado Autom\u00e1tico. &#8211; Sirena con 6 Tonos consecutivos. &#8211; Opci\u00f3n de ba\u00fal el\u00e9ctrico. Con Accesorios, sensores y cableado de instalaci\u00f3n. (Las fotos de las publicaciones son de uso exclusivo y propiedad CRUZ CAR TRADE S.A.S.) Ten presente que las im\u00e1genes del producto publicado son fotos de referencia y no corresponden necesariamente a la posici\u00f3n real.<\/p>","protected":false},"featured_media":9645,"comment_status":"open","ping_status":"closed","template":"","meta":[],"product_brand":[180],"product_cat":[114],"product_tag":[],"class_list":{"0":"post-335","1":"product","2":"type-product","3":"status-publish","4":"has-post-thumbnail","6":"product_brand-jdg","7":"product_cat-alarmas-para-vehiculos","9":"first","10":"instock","11":"sale","12":"sold-individually","13":"shipping-taxable","14":"purchasable","15":"product-type-simple"},"aioseo_notices":[],"_links":{"self":[{"href":"https:\/\/cruzcartrade.com\/en\/wp-json\/wp\/v2\/product\/335","targetHints":{"allow":["GET"]}}],"collection":[{"href":"https:\/\/cruzcartrade.com\/en\/wp-json\/wp\/v2\/product"}],"about":[{"href":"https:\/\/cruzcartrade.com\/en\/wp-json\/wp\/v2\/types\/product"}],"replies":[{"embeddable":true,"href":"https:\/\/cruzcartrade.com\/en\/wp-json\/wp\/v2\/comments?post=335"}],"wp:featuredmedia":[{"embeddable":true,"href":"https:\/\/cruzcartrade.com\/en\/wp-json\/wp\/v2\/media\/9645"}],"wp:attachment":[{"href":"https:\/\/cruzcartrade.com\/en\/wp-json\/wp\/v2\/media?parent=335"}],"wp:term":[{"taxonomy":"product_brand","embeddable":true,"href":"https:\/\/cruzcartrade.com\/en\/wp-json\/wp\/v2\/product_brand?post=335"},{"taxonomy":"product_cat","embeddable":true,"href":"https:\/\/cruzcartrade.com\/en\/wp-json\/wp\/v2\/product_cat?post=335"},{"taxonomy":"product_tag","embeddable":true,"href":"https:\/\/cruzcartrade.com\/en\/wp-json\/wp\/v2\/product_tag?post=335"}],"curies":[{"name":"wp","href":"https:\/\/api.w.org\/{rel}","templated":true}]}}