{"id":13835,"date":"2026-04-24T13:08:35","date_gmt":"2026-04-24T18:08:35","guid":{"rendered":"https:\/\/cruzcartrade.com\/?post_type=product&#038;p=13835"},"modified":"2026-04-24T13:14:28","modified_gmt":"2026-04-24T18:14:28","slug":"cinta-3m-aislante-electrica-de-10-metros-negra","status":"publish","type":"product","link":"https:\/\/cruzcartrade.com\/en\/product\/cinta-3m-aislante-electrica-de-10-metros-negra\/","title":{"rendered":"Cinta 3M Aislante Electrica De 10 Metros Negra"},"content":{"rendered":"<div class=\"ui-pdp-container__col col-3 ui-pdp-container--column-center pb-40\">\n<div class=\"ui-pdp--sticky-wrapper ui-pdp--sticky-wrapper-center\">\n<div class=\"ui-pdp-container__row\">\n<div class=\"ui-pdp-container__col col-1 pl-24 pr-24\">\n<div class=\"ui-pdp-collapsable mt-24 ui-pdp-description-collapse\">\n<div class=\"ui-pdp-collapsable__container\">\n<div id=\"description\" class=\"ui-pdp-description\">\n<p class=\"ui-pdp-description__content\" data-testid=\"content\">La Cinta Aislante Negra El\u00e9ctrica de 3M es la soluci\u00f3n ideal para todas tus reparaciones el\u00e9ctricas. Con un rollo de 10 metros, esta cinta est\u00e1 dise\u00f1ada especialmente para ofrecer una alta adherencia, garantizando que tus conexiones el\u00e9ctricas permanezcan seguras y protegidas. Su espesor de 1 mm proporciona una excelente resistencia y durabilidad, lo que la convierte en una opci\u00f3n confiable para trabajos tanto profesionales como dom\u00e9sticos. Esta cinta aislante es perfecta para diversas superficies recomendadas, asegurando un rendimiento \u00f3ptimo en cada aplicaci\u00f3n. Adem\u00e1s, al ser un producto nuevo de la reconocida marca 3M, puedes confiar en su calidad y eficacia. No comprometas la seguridad de tus proyectos el\u00e9ctricos; elige la Cinta Aislante Negra de 3M y disfruta de la tranquilidad que ofrece un trabajo bien hecho.<\/p>\n<\/div>\n<\/div>\n<\/div>\n<\/div>\n<\/div>\n<div class=\"ui-pdp-container__row\">\n<div class=\"ui-pdp-container__col col-1\"><\/div>\n<\/div>\n<div class=\"ui-pdp-container__row ui-pdp-recommendations-row\">\n<div class=\"ui-pdp-container__col col-1\">\n<div class=\"ui-pdp-spot-middle\"><\/div>\n<\/div>\n<\/div>\n<\/div>\n<\/div>\n<div class=\"ui-pdp-container__col col-1 ui-pdp-container--column-right mt-24 mr-8 pr-16\">\n<div class=\"ui-pdp--sticky-wrapper ui-pdp--sticky-wrapper-right\">\n<div class=\"ui-pdp-container__row\">\n<div>\n<div>\n<div class=\"ui-pdp-media ui-pdp-shipping ui-pdp-shipping--md ui-pdp-shipping--content-action mb-12 ui-pdp-color--BLACK ui-pdp-shipping--remaining ui-pdp-shipping--first-buy\">\n<div class=\"ui-pdp-media__body\"><\/div>\n<\/div>\n<\/div>\n<\/div>\n<\/div>\n<\/div>\n<\/div>","protected":false},"excerpt":{"rendered":"<div class=\"ui-pdp-container__col col-3 ui-pdp-container--column-center pb-40\">\n<div class=\"ui-pdp--sticky-wrapper ui-pdp--sticky-wrapper-center\">\n<div class=\"ui-pdp-container__row\">\n<div class=\"ui-pdp-container__col col-1 pl-24 pr-24\">\n<div class=\"ui-pdp-collapsable mt-24 ui-pdp-description-collapse\">\n<div class=\"ui-pdp-collapsable__container\">\n<div id=\"description\" class=\"ui-pdp-description\">\n<p class=\"ui-pdp-description__content\" data-testid=\"content\">La Cinta Aislante Negra El\u00e9ctrica de 3M es la soluci\u00f3n ideal para todas tus reparaciones el\u00e9ctricas. Con un rollo de 10 metros, esta cinta est\u00e1 dise\u00f1ada especialmente para ofrecer una alta adherencia, garantizando que tus conexiones el\u00e9ctricas permanezcan seguras y protegidas. Su espesor de 1 mm proporciona una excelente resistencia y durabilidad, lo que la convierte en una opci\u00f3n confiable para trabajos tanto profesionales como dom\u00e9sticos. Esta cinta aislante es perfecta para diversas superficies recomendadas, asegurando un rendimiento \u00f3ptimo en cada aplicaci\u00f3n. Adem\u00e1s, al ser un producto nuevo de la reconocida marca 3M, puedes confiar en su calidad y eficacia. No comprometas la seguridad de tus proyectos el\u00e9ctricos; elige la Cinta Aislante Negra de 3M y disfruta de la tranquilidad que ofrece un trabajo bien hecho.<\/p>\n<\/div>\n<\/div>\n<\/div>\n<\/div>\n<\/div>\n<div class=\"ui-pdp-container__row\">\n<div class=\"ui-pdp-container__col col-1\"><\/div>\n<\/div>\n<div class=\"ui-pdp-container__row ui-pdp-recommendations-row\">\n<div class=\"ui-pdp-container__col col-1\">\n<div class=\"ui-pdp-spot-middle\"><\/div>\n<\/div>\n<\/div>\n<\/div>\n<\/div>\n<div class=\"ui-pdp-container__col col-1 ui-pdp-container--column-right mt-24 mr-8 pr-16\">\n<div class=\"ui-pdp--sticky-wrapper ui-pdp--sticky-wrapper-right\">\n<div class=\"ui-pdp-container__row\">\n<div>\n<div>\n<div class=\"ui-pdp-media ui-pdp-shipping ui-pdp-shipping--md ui-pdp-shipping--content-action mb-12 ui-pdp-color--BLACK ui-pdp-shipping--remaining ui-pdp-shipping--first-buy\">\n<div class=\"ui-pdp-media__body\"><\/div>\n<\/div>\n<\/div>\n<\/div>\n<\/div>\n<\/div>\n<\/div>","protected":false},"featured_media":13860,"comment_status":"open","ping_status":"closed","template":"","meta":[],"product_brand":[213],"product_cat":[157,46],"product_tag":[],"class_list":{"0":"post-13835","1":"product","2":"type-product","3":"status-publish","4":"has-post-thumbnail","6":"product_brand-universal","7":"product_cat-cintas","8":"product_cat-ferreteria-automotriz","10":"first","11":"instock","12":"shipping-taxable","13":"purchasable","14":"product-type-simple"},"aioseo_notices":[],"_links":{"self":[{"href":"https:\/\/cruzcartrade.com\/en\/wp-json\/wp\/v2\/product\/13835","targetHints":{"allow":["GET"]}}],"collection":[{"href":"https:\/\/cruzcartrade.com\/en\/wp-json\/wp\/v2\/product"}],"about":[{"href":"https:\/\/cruzcartrade.com\/en\/wp-json\/wp\/v2\/types\/product"}],"replies":[{"embeddable":true,"href":"https:\/\/cruzcartrade.com\/en\/wp-json\/wp\/v2\/comments?post=13835"}],"wp:featuredmedia":[{"embeddable":true,"href":"https:\/\/cruzcartrade.com\/en\/wp-json\/wp\/v2\/media\/13860"}],"wp:attachment":[{"href":"https:\/\/cruzcartrade.com\/en\/wp-json\/wp\/v2\/media?parent=13835"}],"wp:term":[{"taxonomy":"product_brand","embeddable":true,"href":"https:\/\/cruzcartrade.com\/en\/wp-json\/wp\/v2\/product_brand?post=13835"},{"taxonomy":"product_cat","embeddable":true,"href":"https:\/\/cruzcartrade.com\/en\/wp-json\/wp\/v2\/product_cat?post=13835"},{"taxonomy":"product_tag","embeddable":true,"href":"https:\/\/cruzcartrade.com\/en\/wp-json\/wp\/v2\/product_tag?post=13835"}],"curies":[{"name":"wp","href":"https:\/\/api.w.org\/{rel}","templated":true}]}}