{"id":13833,"date":"2026-04-24T13:05:40","date_gmt":"2026-04-24T18:05:40","guid":{"rendered":"https:\/\/cruzcartrade.com\/?post_type=product&#038;p=13833"},"modified":"2026-04-24T13:05:40","modified_gmt":"2026-04-24T18:05:40","slug":"pegante-pl285-profesional-120-gramos-afix","status":"publish","type":"product","link":"https:\/\/cruzcartrade.com\/en\/product\/pegante-pl285-profesional-120-gramos-afix\/","title":{"rendered":"Pegante Pl285 Profesional 120 Gramos Afix"},"content":{"rendered":"<p>PEGANTE PL285 PROFESIONAL 120 GRAMOS AFIX, Pegante Adhesivo que funciona sobre m\u00faltiples superficies y materiales como: Alfombras, Pl\u00e1stico, Metal, Madera, Cemento, Porcelana, PVC, Tela, Materiales derivados del PET. Somos CRUZ CAR TRADE S.A.S. Comercializadora de autopartes y repuestos para veh\u00edculos livianos y pesados. Ubicaci\u00f3n: Fontib\u00f3n Bogot\u00e1, Horario de atenci\u00f3n de lunes a s\u00e1bado de 8:00am a 5:00pm. (Las fotos de las publicaciones son de uso exclusivo y propiedad CRUZ CAR TRADE S.A.S.) Ten presente que las im\u00e1genes del producto publicado son fotos de referencia y no corresponden necesariamente a la posici\u00f3n real.<\/p>","protected":false},"excerpt":{"rendered":"<p>PEGANTE PL285 PROFESIONAL 120 GRAMOS AFIX, Pegante Adhesivo que funciona sobre m\u00faltiples superficies y materiales como: Alfombras, Pl\u00e1stico, Metal, Madera, Cemento, Porcelana, PVC, Tela, Materiales derivados del PET. Somos CRUZ CAR TRADE S.A.S. Comercializadora de autopartes y repuestos para veh\u00edculos livianos y pesados. Ubicaci\u00f3n: Fontib\u00f3n Bogot\u00e1, Horario de atenci\u00f3n de lunes a s\u00e1bado de 8:00am a 5:00pm. (Las fotos de las publicaciones son de uso exclusivo y propiedad CRUZ CAR TRADE S.A.S.) Ten presente que las im\u00e1genes del producto publicado son fotos de referencia y no corresponden necesariamente a la posici\u00f3n real.<\/p>","protected":false},"featured_media":13793,"comment_status":"open","ping_status":"closed","template":"","meta":[],"product_brand":[213],"product_cat":[159,46],"product_tag":[],"class_list":{"0":"post-13833","1":"product","2":"type-product","3":"status-publish","4":"has-post-thumbnail","6":"product_brand-universal","7":"product_cat-adhesivos","8":"product_cat-ferreteria-automotriz","10":"first","11":"instock","12":"shipping-taxable","13":"purchasable","14":"product-type-simple"},"aioseo_notices":[],"_links":{"self":[{"href":"https:\/\/cruzcartrade.com\/en\/wp-json\/wp\/v2\/product\/13833","targetHints":{"allow":["GET"]}}],"collection":[{"href":"https:\/\/cruzcartrade.com\/en\/wp-json\/wp\/v2\/product"}],"about":[{"href":"https:\/\/cruzcartrade.com\/en\/wp-json\/wp\/v2\/types\/product"}],"replies":[{"embeddable":true,"href":"https:\/\/cruzcartrade.com\/en\/wp-json\/wp\/v2\/comments?post=13833"}],"wp:featuredmedia":[{"embeddable":true,"href":"https:\/\/cruzcartrade.com\/en\/wp-json\/wp\/v2\/media\/13793"}],"wp:attachment":[{"href":"https:\/\/cruzcartrade.com\/en\/wp-json\/wp\/v2\/media?parent=13833"}],"wp:term":[{"taxonomy":"product_brand","embeddable":true,"href":"https:\/\/cruzcartrade.com\/en\/wp-json\/wp\/v2\/product_brand?post=13833"},{"taxonomy":"product_cat","embeddable":true,"href":"https:\/\/cruzcartrade.com\/en\/wp-json\/wp\/v2\/product_cat?post=13833"},{"taxonomy":"product_tag","embeddable":true,"href":"https:\/\/cruzcartrade.com\/en\/wp-json\/wp\/v2\/product_tag?post=13833"}],"curies":[{"name":"wp","href":"https:\/\/api.w.org\/{rel}","templated":true}]}}