{"id":13625,"date":"2026-04-23T11:32:10","date_gmt":"2026-04-23T16:32:10","guid":{"rendered":"https:\/\/cruzcartrade.com\/?post_type=product&#038;p=13625"},"modified":"2026-04-23T11:32:42","modified_gmt":"2026-04-23T16:32:42","slug":"guaya-para-apertura-de-capo-vehiculo-2-20-metros-universal","status":"publish","type":"product","link":"https:\/\/cruzcartrade.com\/en\/product\/guaya-para-apertura-de-capo-vehiculo-2-20-metros-universal\/","title":{"rendered":"Guaya Para Apertura De Cap\u00f3 Veh\u00edculo 2.20 Metros Universal"},"content":{"rendered":"<p>Guaya Para Apertura de Cap\u00f3 veh\u00edculo 2.20 mts Universal Color Negra, Nacional. Marca ASAM. Somos CRUZ CAR TRADE S.A.S. Comercializadora de autopartes y repuestos para veh\u00edculos livianos y pesados. Ubicaci\u00f3n: Fontib\u00f3n Bogot\u00e1, Horario de atenci\u00f3n de lunes a s\u00e1bado de 8:00am a 5:00pm. (Las fotos de las publicaciones son de uso exclusivo y propiedad CRUZ CAR TRADE S.A.S.)<\/p>","protected":false},"excerpt":{"rendered":"<p>Guaya Para Apertura de Cap\u00f3 veh\u00edculo 2.20 mts Universal Color Negra, Nacional. Marca ASAM. Somos CRUZ CAR TRADE S.A.S. Comercializadora de autopartes y repuestos para veh\u00edculos livianos y pesados. Ubicaci\u00f3n: Fontib\u00f3n Bogot\u00e1, Horario de atenci\u00f3n de lunes a s\u00e1bado de 8:00am a 5:00pm. (Las fotos de las publicaciones son de uso exclusivo y propiedad CRUZ CAR TRADE S.A.S.)<\/p>","protected":false},"featured_media":13617,"comment_status":"open","ping_status":"closed","template":"","meta":[],"product_brand":[213],"product_cat":[101,16],"product_tag":[],"class_list":{"0":"post-13625","1":"product","2":"type-product","3":"status-publish","4":"has-post-thumbnail","6":"product_brand-universal","7":"product_cat-chapas-de-capo","8":"product_cat-vehiculos-livianos","10":"first","11":"instock","12":"shipping-taxable","13":"purchasable","14":"product-type-simple"},"aioseo_notices":[],"_links":{"self":[{"href":"https:\/\/cruzcartrade.com\/en\/wp-json\/wp\/v2\/product\/13625","targetHints":{"allow":["GET"]}}],"collection":[{"href":"https:\/\/cruzcartrade.com\/en\/wp-json\/wp\/v2\/product"}],"about":[{"href":"https:\/\/cruzcartrade.com\/en\/wp-json\/wp\/v2\/types\/product"}],"replies":[{"embeddable":true,"href":"https:\/\/cruzcartrade.com\/en\/wp-json\/wp\/v2\/comments?post=13625"}],"wp:featuredmedia":[{"embeddable":true,"href":"https:\/\/cruzcartrade.com\/en\/wp-json\/wp\/v2\/media\/13617"}],"wp:attachment":[{"href":"https:\/\/cruzcartrade.com\/en\/wp-json\/wp\/v2\/media?parent=13625"}],"wp:term":[{"taxonomy":"product_brand","embeddable":true,"href":"https:\/\/cruzcartrade.com\/en\/wp-json\/wp\/v2\/product_brand?post=13625"},{"taxonomy":"product_cat","embeddable":true,"href":"https:\/\/cruzcartrade.com\/en\/wp-json\/wp\/v2\/product_cat?post=13625"},{"taxonomy":"product_tag","embeddable":true,"href":"https:\/\/cruzcartrade.com\/en\/wp-json\/wp\/v2\/product_tag?post=13625"}],"curies":[{"name":"wp","href":"https:\/\/api.w.org\/{rel}","templated":true}]}}