{"id":13591,"date":"2026-04-22T20:02:28","date_gmt":"2026-04-23T01:02:28","guid":{"rendered":"https:\/\/cruzcartrade.com\/?post_type=product&#038;p=13591"},"modified":"2026-04-22T20:04:43","modified_gmt":"2026-04-23T01:04:43","slug":"control-de-alarma-para-vehiculo-ultra-ut4-100-5-100-variable","status":"publish","type":"product","link":"https:\/\/cruzcartrade.com\/en\/product\/control-de-alarma-para-vehiculo-ultra-ut4-100-5-100-variable\/","title":{"rendered":"Control De Alarma Para Vehicul\u00f3 Ultra Ut4.100 5.100 Variable"},"content":{"rendered":"<p>Control De Alarma Para Vehicul\u00f3 Ultra Ut4.100 Ut5.100 C\u00f3digo Variable CR.U42 &#8211; Controles Anti-clonaci\u00f3n. &#8211; Garantizado. Somos CRUZ CAR TRADE S.A.S. Comercializadora de autopartes y repuestos para veh\u00edculos livianos y pesados, Horario de atenci\u00f3n de lunes a s\u00e1bado de 8:00am a 5:00pm. (Las fotos de las publicaciones son de uso exclusivo y propiedad CRUZ CAR TRADE S.A.S.) Fontib\u00f3n, Bogot\u00e1 D.c.<\/p>","protected":false},"excerpt":{"rendered":"<p>Control De Alarma Para Vehicul\u00f3 Ultra Ut4.100 Ut5.100 C\u00f3digo Variable CR.U42 &#8211; Controles Anti-clonaci\u00f3n. &#8211; Garantizado. Somos CRUZ CAR TRADE S.A.S. Comercializadora de autopartes y repuestos para veh\u00edculos livianos y pesados, Horario de atenci\u00f3n de lunes a s\u00e1bado de 8:00am a 5:00pm. (Las fotos de las publicaciones son de uso exclusivo y propiedad CRUZ CAR TRADE S.A.S.) Fontib\u00f3n, Bogot\u00e1 D.c.<\/p>","protected":false},"featured_media":13587,"comment_status":"open","ping_status":"closed","template":"","meta":[],"product_brand":[213],"product_cat":[114,16],"product_tag":[],"class_list":{"0":"post-13591","1":"product","2":"type-product","3":"status-publish","4":"has-post-thumbnail","6":"product_brand-universal","7":"product_cat-alarmas-para-vehiculos","8":"product_cat-vehiculos-livianos","10":"first","11":"instock","12":"shipping-taxable","13":"purchasable","14":"product-type-simple"},"aioseo_notices":[],"_links":{"self":[{"href":"https:\/\/cruzcartrade.com\/en\/wp-json\/wp\/v2\/product\/13591","targetHints":{"allow":["GET"]}}],"collection":[{"href":"https:\/\/cruzcartrade.com\/en\/wp-json\/wp\/v2\/product"}],"about":[{"href":"https:\/\/cruzcartrade.com\/en\/wp-json\/wp\/v2\/types\/product"}],"replies":[{"embeddable":true,"href":"https:\/\/cruzcartrade.com\/en\/wp-json\/wp\/v2\/comments?post=13591"}],"wp:featuredmedia":[{"embeddable":true,"href":"https:\/\/cruzcartrade.com\/en\/wp-json\/wp\/v2\/media\/13587"}],"wp:attachment":[{"href":"https:\/\/cruzcartrade.com\/en\/wp-json\/wp\/v2\/media?parent=13591"}],"wp:term":[{"taxonomy":"product_brand","embeddable":true,"href":"https:\/\/cruzcartrade.com\/en\/wp-json\/wp\/v2\/product_brand?post=13591"},{"taxonomy":"product_cat","embeddable":true,"href":"https:\/\/cruzcartrade.com\/en\/wp-json\/wp\/v2\/product_cat?post=13591"},{"taxonomy":"product_tag","embeddable":true,"href":"https:\/\/cruzcartrade.com\/en\/wp-json\/wp\/v2\/product_tag?post=13591"}],"curies":[{"name":"wp","href":"https:\/\/api.w.org\/{rel}","templated":true}]}}