{"id":13526,"date":"2026-04-22T18:11:21","date_gmt":"2026-04-22T23:11:21","guid":{"rendered":"https:\/\/cruzcartrade.com\/?post_type=product&#038;p=13526"},"modified":"2026-04-22T18:13:08","modified_gmt":"2026-04-22T23:13:08","slug":"manija-baul-o-compuerta-renault-4-con-llave","status":"publish","type":"product","link":"https:\/\/cruzcartrade.com\/en\/product\/manija-baul-o-compuerta-renault-4-con-llave\/","title":{"rendered":"Manija Ba\u00fal O Compuerta Renault 4 Con Llave"},"content":{"rendered":"<p>Manija Ba\u00fal O Compuerta Renault 4 Con llaves. Material: Pl\u00e1stico Metal, Color: Blanco. Somos CRUZ CAR TRADE S.A.S. Comercializadora de autopartes y repuestos para veh\u00edculos livianos y pesados, Horario de atenci\u00f3n de lunes a s\u00e1bado de 8:00am a 5:00pm. (Las fotos de las publicaciones son de uso exclusivo y propiedad CRUZ CAR TRADE S.A.S.) Fontib\u00f3n, Bogot\u00e1 D.c.<\/p>","protected":false},"excerpt":{"rendered":"<p>Manija Ba\u00fal O Compuerta Renault 4 Con llaves. Material: Pl\u00e1stico Metal, Color: Blanco. Somos CRUZ CAR TRADE S.A.S. Comercializadora de autopartes y repuestos para veh\u00edculos livianos y pesados, Horario de atenci\u00f3n de lunes a s\u00e1bado de 8:00am a 5:00pm. (Las fotos de las publicaciones son de uso exclusivo y propiedad CRUZ CAR TRADE S.A.S.) Fontib\u00f3n, Bogot\u00e1 D.c.<\/p>","protected":false},"featured_media":13512,"comment_status":"open","ping_status":"closed","template":"","meta":[],"product_brand":[59],"product_cat":[88,16],"product_tag":[],"class_list":{"0":"post-13526","1":"product","2":"type-product","3":"status-publish","4":"has-post-thumbnail","6":"product_brand-renault","7":"product_cat-manijas-de-baul-o-compuerta","8":"product_cat-vehiculos-livianos","10":"first","11":"instock","12":"shipping-taxable","13":"purchasable","14":"product-type-simple"},"aioseo_notices":[],"_links":{"self":[{"href":"https:\/\/cruzcartrade.com\/en\/wp-json\/wp\/v2\/product\/13526","targetHints":{"allow":["GET"]}}],"collection":[{"href":"https:\/\/cruzcartrade.com\/en\/wp-json\/wp\/v2\/product"}],"about":[{"href":"https:\/\/cruzcartrade.com\/en\/wp-json\/wp\/v2\/types\/product"}],"replies":[{"embeddable":true,"href":"https:\/\/cruzcartrade.com\/en\/wp-json\/wp\/v2\/comments?post=13526"}],"wp:featuredmedia":[{"embeddable":true,"href":"https:\/\/cruzcartrade.com\/en\/wp-json\/wp\/v2\/media\/13512"}],"wp:attachment":[{"href":"https:\/\/cruzcartrade.com\/en\/wp-json\/wp\/v2\/media?parent=13526"}],"wp:term":[{"taxonomy":"product_brand","embeddable":true,"href":"https:\/\/cruzcartrade.com\/en\/wp-json\/wp\/v2\/product_brand?post=13526"},{"taxonomy":"product_cat","embeddable":true,"href":"https:\/\/cruzcartrade.com\/en\/wp-json\/wp\/v2\/product_cat?post=13526"},{"taxonomy":"product_tag","embeddable":true,"href":"https:\/\/cruzcartrade.com\/en\/wp-json\/wp\/v2\/product_tag?post=13526"}],"curies":[{"name":"wp","href":"https:\/\/api.w.org\/{rel}","templated":true}]}}