{"id":13501,"date":"2026-04-09T17:36:44","date_gmt":"2026-04-09T22:36:44","guid":{"rendered":"https:\/\/cruzcartrade.com\/?post_type=product&#038;p=13501"},"modified":"2026-04-09T17:38:09","modified_gmt":"2026-04-09T22:38:09","slug":"modulo-elevavidrios-jdg-4-puertas-12-volteos-vehiculo-con-cableado","status":"publish","type":"product","link":"https:\/\/cruzcartrade.com\/en\/product\/modulo-elevavidrios-jdg-4-puertas-12-volteos-vehiculo-con-cableado\/","title":{"rendered":"Modulo Elevavidrios Jdg 4 Puertas 12 volteos Veh\u00edculo Con Cableado"},"content":{"rendered":"<p><span data-sheets-root=\"1\">MODULO ELEVAVIDRIOS PARA 4 PUERTAS VEHICULOS 12 VOL CON CABLEADO MARCA JDG. Somos CRUZ CAR TRADE S.A.S. Comercializadora de autopartes y repuestos de veh\u00edculos livianos y pesados, Horario de atenci\u00f3n de lunes a s\u00e1bado de 8:00am a 5:00pm. (Las fotos de las publicaciones son de uso exclusivo y propiedad CRUZ CAR TRADE S.A.S.) Fontib\u00f3n Bogot\u00e1. Ten presente que las im\u00e1genes del producto publicado son fotos de referencia y no corresponden necesariamente a la posici\u00f3n real. <\/span><\/p>","protected":false},"excerpt":{"rendered":"<p><span data-sheets-root=\"1\">MODULO ELEVAVIDRIOS PARA 4 PUERTAS VEHICULOS 12 VOL CON CABLEADO MARCA JDG. Somos CRUZ CAR TRADE S.A.S. Comercializadora de autopartes y repuestos de veh\u00edculos livianos y pesados, Horario de atenci\u00f3n de lunes a s\u00e1bado de 8:00am a 5:00pm. (Las fotos de las publicaciones son de uso exclusivo y propiedad CRUZ CAR TRADE S.A.S.) Fontib\u00f3n Bogot\u00e1. Ten presente que las im\u00e1genes del producto publicado son fotos de referencia y no corresponden necesariamente a la posici\u00f3n real. <\/span><\/p>","protected":false},"featured_media":13489,"comment_status":"open","ping_status":"closed","template":"","meta":[],"product_brand":[180],"product_cat":[115,113,235,16],"product_tag":[],"class_list":{"0":"post-13501","1":"product","2":"type-product","3":"status-publish","4":"has-post-thumbnail","6":"product_brand-jdg","7":"product_cat-modulos-elevavidrios","8":"product_cat-sistema-de-bloqueo-central","9":"product_cat-tapa-tanque-combustible","10":"product_cat-vehiculos-livianos","12":"first","13":"instock","14":"shipping-taxable","15":"purchasable","16":"product-type-simple"},"aioseo_notices":[],"_links":{"self":[{"href":"https:\/\/cruzcartrade.com\/en\/wp-json\/wp\/v2\/product\/13501","targetHints":{"allow":["GET"]}}],"collection":[{"href":"https:\/\/cruzcartrade.com\/en\/wp-json\/wp\/v2\/product"}],"about":[{"href":"https:\/\/cruzcartrade.com\/en\/wp-json\/wp\/v2\/types\/product"}],"replies":[{"embeddable":true,"href":"https:\/\/cruzcartrade.com\/en\/wp-json\/wp\/v2\/comments?post=13501"}],"wp:featuredmedia":[{"embeddable":true,"href":"https:\/\/cruzcartrade.com\/en\/wp-json\/wp\/v2\/media\/13489"}],"wp:attachment":[{"href":"https:\/\/cruzcartrade.com\/en\/wp-json\/wp\/v2\/media?parent=13501"}],"wp:term":[{"taxonomy":"product_brand","embeddable":true,"href":"https:\/\/cruzcartrade.com\/en\/wp-json\/wp\/v2\/product_brand?post=13501"},{"taxonomy":"product_cat","embeddable":true,"href":"https:\/\/cruzcartrade.com\/en\/wp-json\/wp\/v2\/product_cat?post=13501"},{"taxonomy":"product_tag","embeddable":true,"href":"https:\/\/cruzcartrade.com\/en\/wp-json\/wp\/v2\/product_tag?post=13501"}],"curies":[{"name":"wp","href":"https:\/\/api.w.org\/{rel}","templated":true}]}}