{"id":13479,"date":"2026-04-09T17:13:17","date_gmt":"2026-04-09T22:13:17","guid":{"rendered":"https:\/\/cruzcartrade.com\/?post_type=product&#038;p=13479"},"modified":"2026-04-09T17:20:35","modified_gmt":"2026-04-09T22:20:35","slug":"alarma-jdg-universal-para-vehiculo-tipo-confort-2-controles","status":"publish","type":"product","link":"https:\/\/cruzcartrade.com\/en\/product\/alarma-jdg-universal-para-vehiculo-tipo-confort-2-controles\/","title":{"rendered":"Alarma Jdg Universal Para Veh\u00edculo Tipo Confort 2 Controles"},"content":{"rendered":"<p><span data-sheets-root=\"1\">ALARMA JDG UNIVERSAL PARA VEHICULO TIPO CONFORT 2 CONTROLES <\/span><\/p>\n<p><span data-sheets-root=\"1\">&#8211; Controles Anti-clonaci\u00f3n. <\/span><\/p>\n<p><span data-sheets-root=\"1\">&#8211; Armado Autom\u00e1tico.<\/span><\/p>\n<p><span data-sheets-root=\"1\"> &#8211; Sirena con 6 Tonos consecutivos<\/span><\/p>\n<p><span data-sheets-root=\"1\">. &#8211; Opci\u00f3n de ba\u00fal el\u00e9ctrico<\/span><\/p>\n<p><span data-sheets-root=\"1\">. Somos CRUZ CAR TRADE S.A.S. Comercializadora de autopartes y repuestos para veh\u00edculos livianos y pesados, Horario de atenci\u00f3n de lunes a s\u00e1bado de 8:00am a 5:00pm. (Las fotos de las publicaciones son de uso exclusivo y propiedad CRUZ CAR TRADE S.A.S.) Fontib\u00f3n, Bogot\u00e1 D.c.<\/span><\/p>","protected":false},"excerpt":{"rendered":"<p><span data-sheets-root=\"1\">ALARMA JDG UNIVERSAL PARA VEHICULO TIPO CONFORT 2 CONTROLES <\/span><\/p>\n<p><span data-sheets-root=\"1\">&#8211; Controles Anti-clonaci\u00f3n. <\/span><\/p>\n<p><span data-sheets-root=\"1\">&#8211; Armado Autom\u00e1tico.<\/span><\/p>\n<p><span data-sheets-root=\"1\"> &#8211; Sirena con 6 Tonos consecutivos<\/span><\/p>\n<p><span data-sheets-root=\"1\">. &#8211; Opci\u00f3n de ba\u00fal el\u00e9ctrico<\/span><\/p>\n<p><span data-sheets-root=\"1\">. Somos CRUZ CAR TRADE S.A.S. Comercializadora de autopartes y repuestos para veh\u00edculos livianos y pesados, Horario de atenci\u00f3n de lunes a s\u00e1bado de 8:00am a 5:00pm. (Las fotos de las publicaciones son de uso exclusivo y propiedad CRUZ CAR TRADE S.A.S.) Fontib\u00f3n, Bogot\u00e1 D.c.<\/span><\/p>","protected":false},"featured_media":13498,"comment_status":"open","ping_status":"closed","template":"","meta":[],"product_brand":[180],"product_cat":[114,235,16],"product_tag":[],"class_list":{"0":"post-13479","1":"product","2":"type-product","3":"status-publish","4":"has-post-thumbnail","6":"product_brand-jdg","7":"product_cat-alarmas-para-vehiculos","8":"product_cat-tapa-tanque-combustible","9":"product_cat-vehiculos-livianos","11":"first","12":"instock","13":"shipping-taxable","14":"purchasable","15":"product-type-simple"},"aioseo_notices":[],"_links":{"self":[{"href":"https:\/\/cruzcartrade.com\/en\/wp-json\/wp\/v2\/product\/13479","targetHints":{"allow":["GET"]}}],"collection":[{"href":"https:\/\/cruzcartrade.com\/en\/wp-json\/wp\/v2\/product"}],"about":[{"href":"https:\/\/cruzcartrade.com\/en\/wp-json\/wp\/v2\/types\/product"}],"replies":[{"embeddable":true,"href":"https:\/\/cruzcartrade.com\/en\/wp-json\/wp\/v2\/comments?post=13479"}],"wp:featuredmedia":[{"embeddable":true,"href":"https:\/\/cruzcartrade.com\/en\/wp-json\/wp\/v2\/media\/13498"}],"wp:attachment":[{"href":"https:\/\/cruzcartrade.com\/en\/wp-json\/wp\/v2\/media?parent=13479"}],"wp:term":[{"taxonomy":"product_brand","embeddable":true,"href":"https:\/\/cruzcartrade.com\/en\/wp-json\/wp\/v2\/product_brand?post=13479"},{"taxonomy":"product_cat","embeddable":true,"href":"https:\/\/cruzcartrade.com\/en\/wp-json\/wp\/v2\/product_cat?post=13479"},{"taxonomy":"product_tag","embeddable":true,"href":"https:\/\/cruzcartrade.com\/en\/wp-json\/wp\/v2\/product_tag?post=13479"}],"curies":[{"name":"wp","href":"https:\/\/api.w.org\/{rel}","templated":true}]}}