{"id":13444,"date":"2026-04-09T14:06:38","date_gmt":"2026-04-09T19:06:38","guid":{"rendered":"https:\/\/cruzcartrade.com\/?post_type=product&#038;p=13444"},"modified":"2026-04-09T14:51:47","modified_gmt":"2026-04-09T19:51:47","slug":"aro-manija-puerta-externa-international-workstar-negro","status":"publish","type":"product","link":"https:\/\/cruzcartrade.com\/en\/product\/aro-manija-puerta-externa-international-workstar-negro\/","title":{"rendered":"Aro Manija Puerta Externa International, Workstar Negro"},"content":{"rendered":"<p><span data-sheets-root=\"1\">Aro Manija Puerta Externa International Manija Exterior International Navistar 7300 7400 7500 7600 4200 8600 8500 4100 4300 4400 Prostar CXT MXT RXT, Workstar. Material: Pl\u00e1stico Resistente, Color: Negro y Cromado. Somos CRUZ CAR TRADE S.A.S. Comercializadora de autopartes y repuestos para veh\u00edculos livianos y pesados, Horario de atenci\u00f3n de lunes a s\u00e1bado de 8:00am a 5:00pm. (Las fotos de las publicaciones son de uso exclusivo y propiedad CRUZ CAR TRADE S.A.S.) Fontib\u00f3n, Bogot\u00e1 D.c.<\/span><\/p>","protected":false},"excerpt":{"rendered":"<p><span data-sheets-root=\"1\">Aro Manija Puerta Externa International Manija Exterior International Navistar 7300 7400 7500 7600 4200 8600 8500 4100 4300 4400 Prostar CXT MXT RXT, Workstar. Material: Pl\u00e1stico Resistente, Color: Negro y Cromado. Somos CRUZ CAR TRADE S.A.S. Comercializadora de autopartes y repuestos para veh\u00edculos livianos y pesados, Horario de atenci\u00f3n de lunes a s\u00e1bado de 8:00am a 5:00pm. (Las fotos de las publicaciones son de uso exclusivo y propiedad CRUZ CAR TRADE S.A.S.) Fontib\u00f3n, Bogot\u00e1 D.c.<\/span><\/p>","protected":false},"featured_media":13436,"comment_status":"open","ping_status":"closed","template":"","meta":[],"product_brand":[62],"product_cat":[140,17,233],"product_tag":[],"class_list":{"0":"post-13444","1":"product","2":"type-product","3":"status-publish","4":"has-post-thumbnail","6":"product_brand-international","7":"product_cat-aros-de-manijas-carga-y-transporte","8":"product_cat-carga-y-transporte","9":"product_cat-gancho-capo","11":"first","12":"instock","13":"shipping-taxable","14":"purchasable","15":"product-type-simple"},"aioseo_notices":[],"_links":{"self":[{"href":"https:\/\/cruzcartrade.com\/en\/wp-json\/wp\/v2\/product\/13444","targetHints":{"allow":["GET"]}}],"collection":[{"href":"https:\/\/cruzcartrade.com\/en\/wp-json\/wp\/v2\/product"}],"about":[{"href":"https:\/\/cruzcartrade.com\/en\/wp-json\/wp\/v2\/types\/product"}],"replies":[{"embeddable":true,"href":"https:\/\/cruzcartrade.com\/en\/wp-json\/wp\/v2\/comments?post=13444"}],"wp:featuredmedia":[{"embeddable":true,"href":"https:\/\/cruzcartrade.com\/en\/wp-json\/wp\/v2\/media\/13436"}],"wp:attachment":[{"href":"https:\/\/cruzcartrade.com\/en\/wp-json\/wp\/v2\/media?parent=13444"}],"wp:term":[{"taxonomy":"product_brand","embeddable":true,"href":"https:\/\/cruzcartrade.com\/en\/wp-json\/wp\/v2\/product_brand?post=13444"},{"taxonomy":"product_cat","embeddable":true,"href":"https:\/\/cruzcartrade.com\/en\/wp-json\/wp\/v2\/product_cat?post=13444"},{"taxonomy":"product_tag","embeddable":true,"href":"https:\/\/cruzcartrade.com\/en\/wp-json\/wp\/v2\/product_tag?post=13444"}],"curies":[{"name":"wp","href":"https:\/\/api.w.org\/{rel}","templated":true}]}}