{"id":13430,"date":"2026-04-09T11:42:45","date_gmt":"2026-04-09T16:42:45","guid":{"rendered":"https:\/\/cruzcartrade.com\/?post_type=product&#038;p=13430"},"modified":"2026-04-09T14:09:48","modified_gmt":"2026-04-09T19:09:48","slug":"silicona-uretano-fijacion-vidrios-parabrisas-automovil-negra","status":"publish","type":"product","link":"https:\/\/cruzcartrade.com\/en\/product\/silicona-uretano-fijacion-vidrios-parabrisas-automovil-negra\/","title":{"rendered":"Silicona Uretano Fijaci\u00f3n Vidrios Parabrisas Autom\u00f3vil Negra"},"content":{"rendered":"<p>Silicona Uretano para fijaci\u00f3n de vidrios parabrisas de veh\u00edculos Color negra 310ml. Somos CRUZ CAR TRADE S.A.S. Comercializadora de autopartes y repuestos para veh\u00edculos livianos y pesados. Ubicaci\u00f3n: Fontib\u00f3n Bogot\u00e1, Horario de atenci\u00f3n de lunes a s\u00e1bado de 8:00am a 5:00pm. (Las fotos de las publicaciones son de uso exclusivo y propiedad CRUZ CAR TRADE S.A.S.) Ten presente que las im\u00e1genes del producto publicado son fotos de referencia y no corresponden necesariamente a la posici\u00f3n real.<\/p>","protected":false},"excerpt":{"rendered":"<p>Silicona Uretano para fijaci\u00f3n de vidrios parabrisas de veh\u00edculos Color negra 310ml. Somos CRUZ CAR TRADE S.A.S. Comercializadora de autopartes y repuestos para veh\u00edculos livianos y pesados. Ubicaci\u00f3n: Fontib\u00f3n Bogot\u00e1, Horario de atenci\u00f3n de lunes a s\u00e1bado de 8:00am a 5:00pm. (Las fotos de las publicaciones son de uso exclusivo y propiedad CRUZ CAR TRADE S.A.S.) Ten presente que las im\u00e1genes del producto publicado son fotos de referencia y no corresponden necesariamente a la posici\u00f3n real.<\/p>","protected":false},"featured_media":13441,"comment_status":"open","ping_status":"closed","template":"","meta":[],"product_brand":[80],"product_cat":[37,17,46,141,149,16],"product_tag":[],"class_list":{"0":"post-13430","1":"product","2":"type-product","3":"status-publish","4":"has-post-thumbnail","6":"product_brand-chevrolet","7":"product_cat-accesorios","8":"product_cat-carga-y-transporte","9":"product_cat-ferreteria-automotriz","10":"product_cat-silicona-uretano-para-vidrios","11":"product_cat-siliconas","12":"product_cat-vehiculos-livianos","14":"first","15":"instock","16":"shipping-taxable","17":"purchasable","18":"product-type-simple"},"aioseo_notices":[],"_links":{"self":[{"href":"https:\/\/cruzcartrade.com\/en\/wp-json\/wp\/v2\/product\/13430","targetHints":{"allow":["GET"]}}],"collection":[{"href":"https:\/\/cruzcartrade.com\/en\/wp-json\/wp\/v2\/product"}],"about":[{"href":"https:\/\/cruzcartrade.com\/en\/wp-json\/wp\/v2\/types\/product"}],"replies":[{"embeddable":true,"href":"https:\/\/cruzcartrade.com\/en\/wp-json\/wp\/v2\/comments?post=13430"}],"wp:featuredmedia":[{"embeddable":true,"href":"https:\/\/cruzcartrade.com\/en\/wp-json\/wp\/v2\/media\/13441"}],"wp:attachment":[{"href":"https:\/\/cruzcartrade.com\/en\/wp-json\/wp\/v2\/media?parent=13430"}],"wp:term":[{"taxonomy":"product_brand","embeddable":true,"href":"https:\/\/cruzcartrade.com\/en\/wp-json\/wp\/v2\/product_brand?post=13430"},{"taxonomy":"product_cat","embeddable":true,"href":"https:\/\/cruzcartrade.com\/en\/wp-json\/wp\/v2\/product_cat?post=13430"},{"taxonomy":"product_tag","embeddable":true,"href":"https:\/\/cruzcartrade.com\/en\/wp-json\/wp\/v2\/product_tag?post=13430"}],"curies":[{"name":"wp","href":"https:\/\/api.w.org\/{rel}","templated":true}]}}