{"id":13355,"date":"2026-04-04T19:42:06","date_gmt":"2026-04-05T00:42:06","guid":{"rendered":"https:\/\/cruzcartrade.com\/?post_type=product&#038;p=13355"},"modified":"2026-04-04T19:44:00","modified_gmt":"2026-04-05T00:44:00","slug":"conjunto-cremallera-manual-chevrolet-npr-pibote-cazuela-pinon","status":"publish","type":"product","link":"https:\/\/cruzcartrade.com\/en\/product\/conjunto-cremallera-manual-chevrolet-npr-pibote-cazuela-pinon\/","title":{"rendered":"Conjunto Cremallera Manual Chevrolet NPR (Pibote, Cazuela, Pi\u00f1on)"},"content":{"rendered":"<p><span data-sheets-root=\"1\">CONJUNTO CREMALLERA ELEVAVIDRIO MANUAL CHEVROLET NPR, NKR, NQR, NHR PIBOTE CORTO, PIBOTE+CAZUELA+PI\u00d1ON.<br \/>\nMaterial: Metal, Color: Zincado. Somos CRUZ CAR TRADE S.A.S. Comercializadora de autopartes y repuestos para veh\u00edculos livianos y pesados, Horario de atenci\u00f3n de lunes a s\u00e1bado de 8:00am a 5:00pm. (Las fotos de las publicaciones son de uso exclusivo y propiedad CRUZ CAR TRADE S.A.S.) Fontib\u00f3n, Bogot\u00e1 D.c. Ten presente que las im\u00e1genes del producto publicado son fotos de referencia y no corresponden necesariamente a la posici\u00f3n real.<br \/>\n<\/span><\/p>\n<p>&nbsp;<\/p>","protected":false},"excerpt":{"rendered":"<p><span data-sheets-root=\"1\">CONJUNTO CREMALLERA ELEVAVIDRIO MANUAL CHEVROLET NPR, NKR, NQR, NHR PIBOTE CORTO, PIBOTE+CAZUELA+PI\u00d1ON.<br \/>\nMaterial: Metal, Color: Zincado. Somos CRUZ CAR TRADE S.A.S. Comercializadora de autopartes y repuestos para veh\u00edculos livianos y pesados, Horario de atenci\u00f3n de lunes a s\u00e1bado de 8:00am a 5:00pm. (Las fotos de las publicaciones son de uso exclusivo y propiedad CRUZ CAR TRADE S.A.S.) Fontib\u00f3n, Bogot\u00e1 D.c. Ten presente que las im\u00e1genes del producto publicado son fotos de referencia y no corresponden necesariamente a la posici\u00f3n real.<br \/>\n<\/span><\/p>\n<p>&nbsp;<\/p>","protected":false},"featured_media":13349,"comment_status":"open","ping_status":"closed","template":"","meta":[],"product_brand":[80],"product_cat":[17,131],"product_tag":[],"class_list":{"0":"post-13355","1":"product","2":"type-product","3":"status-publish","4":"has-post-thumbnail","6":"product_brand-chevrolet","7":"product_cat-carga-y-transporte","8":"product_cat-conjuntos-de-elevavidrios-pivote-cazuela-pinon","10":"first","11":"instock","12":"shipping-taxable","13":"purchasable","14":"product-type-simple"},"aioseo_notices":[],"_links":{"self":[{"href":"https:\/\/cruzcartrade.com\/en\/wp-json\/wp\/v2\/product\/13355","targetHints":{"allow":["GET"]}}],"collection":[{"href":"https:\/\/cruzcartrade.com\/en\/wp-json\/wp\/v2\/product"}],"about":[{"href":"https:\/\/cruzcartrade.com\/en\/wp-json\/wp\/v2\/types\/product"}],"replies":[{"embeddable":true,"href":"https:\/\/cruzcartrade.com\/en\/wp-json\/wp\/v2\/comments?post=13355"}],"wp:featuredmedia":[{"embeddable":true,"href":"https:\/\/cruzcartrade.com\/en\/wp-json\/wp\/v2\/media\/13349"}],"wp:attachment":[{"href":"https:\/\/cruzcartrade.com\/en\/wp-json\/wp\/v2\/media?parent=13355"}],"wp:term":[{"taxonomy":"product_brand","embeddable":true,"href":"https:\/\/cruzcartrade.com\/en\/wp-json\/wp\/v2\/product_brand?post=13355"},{"taxonomy":"product_cat","embeddable":true,"href":"https:\/\/cruzcartrade.com\/en\/wp-json\/wp\/v2\/product_cat?post=13355"},{"taxonomy":"product_tag","embeddable":true,"href":"https:\/\/cruzcartrade.com\/en\/wp-json\/wp\/v2\/product_tag?post=13355"}],"curies":[{"name":"wp","href":"https:\/\/api.w.org\/{rel}","templated":true}]}}